{"id":969,"date":"2018-11-01T11:13:00","date_gmt":"2018-11-01T14:13:00","guid":{"rendered":"https:\/\/zaccagnini.ar\/?page_id=969"},"modified":"2020-02-17T13:53:25","modified_gmt":"2020-02-17T16:53:25","slug":"luder-presidente","status":"publish","type":"page","link":"https:\/\/zaccagnini.ar\/index.php\/militante-politico\/luder-presidente\/","title":{"rendered":"Luder Presidente"},"content":{"rendered":"\n<div class=\"wp-block-image\"><figure class=\"aligncenter size-large\"><img loading=\"lazy\" decoding=\"async\" width=\"850\" height=\"663\" src=\"https:\/\/zaccagnini.ar\/wp-content\/uploads\/2020\/02\/Con-Luder.jpg\" alt=\"\" class=\"wp-image-915\" srcset=\"https:\/\/zaccagnini.ar\/wp-content\/uploads\/2020\/02\/Con-Luder.jpg 850w, https:\/\/zaccagnini.ar\/wp-content\/uploads\/2020\/02\/Con-Luder-300x234.jpg 300w, https:\/\/zaccagnini.ar\/wp-content\/uploads\/2020\/02\/Con-Luder-768x599.jpg 768w\" sizes=\"auto, (max-width: 850px) 100vw, 850px\" \/><\/figure><\/div>\n\n\n\n<p><strong><em><img loading=\"lazy\" decoding=\"async\" width=\"50\" height=\"58\" class=\"wp-image-1072\" style=\"width: 50px;\" src=\"https:\/\/zaccagnini.ar\/wp-content\/uploads\/2020\/02\/ANOTADOR.gif\" alt=\"\"> \u00abMi militancia pol\u00edtica en el justicialismo se inici\u00f3 en 1982 como coordinador de Inform\u00e1tica del candidato a presidente por el Justicialismo Dr. \u00cdtalo Luder.\u00bb<\/em><\/strong><\/p>\n\n\n\n<figure class=\"wp-block-image size-large\"><img loading=\"lazy\" decoding=\"async\" width=\"1024\" height=\"719\" src=\"https:\/\/zaccagnini.ar\/wp-content\/uploads\/2020\/02\/Congreso-Profesionales-MNJ-1983-1024x719.jpg\" alt=\"\" class=\"wp-image-920\" srcset=\"https:\/\/zaccagnini.ar\/wp-content\/uploads\/2020\/02\/Congreso-Profesionales-MNJ-1983-1024x719.jpg 1024w, https:\/\/zaccagnini.ar\/wp-content\/uploads\/2020\/02\/Congreso-Profesionales-MNJ-1983-300x211.jpg 300w, https:\/\/zaccagnini.ar\/wp-content\/uploads\/2020\/02\/Congreso-Profesionales-MNJ-1983-768x539.jpg 768w, https:\/\/zaccagnini.ar\/wp-content\/uploads\/2020\/02\/Congreso-Profesionales-MNJ-1983.jpg 1102w\" sizes=\"auto, (max-width: 1024px) 100vw, 1024px\" \/><figcaption> <strong>Primer Congreso Nacional de Profesionales y T\u00e9cnicos organizado por las 62 Organizaciones peronistas que conduc\u00eda Lorenzo Miguel. 1983<\/strong> <\/figcaption><\/figure>\n\n\n\n<div style=\"display:block\">\n<!-- FlowPaper PDF flipbook plugin v.2.0.6 wordpress.org\/plugins\/flowpaper\/ -->\n<iframe title=\"FlowPaper flipbook pdf viewer\" width=\"100%\" height=\"500\" scrolling=\"no\" class=\"flowpaper-class\" frameborder=\"0\" allowFullScreen=\"true\" lightbox=\"false\" cover id src = \"https:\/\/flowpaper.com\/flipbook\/?pdf=https:\/\/zaccagnini.ar\/wp-content\/uploads\/2020\/02\/Congreso-Profesionales-MNJ-1983.pdf?wp-hosted=1&title=&header=&theme=&singlepage=&thumbs=1&modified=200217153\" seamless=\"seamless\" style=\"margin-bottom:0;display:block;\">Your browser does not seem to support iframes. <a href=\"https:\/\/flowpaper.com\/flipbook\/?pdf=https:\/\/zaccagnini.ar\/wp-content\/uploads\/2020\/02\/Congreso-Profesionales-MNJ-1983.pdf?wp-hosted=1\" target=\"_blank\">Click here to read this PDF<\/a>.<\/iframe>\n<div id=\"flowpaper-logo-bottom\" class=\"flowpaper-logo-bg\" style=\"background:linear-gradient(to right, rgba(0,0,0,0.65) 0%,rgba(0,0,0,0) 200px);width:100%;height:19px; padding-bottom: 1px; padding-left: 5px; padding-right: 10px; display: flex; align-items: center;z-index:9999\"><span style=\"height: 37px; padding-left: 6px;width:90%\"> <a id=\"flowpaper-link\" style=\"fill: #fff\" alt=\"FlowPaper logotype\" title=\"FlowPaper logotype\" href=\"https:\/\/flowpaper.com\" target=\"_blank\"> <img decoding=\"async\" alt=\"Publish PDF flipbooks online\" style=\"height:17px;width:auto;margin-top:11px;\" src=\"https:\/\/zaccagnini.ar\/wp-content\/plugins\/flowpaper-lite-pdf-flipbook\/assets\/flowpaper-logo.png\" border=\"0\"> <\/a> <\/span><span style=\" float: right; right: 0; font-size: 10px; white-space: nowrap; opacity:0.8\"><a href=\"https:\/\/flowpaper.com\/flipbook-maker\/\" target=\"_new\" style=\"text-decoration:none;border-bottom:none;\">Created using FlowPaper Flipbook Maker &#8599;<\/a><\/span><\/div><\/div>\r\n                <script>\r\n                document.addEventListener(\"DOMContentLoaded\", function(){\r\n                    var target_element, iframe_element;\r\n                    iframe_element = document.querySelector(\"iframe.flowpaper-class\");\r\n                    target_element = document.querySelector(\"\");\r\n                    iframe_element.style.height = target_element.offsetHeight + \"px\";\r\n                });\r\n                <\/script>\r\n            \n\n\n\n<div class=\"wp-block-image\"><figure class=\"aligncenter size-large is-resized\"><img loading=\"lazy\" decoding=\"async\" src=\"https:\/\/zaccagnini.ar\/wp-content\/uploads\/2020\/02\/Plataforma1983.jpg\" alt=\"\" class=\"wp-image-923\" width=\"301\" height=\"428\"\/><figcaption>  <strong>Redactamos el cap\u00edtulo XIV de la Plataforma del Partido Justicialista para las elecciones de 1983, dedicado a la Inform\u00e1tica y en que se incluyeron conceptos que a\u00fan conservan plena vigencia<\/strong>  <\/figcaption><\/figure><\/div>\n\n\n\n<figure class=\"wp-block-image size-large is-resized\"><img loading=\"lazy\" decoding=\"async\" src=\"https:\/\/zaccagnini.ar\/wp-content\/uploads\/2020\/02\/Plataforma-PJ-83-Informatica-1024x799.jpg\" alt=\"\" class=\"wp-image-924\" width=\"616\" height=\"480\" srcset=\"https:\/\/zaccagnini.ar\/wp-content\/uploads\/2020\/02\/Plataforma-PJ-83-Informatica-1024x799.jpg 1024w, https:\/\/zaccagnini.ar\/wp-content\/uploads\/2020\/02\/Plataforma-PJ-83-Informatica-300x234.jpg 300w, https:\/\/zaccagnini.ar\/wp-content\/uploads\/2020\/02\/Plataforma-PJ-83-Informatica-768x599.jpg 768w, https:\/\/zaccagnini.ar\/wp-content\/uploads\/2020\/02\/Plataforma-PJ-83-Informatica-1536x1199.jpg 1536w, https:\/\/zaccagnini.ar\/wp-content\/uploads\/2020\/02\/Plataforma-PJ-83-Informatica.jpg 1763w\" sizes=\"auto, (max-width: 616px) 100vw, 616px\" \/><\/figure>\n","protected":false},"excerpt":{"rendered":"<div class=\"mh-excerpt\"><p>\u00abMi militancia pol\u00edtica en el justicialismo se inici\u00f3 en 1982 como coordinador de Inform\u00e1tica del candidato a presidente por el Justicialismo Dr. \u00cdtalo Luder.\u00bb<\/p>\n<\/div>","protected":false},"author":1,"featured_media":915,"parent":417,"menu_order":1,"comment_status":"closed","ping_status":"closed","template":"","meta":{"footnotes":""},"categories":[33],"tags":[],"class_list":["post-969","page","type-page","status-publish","has-post-thumbnail","hentry","category-militante-politico"],"_links":{"self":[{"href":"https:\/\/zaccagnini.ar\/index.php\/wp-json\/wp\/v2\/pages\/969","targetHints":{"allow":["GET"]}}],"collection":[{"href":"https:\/\/zaccagnini.ar\/index.php\/wp-json\/wp\/v2\/pages"}],"about":[{"href":"https:\/\/zaccagnini.ar\/index.php\/wp-json\/wp\/v2\/types\/page"}],"author":[{"embeddable":true,"href":"https:\/\/zaccagnini.ar\/index.php\/wp-json\/wp\/v2\/users\/1"}],"replies":[{"embeddable":true,"href":"https:\/\/zaccagnini.ar\/index.php\/wp-json\/wp\/v2\/comments?post=969"}],"version-history":[{"count":2,"href":"https:\/\/zaccagnini.ar\/index.php\/wp-json\/wp\/v2\/pages\/969\/revisions"}],"predecessor-version":[{"id":1124,"href":"https:\/\/zaccagnini.ar\/index.php\/wp-json\/wp\/v2\/pages\/969\/revisions\/1124"}],"up":[{"embeddable":true,"href":"https:\/\/zaccagnini.ar\/index.php\/wp-json\/wp\/v2\/pages\/417"}],"wp:featuredmedia":[{"embeddable":true,"href":"https:\/\/zaccagnini.ar\/index.php\/wp-json\/wp\/v2\/media\/915"}],"wp:attachment":[{"href":"https:\/\/zaccagnini.ar\/index.php\/wp-json\/wp\/v2\/media?parent=969"}],"wp:term":[{"taxonomy":"category","embeddable":true,"href":"https:\/\/zaccagnini.ar\/index.php\/wp-json\/wp\/v2\/categories?post=969"},{"taxonomy":"post_tag","embeddable":true,"href":"https:\/\/zaccagnini.ar\/index.php\/wp-json\/wp\/v2\/tags?post=969"}],"curies":[{"name":"wp","href":"https:\/\/api.w.org\/{rel}","templated":true}]}}