{"id":954,"date":"2019-04-01T10:36:00","date_gmt":"2019-04-01T13:36:00","guid":{"rendered":"https:\/\/zaccagnini.ar\/?page_id=954"},"modified":"2020-02-25T10:20:37","modified_gmt":"2020-02-25T13:20:37","slug":"comision-de-ciencia-y-tecnologia-de-la-camara-de-diputados-de-la-nacion","status":"publish","type":"page","link":"https:\/\/zaccagnini.ar\/index.php\/militante-politico\/comision-de-ciencia-y-tecnologia-de-la-camara-de-diputados-de-la-nacion\/","title":{"rendered":"Comisi\u00f3n de Ciencia y Tecnolog\u00eda de la C\u00e1mara de Diputados de la Naci\u00f3n"},"content":{"rendered":"\n<figure class=\"wp-block-embed-youtube aligncenter wp-block-embed is-type-video is-provider-youtube wp-embed-aspect-4-3 wp-has-aspect-ratio\"><div class=\"wp-block-embed__wrapper\">\n<iframe loading=\"lazy\"  id=\"_ytid_25474\"  width=\"480\" height=\"360\"  data-origwidth=\"480\" data-origheight=\"360\"  data-relstop=\"1\" src=\"https:\/\/www.youtube.com\/embed\/dIEK_07FQu8?enablejsapi=1&#038;autoplay=0&#038;cc_load_policy=0&#038;cc_lang_pref=&#038;iv_load_policy=1&#038;loop=0&#038;rel=0&#038;fs=1&#038;playsinline=0&#038;autohide=2&#038;theme=dark&#038;color=red&#038;controls=1&#038;disablekb=0&#038;\" class=\"__youtube_prefs__  epyt-is-override  no-lazyload\" title=\"YouTube player\"  allow=\"fullscreen; accelerometer; autoplay; clipboard-write; encrypted-media; gyroscope; picture-in-picture; web-share\" referrerpolicy=\"strict-origin-when-cross-origin\" allowfullscreen data-no-lazy=\"1\" data-skipgform_ajax_framebjll=\"\"><\/iframe>\n<\/div><figcaption><strong>Zaccagnini en la C\u00e1mara de Diputados de la Naci\u00f3n, en un Seminario organizado por el Lic. Fredes Castro y la Comisi\u00f3n de Ciencia y T\u00e9cnica de la C\u00e1mara de Diputados<\/strong><\/figcaption><\/figure>\n\n\n\n<p class=\"has-text-align-left\">  <img loading=\"lazy\" decoding=\"async\" width=\"50\" height=\"58\" class=\"wp-image-1072\" style=\"width: 50px;\" src=\"https:\/\/zaccagnini.ar\/wp-content\/uploads\/2020\/02\/ANOTADOR.gif\" alt=\"\"><strong><em> \u00abEn 1988, acompa\u00f1\u00e9 como asesor del bloque justicialista de la C\u00e1mara de Diputados a Eduardo Vaca, vicepresidente de la Comisi\u00f3n de Ciencia y Tecnolog\u00eda de la HCDN.\u00bb  <\/em><\/strong><\/p>\n\n\n\n<div class=\"wp-block-image\"><figure class=\"aligncenter size-large\"><img loading=\"lazy\" decoding=\"async\" width=\"605\" height=\"812\" src=\"https:\/\/zaccagnini.ar\/wp-content\/uploads\/2020\/02\/Asesor-HCDN.jpg\" alt=\"\" class=\"wp-image-914\" srcset=\"https:\/\/zaccagnini.ar\/wp-content\/uploads\/2020\/02\/Asesor-HCDN.jpg 605w, https:\/\/zaccagnini.ar\/wp-content\/uploads\/2020\/02\/Asesor-HCDN-224x300.jpg 224w\" sizes=\"auto, (max-width: 605px) 100vw, 605px\" \/><\/figure><\/div>\n\n\n\n<div class=\"wp-block-image\"><figure class=\"aligncenter size-large\"><img loading=\"lazy\" decoding=\"async\" width=\"1024\" height=\"709\" src=\"https:\/\/zaccagnini.ar\/wp-content\/uploads\/2020\/02\/Con-Gurioli-1024x709.jpg\" alt=\"\" class=\"wp-image-962\" srcset=\"https:\/\/zaccagnini.ar\/wp-content\/uploads\/2020\/02\/Con-Gurioli-1024x709.jpg 1024w, https:\/\/zaccagnini.ar\/wp-content\/uploads\/2020\/02\/Con-Gurioli-300x208.jpg 300w, https:\/\/zaccagnini.ar\/wp-content\/uploads\/2020\/02\/Con-Gurioli-768x531.jpg 768w, https:\/\/zaccagnini.ar\/wp-content\/uploads\/2020\/02\/Con-Gurioli.jpg 1026w\" sizes=\"auto, (max-width: 1024px) 100vw, 1024px\" \/><figcaption><strong>En 1983, trabaj\u00e9 junto al vicepresidente de la Comisi\u00f3n de Ciencia y T\u00e9cnica de la C\u00e1mara de Diputados de la Naci\u00f3n, el compa\u00f1ero Mario Gurioli<\/strong>.<\/figcaption><\/figure><\/div>\n\n\n\n<p><\/p>\n","protected":false},"excerpt":{"rendered":"<div class=\"mh-excerpt\"><p>\u00abEn 1988, acompa\u00f1\u00e9 como asesor del bloque justicialista de la C\u00e1mara de Diputados a Eduardo Vaca, vicepresidente de la Comisi\u00f3n de Ciencia y Tecnolog\u00eda de la HCDN.\u00bb<\/p>\n<\/div>","protected":false},"author":1,"featured_media":962,"parent":417,"menu_order":2,"comment_status":"closed","ping_status":"closed","template":"","meta":{"footnotes":""},"categories":[33],"tags":[],"class_list":["post-954","page","type-page","status-publish","has-post-thumbnail","hentry","category-militante-politico"],"_links":{"self":[{"href":"https:\/\/zaccagnini.ar\/index.php\/wp-json\/wp\/v2\/pages\/954","targetHints":{"allow":["GET"]}}],"collection":[{"href":"https:\/\/zaccagnini.ar\/index.php\/wp-json\/wp\/v2\/pages"}],"about":[{"href":"https:\/\/zaccagnini.ar\/index.php\/wp-json\/wp\/v2\/types\/page"}],"author":[{"embeddable":true,"href":"https:\/\/zaccagnini.ar\/index.php\/wp-json\/wp\/v2\/users\/1"}],"replies":[{"embeddable":true,"href":"https:\/\/zaccagnini.ar\/index.php\/wp-json\/wp\/v2\/comments?post=954"}],"version-history":[{"count":9,"href":"https:\/\/zaccagnini.ar\/index.php\/wp-json\/wp\/v2\/pages\/954\/revisions"}],"predecessor-version":[{"id":1189,"href":"https:\/\/zaccagnini.ar\/index.php\/wp-json\/wp\/v2\/pages\/954\/revisions\/1189"}],"up":[{"embeddable":true,"href":"https:\/\/zaccagnini.ar\/index.php\/wp-json\/wp\/v2\/pages\/417"}],"wp:featuredmedia":[{"embeddable":true,"href":"https:\/\/zaccagnini.ar\/index.php\/wp-json\/wp\/v2\/media\/962"}],"wp:attachment":[{"href":"https:\/\/zaccagnini.ar\/index.php\/wp-json\/wp\/v2\/media?parent=954"}],"wp:term":[{"taxonomy":"category","embeddable":true,"href":"https:\/\/zaccagnini.ar\/index.php\/wp-json\/wp\/v2\/categories?post=954"},{"taxonomy":"post_tag","embeddable":true,"href":"https:\/\/zaccagnini.ar\/index.php\/wp-json\/wp\/v2\/tags?post=954"}],"curies":[{"name":"wp","href":"https:\/\/api.w.org\/{rel}","templated":true}]}}