{"id":942,"date":"2020-02-12T10:14:50","date_gmt":"2020-02-12T13:14:50","guid":{"rendered":"https:\/\/zaccagnini.ar\/?page_id=942"},"modified":"2020-02-17T14:36:12","modified_gmt":"2020-02-17T17:36:12","slug":"foro-para-una-nueva-politica-industrial-fonpi","status":"publish","type":"page","link":"https:\/\/zaccagnini.ar\/index.php\/militante-social\/foro-para-una-nueva-politica-industrial-fonpi\/","title":{"rendered":"Foro para una Nueva Pol\u00edtica Industrial FONPI"},"content":{"rendered":"\n<figure class=\"wp-block-image size-large\"><a href=\"http:\/\/fonpi.com.ar\/\"><img loading=\"lazy\" decoding=\"async\" width=\"567\" height=\"104\" src=\"https:\/\/zaccagnini.ar\/wp-content\/uploads\/2020\/02\/LogoFonpi2_ConAura.gif\" alt=\"\" class=\"wp-image-944\"\/><\/a><\/figure>\n\n\n\n<p><img loading=\"lazy\" decoding=\"async\" width=\"50\" height=\"58\" class=\"wp-image-1072\" style=\"width: 50px;\" src=\"https:\/\/zaccagnini.ar\/wp-content\/uploads\/2020\/02\/ANOTADOR.gif\" alt=\"\"><strong><em> \u00abFormo parte  desde hace muchos a\u00f1os -actualmente como vicepresidente-  de la&nbsp;Asociaci\u00f3n Civil FORO PARA UNA NUEVA POL\u00cdTICA INDUSTRIAL (FONPI), una entidad sin fines de lucro constituida dos d\u00e9cadas atr\u00e1s por empresarios, trabajadores, t\u00e9cnicos y acad\u00e9micos, es recorrer un camino de convicci\u00f3n de que es posible hacer converger intereses diversos y a\u00fan contrapuestos, si se piensa en el bien com\u00fan y en los superiores intereses de la patria en la que vivimos todos.\u00bb<\/em><\/strong><\/p>\n\n\n\n<div class=\"wp-block-image\"><figure class=\"aligncenter size-large\"><img loading=\"lazy\" decoding=\"async\" width=\"567\" height=\"478\" src=\"https:\/\/zaccagnini.ar\/wp-content\/uploads\/2020\/02\/REFORMA-ELECTORAL-JZ.jpg\" alt=\"\" class=\"wp-image-947\" srcset=\"https:\/\/zaccagnini.ar\/wp-content\/uploads\/2020\/02\/REFORMA-ELECTORAL-JZ.jpg 567w, https:\/\/zaccagnini.ar\/wp-content\/uploads\/2020\/02\/REFORMA-ELECTORAL-JZ-300x253.jpg 300w\" sizes=\"auto, (max-width: 567px) 100vw, 567px\" \/><figcaption><strong>PARTICIPAMOS ACTIVAMENTE EN CONTRAPONER LA INDUSTRIA NACIONAL ELECTR\u00d3NICA Y DE SOFTWARE AL INTENTO DE INSTALAR EL VOTO ELECTR\u00d3NICO<\/strong><\/figcaption><\/figure><\/div>\n\n\n\n<figure class=\"wp-block-embed-youtube wp-block-embed is-type-video is-provider-youtube wp-embed-aspect-16-9 wp-has-aspect-ratio\"><div class=\"wp-block-embed__wrapper\">\n<iframe loading=\"lazy\"  id=\"_ytid_93973\"  width=\"480\" height=\"270\"  data-origwidth=\"480\" data-origheight=\"270\"  data-relstop=\"1\" src=\"https:\/\/www.youtube.com\/embed\/SRfiCXMLL7Y?enablejsapi=1&#038;autoplay=0&#038;cc_load_policy=0&#038;cc_lang_pref=&#038;iv_load_policy=1&#038;loop=0&#038;rel=0&#038;fs=1&#038;playsinline=0&#038;autohide=2&#038;theme=dark&#038;color=red&#038;controls=1&#038;disablekb=0&#038;\" class=\"__youtube_prefs__  epyt-is-override  no-lazyload\" title=\"YouTube player\"  allow=\"fullscreen; accelerometer; autoplay; clipboard-write; encrypted-media; gyroscope; picture-in-picture; web-share\" referrerpolicy=\"strict-origin-when-cross-origin\" allowfullscreen data-no-lazy=\"1\" data-skipgform_ajax_framebjll=\"\"><\/iframe>\n<\/div><figcaption><strong> Desde su inicio, el FONPI ha podido plasmar diversas iniciativas exitosas, de las cuales se recogieron valiosas experiencias que han sido incorporadas a la metodolog\u00eda de convergencia que el Foro propone a la sociedad argentina: los Puntos de Encuentro. <\/strong><\/figcaption><\/figure>\n","protected":false},"excerpt":{"rendered":"<div class=\"mh-excerpt\"><p>\u00abFormo parte desde hace muchos a\u00f1os -actualmente como vicepresidente- de la&nbsp;Asociaci\u00f3n Civil FORO PARA UNA NUEVA POL\u00cdTICA INDUSTRIAL (FONPI), una entidad sin fines de lucro constituida dos d\u00e9cadas atr\u00e1s por empresarios, trabajadores, t\u00e9cnicos y acad\u00e9micos, es recorrer un camino de convicci\u00f3n de que es posible hacer converger intereses diversos y a\u00fan contrapuestos, si se piensa en el bien com\u00fan y <a class=\"mh-excerpt-more\" href=\"https:\/\/zaccagnini.ar\/index.php\/militante-social\/foro-para-una-nueva-politica-industrial-fonpi\/\" title=\"Foro para una Nueva Pol\u00edtica Industrial FONPI\">[&#8230;]<\/a><\/p>\n<\/div>","protected":false},"author":1,"featured_media":943,"parent":420,"menu_order":2,"comment_status":"closed","ping_status":"closed","template":"","meta":{"footnotes":""},"categories":[34],"tags":[],"class_list":["post-942","page","type-page","status-publish","has-post-thumbnail","hentry","category-militante-social"],"_links":{"self":[{"href":"https:\/\/zaccagnini.ar\/index.php\/wp-json\/wp\/v2\/pages\/942","targetHints":{"allow":["GET"]}}],"collection":[{"href":"https:\/\/zaccagnini.ar\/index.php\/wp-json\/wp\/v2\/pages"}],"about":[{"href":"https:\/\/zaccagnini.ar\/index.php\/wp-json\/wp\/v2\/types\/page"}],"author":[{"embeddable":true,"href":"https:\/\/zaccagnini.ar\/index.php\/wp-json\/wp\/v2\/users\/1"}],"replies":[{"embeddable":true,"href":"https:\/\/zaccagnini.ar\/index.php\/wp-json\/wp\/v2\/comments?post=942"}],"version-history":[{"count":5,"href":"https:\/\/zaccagnini.ar\/index.php\/wp-json\/wp\/v2\/pages\/942\/revisions"}],"predecessor-version":[{"id":1126,"href":"https:\/\/zaccagnini.ar\/index.php\/wp-json\/wp\/v2\/pages\/942\/revisions\/1126"}],"up":[{"embeddable":true,"href":"https:\/\/zaccagnini.ar\/index.php\/wp-json\/wp\/v2\/pages\/420"}],"wp:featuredmedia":[{"embeddable":true,"href":"https:\/\/zaccagnini.ar\/index.php\/wp-json\/wp\/v2\/media\/943"}],"wp:attachment":[{"href":"https:\/\/zaccagnini.ar\/index.php\/wp-json\/wp\/v2\/media?parent=942"}],"wp:term":[{"taxonomy":"category","embeddable":true,"href":"https:\/\/zaccagnini.ar\/index.php\/wp-json\/wp\/v2\/categories?post=942"},{"taxonomy":"post_tag","embeddable":true,"href":"https:\/\/zaccagnini.ar\/index.php\/wp-json\/wp\/v2\/tags?post=942"}],"curies":[{"name":"wp","href":"https:\/\/api.w.org\/{rel}","templated":true}]}}