{"id":912,"date":"2018-12-01T14:29:00","date_gmt":"2018-12-01T17:29:00","guid":{"rendered":"https:\/\/zaccagnini.ar\/?page_id=912"},"modified":"2020-02-17T13:51:58","modified_gmt":"2020-02-17T16:51:58","slug":"la-militancia-informatica","status":"publish","type":"page","link":"https:\/\/zaccagnini.ar\/index.php\/militante-politico\/la-militancia-informatica\/","title":{"rendered":"Comisi\u00f3n Justicialista de Inform\u00e1tica"},"content":{"rendered":"\n<p><img loading=\"lazy\" decoding=\"async\" width=\"50\" height=\"58\" class=\"wp-image-1072\" style=\"width: 50px;\" src=\"https:\/\/zaccagnini.ar\/wp-content\/uploads\/2020\/02\/ANOTADOR.gif\" alt=\"\"><strong><em> \u00abEl 7 de abril de 1984, a pocos meses de la derrota electoral, m\u00e1s de cien compa\u00f1eros inform\u00e1ticos creamos la Comisi\u00f3n Justicialista de Inform\u00e1tica (CJI), que r\u00e1pidamente se convirti\u00f3 en un \u00e1mbito de encuentro y acci\u00f3n para sostener las ideas que plasmamos en la Plataforma Electoral del Justicialismo en el a\u00f1o 1983. La Mesa Ejecutiva de la Comisi\u00f3n Organizadora de la CJI estaba formada por cinco compa\u00f1eros, provenientes de diferentes espacios del justicialismo: Ricardo Arias, Jorge Plano, Gonz\u00e1lez Caparr\u00f3s, Dante Valastro y yo.\u00bb <\/em><\/strong><\/p>\n\n\n\n<figure class=\"wp-block-image size-large\"><img loading=\"lazy\" decoding=\"async\" width=\"1024\" height=\"714\" src=\"https:\/\/zaccagnini.ar\/wp-content\/uploads\/2020\/02\/PeronistasInformaticos01-1024x714.jpg\" alt=\"\" class=\"wp-image-957\" srcset=\"https:\/\/zaccagnini.ar\/wp-content\/uploads\/2020\/02\/PeronistasInformaticos01-1024x714.jpg 1024w, https:\/\/zaccagnini.ar\/wp-content\/uploads\/2020\/02\/PeronistasInformaticos01-300x209.jpg 300w, https:\/\/zaccagnini.ar\/wp-content\/uploads\/2020\/02\/PeronistasInformaticos01-768x535.jpg 768w, https:\/\/zaccagnini.ar\/wp-content\/uploads\/2020\/02\/PeronistasInformaticos01-1536x1070.jpg 1536w, https:\/\/zaccagnini.ar\/wp-content\/uploads\/2020\/02\/PeronistasInformaticos01.jpg 1653w\" sizes=\"auto, (max-width: 1024px) 100vw, 1024px\" \/><figcaption><strong>Iniciamos en Santa Fe, la Comisi\u00f3n Justicialista de inform\u00e1tica en 1984<\/strong><\/figcaption><\/figure>\n\n\n\n<div class=\"wp-block-image\"><figure class=\"aligncenter size-large is-resized\"><img loading=\"lazy\" decoding=\"async\" src=\"https:\/\/zaccagnini.ar\/wp-content\/uploads\/2020\/02\/Congreso-Informatica-1.jpg\" alt=\"\" class=\"wp-image-918\" width=\"538\" height=\"413\" srcset=\"https:\/\/zaccagnini.ar\/wp-content\/uploads\/2020\/02\/Congreso-Informatica-1.jpg 605w, https:\/\/zaccagnini.ar\/wp-content\/uploads\/2020\/02\/Congreso-Informatica-1-300x231.jpg 300w, https:\/\/zaccagnini.ar\/wp-content\/uploads\/2020\/02\/Congreso-Informatica-1-80x60.jpg 80w\" sizes=\"auto, (max-width: 538px) 100vw, 538px\" \/><figcaption><strong>En 1984 se realiz\u00f3 el Congreso de Inform\u00e1tica que dio origen a la Comisi\u00f3n Justicialista de Inform\u00e1tica<\/strong><\/figcaption><\/figure><\/div>\n\n\n\n<figure class=\"wp-block-image size-large\"><img loading=\"lazy\" decoding=\"async\" width=\"1024\" height=\"644\" src=\"https:\/\/zaccagnini.ar\/wp-content\/uploads\/2020\/02\/PeronistasInformaticos03-1024x644.jpg\" alt=\"\" class=\"wp-image-958\" srcset=\"https:\/\/zaccagnini.ar\/wp-content\/uploads\/2020\/02\/PeronistasInformaticos03-1024x644.jpg 1024w, https:\/\/zaccagnini.ar\/wp-content\/uploads\/2020\/02\/PeronistasInformaticos03-300x189.jpg 300w, https:\/\/zaccagnini.ar\/wp-content\/uploads\/2020\/02\/PeronistasInformaticos03-768x483.jpg 768w, https:\/\/zaccagnini.ar\/wp-content\/uploads\/2020\/02\/PeronistasInformaticos03-1536x966.jpg 1536w, https:\/\/zaccagnini.ar\/wp-content\/uploads\/2020\/02\/PeronistasInformaticos03.jpg 1699w\" sizes=\"auto, (max-width: 1024px) 100vw, 1024px\" \/><figcaption><strong>Convocamos a la Multipartidaria Inform\u00e1tica, que reuni\u00f3 a representantes de todo el arco democr\u00e1tico, desde el Partido Intransigente, el Socialismo Popular, la Democracia Cristiana, el Partido Comunista hasta el Movimiento de Integraci\u00f3n y Desarrollo (MID).<\/strong>  <\/figcaption><\/figure>\n\n\n\n<div class=\"wp-block-image\"><figure class=\"aligncenter size-large\"><img loading=\"lazy\" decoding=\"async\" width=\"605\" height=\"432\" src=\"https:\/\/zaccagnini.ar\/wp-content\/uploads\/2020\/02\/Congreso-Informatica-2.jpg\" alt=\"\" class=\"wp-image-919\" srcset=\"https:\/\/zaccagnini.ar\/wp-content\/uploads\/2020\/02\/Congreso-Informatica-2.jpg 605w, https:\/\/zaccagnini.ar\/wp-content\/uploads\/2020\/02\/Congreso-Informatica-2-300x214.jpg 300w\" sizes=\"auto, (max-width: 605px) 100vw, 605px\" \/><\/figure><\/div>\n\n\n\n<div style=\"display:block\">\n<!-- FlowPaper PDF flipbook plugin v.2.0.6 wordpress.org\/plugins\/flowpaper\/ -->\n<iframe title=\"FlowPaper flipbook pdf viewer\" width=\"100%\" height=\"500\" scrolling=\"no\" class=\"flowpaper-class\" frameborder=\"0\" allowFullScreen=\"true\" lightbox=\"false\" cover id src = \"https:\/\/flowpaper.com\/flipbook\/?pdf=https:\/\/zaccagnini.ar\/wp-content\/uploads\/2020\/02\/Congreso-CJI-1984.pdf?wp-hosted=1&title=&header=&theme=&singlepage=&thumbs=1&modified=200217151\" seamless=\"seamless\" style=\"margin-bottom:0;display:block;\">Your browser does not seem to support iframes. <a href=\"https:\/\/flowpaper.com\/flipbook\/?pdf=https:\/\/zaccagnini.ar\/wp-content\/uploads\/2020\/02\/Congreso-CJI-1984.pdf?wp-hosted=1\" target=\"_blank\">Click here to read this PDF<\/a>.<\/iframe>\n<div id=\"flowpaper-logo-bottom\" class=\"flowpaper-logo-bg\" style=\"background:linear-gradient(to right, rgba(0,0,0,0.65) 0%,rgba(0,0,0,0) 200px);width:100%;height:19px; padding-bottom: 1px; padding-left: 5px; padding-right: 10px; display: flex; align-items: center;z-index:9999\"><span style=\"height: 37px; padding-left: 6px;width:90%\"> <a id=\"flowpaper-link\" style=\"fill: #fff\" alt=\"FlowPaper logotype\" title=\"FlowPaper logotype\" href=\"https:\/\/flowpaper.com\" target=\"_blank\"> <img decoding=\"async\" alt=\"Publish PDF flipbooks online\" style=\"height:17px;width:auto;margin-top:11px;\" src=\"https:\/\/zaccagnini.ar\/wp-content\/plugins\/flowpaper-lite-pdf-flipbook\/assets\/flowpaper-logo.png\" border=\"0\"> <\/a> <\/span><span style=\" float: right; right: 0; font-size: 10px; white-space: nowrap; opacity:0.8\"><a href=\"https:\/\/flowpaper.com\/flipbook-maker\/\" target=\"_new\" style=\"text-decoration:none;border-bottom:none;\">Created using FlowPaper Flipbook Maker &#8599;<\/a><\/span><\/div><\/div>\r\n                <script>\r\n                document.addEventListener(\"DOMContentLoaded\", function(){\r\n                    var target_element, iframe_element;\r\n                    iframe_element = document.querySelector(\"iframe.flowpaper-class\");\r\n                    target_element = document.querySelector(\"\");\r\n                    iframe_element.style.height = target_element.offsetHeight + \"px\";\r\n                });\r\n                <\/script>\r\n            \n","protected":false},"excerpt":{"rendered":"<div class=\"mh-excerpt\"><p>\u00abEl 7 de abril de 1984, a pocos meses de la derrota electoral, m\u00e1s de cien compa\u00f1eros inform\u00e1ticos creamos la Comisi\u00f3n Justicialista de Inform\u00e1tica (CJI), que r\u00e1pidamente se convirti\u00f3 en un \u00e1mbito de encuentro y acci\u00f3n para sostener las ideas que plasmamos en la Plataforma Electoral del Justicialismo en el a\u00f1o 1983. La Mesa Ejecutiva de la Comisi\u00f3n Organizadora de <a class=\"mh-excerpt-more\" href=\"https:\/\/zaccagnini.ar\/index.php\/militante-politico\/la-militancia-informatica\/\" title=\"Comisi\u00f3n Justicialista de Inform\u00e1tica\">[&#8230;]<\/a><\/p>\n<\/div>","protected":false},"author":1,"featured_media":957,"parent":417,"menu_order":3,"comment_status":"closed","ping_status":"closed","template":"","meta":{"footnotes":""},"categories":[33],"tags":[],"class_list":["post-912","page","type-page","status-publish","has-post-thumbnail","hentry","category-militante-politico"],"_links":{"self":[{"href":"https:\/\/zaccagnini.ar\/index.php\/wp-json\/wp\/v2\/pages\/912","targetHints":{"allow":["GET"]}}],"collection":[{"href":"https:\/\/zaccagnini.ar\/index.php\/wp-json\/wp\/v2\/pages"}],"about":[{"href":"https:\/\/zaccagnini.ar\/index.php\/wp-json\/wp\/v2\/types\/page"}],"author":[{"embeddable":true,"href":"https:\/\/zaccagnini.ar\/index.php\/wp-json\/wp\/v2\/users\/1"}],"replies":[{"embeddable":true,"href":"https:\/\/zaccagnini.ar\/index.php\/wp-json\/wp\/v2\/comments?post=912"}],"version-history":[{"count":15,"href":"https:\/\/zaccagnini.ar\/index.php\/wp-json\/wp\/v2\/pages\/912\/revisions"}],"predecessor-version":[{"id":1123,"href":"https:\/\/zaccagnini.ar\/index.php\/wp-json\/wp\/v2\/pages\/912\/revisions\/1123"}],"up":[{"embeddable":true,"href":"https:\/\/zaccagnini.ar\/index.php\/wp-json\/wp\/v2\/pages\/417"}],"wp:featuredmedia":[{"embeddable":true,"href":"https:\/\/zaccagnini.ar\/index.php\/wp-json\/wp\/v2\/media\/957"}],"wp:attachment":[{"href":"https:\/\/zaccagnini.ar\/index.php\/wp-json\/wp\/v2\/media?parent=912"}],"wp:term":[{"taxonomy":"category","embeddable":true,"href":"https:\/\/zaccagnini.ar\/index.php\/wp-json\/wp\/v2\/categories?post=912"},{"taxonomy":"post_tag","embeddable":true,"href":"https:\/\/zaccagnini.ar\/index.php\/wp-json\/wp\/v2\/tags?post=912"}],"curies":[{"name":"wp","href":"https:\/\/api.w.org\/{rel}","templated":true}]}}