{"id":895,"date":"2019-07-02T10:30:00","date_gmt":"2019-07-02T13:30:00","guid":{"rendered":"https:\/\/zaccagnini.ar\/?page_id=895"},"modified":"2020-02-17T13:48:16","modified_gmt":"2020-02-17T16:48:16","slug":"consejo-de-tecnicos-y-profesionales-del-partido-justicialista-metropolitano","status":"publish","type":"page","link":"https:\/\/zaccagnini.ar\/index.php\/militante-politico\/consejo-de-tecnicos-y-profesionales-del-partido-justicialista-metropolitano\/","title":{"rendered":"Consejo de T\u00e9cnicos y Profesionales del Partido Justicialista Metropolitano"},"content":{"rendered":"\n<p><img loading=\"lazy\" decoding=\"async\" width=\"50\" height=\"58\" class=\"wp-image-1072\" style=\"width: 50px;\" src=\"https:\/\/zaccagnini.ar\/wp-content\/uploads\/2020\/02\/ANOTADOR.gif\" alt=\"\"> <strong><em>\u00abFui elegido Consejero del Partido Justicialista Metropolitano en la primera elecci\u00f3n de profesionales realizada en el distrito en 1988, venciendo a la lista que encabezaba Roberto \u00abPajarito\u00bb Grabois. Desde ese espacio realizamos una intensa tarea de elaboraci\u00f3n de proyectos y propuestas, lo que allan\u00f3 el camino de mi nombramiento en 1989 como Subsecretario de Sistemas de Informaci\u00f3n de la Ciudad de Buenos Aires.\u00bb <\/em><\/strong><\/p>\n\n\n\n<div class=\"wp-block-image\"><figure class=\"aligncenter size-large\"><img loading=\"lazy\" decoding=\"async\" width=\"460\" height=\"575\" src=\"https:\/\/zaccagnini.ar\/wp-content\/uploads\/2020\/02\/Afiche1.jpg\" alt=\"\" class=\"wp-image-901\" srcset=\"https:\/\/zaccagnini.ar\/wp-content\/uploads\/2020\/02\/Afiche1.jpg 460w, https:\/\/zaccagnini.ar\/wp-content\/uploads\/2020\/02\/Afiche1-240x300.jpg 240w\" sizes=\"auto, (max-width: 460px) 100vw, 460px\" \/><figcaption><strong>Particip\u00e9 en la primera elecci\u00f3n del Consejo de T\u00e9cnicos y Profesionales del PJ Capital, que disputaba los cargos con la lista \u00aboficial\u00bb apoyada por Carlos Grosso.<\/strong><\/figcaption><\/figure><\/div>\n\n\n\n<div class=\"wp-block-image\"><figure class=\"aligncenter size-large\"><img loading=\"lazy\" decoding=\"async\" width=\"242\" height=\"701\" src=\"https:\/\/zaccagnini.ar\/wp-content\/uploads\/2020\/02\/Clarin-anuncia-la-interna.jpg\" alt=\"\" class=\"wp-image-910\" srcset=\"https:\/\/zaccagnini.ar\/wp-content\/uploads\/2020\/02\/Clarin-anuncia-la-interna.jpg 242w, https:\/\/zaccagnini.ar\/wp-content\/uploads\/2020\/02\/Clarin-anuncia-la-interna-104x300.jpg 104w\" sizes=\"auto, (max-width: 242px) 100vw, 242px\" \/><figcaption><strong>CLARIN anuncia la interna<\/strong><\/figcaption><\/figure><\/div>\n\n\n\n<div style=\"display:block\">\n<!-- FlowPaper PDF flipbook plugin v.2.0.6 wordpress.org\/plugins\/flowpaper\/ -->\n<iframe title=\"FlowPaper flipbook pdf viewer\" width=\"100%\" height=\"500\" scrolling=\"no\" class=\"flowpaper-class\" frameborder=\"0\" allowFullScreen=\"true\" lightbox=\"false\" cover id src = \"https:\/\/flowpaper.com\/flipbook\/?pdf=https:\/\/zaccagnini.ar\/wp-content\/uploads\/2020\/02\/TRIPTICO-CTP.pdf?wp-hosted=1&title=&header=&theme=&singlepage=&thumbs=1&modified=200217148\" seamless=\"seamless\" style=\"margin-bottom:0;display:block;\">Your browser does not seem to support iframes. <a href=\"https:\/\/flowpaper.com\/flipbook\/?pdf=https:\/\/zaccagnini.ar\/wp-content\/uploads\/2020\/02\/TRIPTICO-CTP.pdf?wp-hosted=1\" target=\"_blank\">Click here to read this PDF<\/a>.<\/iframe>\n<div id=\"flowpaper-logo-bottom\" class=\"flowpaper-logo-bg\" style=\"background:linear-gradient(to right, rgba(0,0,0,0.65) 0%,rgba(0,0,0,0) 200px);width:100%;height:19px; padding-bottom: 1px; padding-left: 5px; padding-right: 10px; display: flex; align-items: center;z-index:9999\"><span style=\"height: 37px; padding-left: 6px;width:90%\"> <a id=\"flowpaper-link\" style=\"fill: #fff\" alt=\"FlowPaper logotype\" title=\"FlowPaper logotype\" href=\"https:\/\/flowpaper.com\" target=\"_blank\"> <img decoding=\"async\" alt=\"Publish PDF flipbooks online\" style=\"height:17px;width:auto;margin-top:11px;\" src=\"https:\/\/zaccagnini.ar\/wp-content\/plugins\/flowpaper-lite-pdf-flipbook\/assets\/flowpaper-logo.png\" border=\"0\"> <\/a> <\/span><span style=\" float: right; right: 0; font-size: 10px; white-space: nowrap; opacity:0.8\"><a href=\"https:\/\/flowpaper.com\/flipbook-maker\/\" target=\"_new\" style=\"text-decoration:none;border-bottom:none;\">Created using FlowPaper Flipbook Maker &#8599;<\/a><\/span><\/div><\/div>\r\n                <script>\r\n                document.addEventListener(\"DOMContentLoaded\", function(){\r\n                    var target_element, iframe_element;\r\n                    iframe_element = document.querySelector(\"iframe.flowpaper-class\");\r\n                    target_element = document.querySelector(\"\");\r\n                    iframe_element.style.height = target_element.offsetHeight + \"px\";\r\n                });\r\n                <\/script>\r\n            \n\n\n\n<p class=\"has-text-align-center\"><strong>\u00c9sta era nuestra propuesta para esa elecci\u00f3n<\/strong><\/p>\n\n\n\n<div class=\"wp-block-image\"><figure class=\"aligncenter size-large\"><img loading=\"lazy\" decoding=\"async\" width=\"1024\" height=\"781\" src=\"https:\/\/zaccagnini.ar\/wp-content\/uploads\/2020\/02\/BoletaInternas-1024x781.jpg\" alt=\"\" class=\"wp-image-897\" srcset=\"https:\/\/zaccagnini.ar\/wp-content\/uploads\/2020\/02\/BoletaInternas-1024x781.jpg 1024w, https:\/\/zaccagnini.ar\/wp-content\/uploads\/2020\/02\/BoletaInternas-300x229.jpg 300w, https:\/\/zaccagnini.ar\/wp-content\/uploads\/2020\/02\/BoletaInternas-768x585.jpg 768w, https:\/\/zaccagnini.ar\/wp-content\/uploads\/2020\/02\/BoletaInternas-80x60.jpg 80w, https:\/\/zaccagnini.ar\/wp-content\/uploads\/2020\/02\/BoletaInternas.jpg 1102w\" sizes=\"auto, (max-width: 1024px) 100vw, 1024px\" \/><figcaption><strong>Con esta boleta triunfamos en la primera elecci\u00f3n del Consejo de T\u00e9cnicos y Profesionales que se realiz\u00f3 en 1988 en el Partido Justicialista de Capital Federal<\/strong><\/figcaption><\/figure><\/div>\n\n\n\n<div class=\"wp-block-image\"><figure class=\"aligncenter size-large\"><img loading=\"lazy\" decoding=\"async\" width=\"551\" height=\"333\" src=\"https:\/\/zaccagnini.ar\/wp-content\/uploads\/2020\/02\/Asuncion-en-UTN.jpg\" alt=\"\" class=\"wp-image-902\" srcset=\"https:\/\/zaccagnini.ar\/wp-content\/uploads\/2020\/02\/Asuncion-en-UTN.jpg 551w, https:\/\/zaccagnini.ar\/wp-content\/uploads\/2020\/02\/Asuncion-en-UTN-300x181.jpg 300w\" sizes=\"auto, (max-width: 551px) 100vw, 551px\" \/><figcaption><strong>Consagramos nuestro triunfo en el Aula Magna de la UTN de la calle Medrano, que se llen\u00f3 con m\u00e1s de 800 compa\u00f1eros y compa\u00f1eras. Se oficializ\u00f3 con la presencia del presidente del partido Carlos Grosso<\/strong><\/figcaption><\/figure><\/div>\n\n\n\n<div style=\"display:block\">\n<!-- FlowPaper PDF flipbook plugin v.2.0.6 wordpress.org\/plugins\/flowpaper\/ -->\n<iframe title=\"FlowPaper flipbook pdf viewer\" width=\"100%\" height=\"500\" scrolling=\"no\" class=\"flowpaper-class\" frameborder=\"0\" allowFullScreen=\"true\" lightbox=\"false\" cover id src = \"https:\/\/flowpaper.com\/flipbook\/?pdf=https:\/\/zaccagnini.ar\/wp-content\/uploads\/2020\/02\/BUENOS-AIRES-EN-BUENAS-MANOS.pdf?wp-hosted=1&title=&header=&theme=&singlepage=&thumbs=1&modified=200217148\" seamless=\"seamless\" style=\"margin-bottom:0;display:block;\">Your browser does not seem to support iframes. <a href=\"https:\/\/flowpaper.com\/flipbook\/?pdf=https:\/\/zaccagnini.ar\/wp-content\/uploads\/2020\/02\/BUENOS-AIRES-EN-BUENAS-MANOS.pdf?wp-hosted=1\" target=\"_blank\">Click here to read this PDF<\/a>.<\/iframe>\n<div id=\"flowpaper-logo-bottom\" class=\"flowpaper-logo-bg\" style=\"background:linear-gradient(to right, rgba(0,0,0,0.65) 0%,rgba(0,0,0,0) 200px);width:100%;height:19px; padding-bottom: 1px; padding-left: 5px; padding-right: 10px; display: flex; align-items: center;z-index:9999\"><span style=\"height: 37px; padding-left: 6px;width:90%\"> <a id=\"flowpaper-link\" style=\"fill: #fff\" alt=\"FlowPaper logotype\" title=\"FlowPaper logotype\" href=\"https:\/\/flowpaper.com\" target=\"_blank\"> <img decoding=\"async\" alt=\"Publish PDF flipbooks online\" style=\"height:17px;width:auto;margin-top:11px;\" src=\"https:\/\/zaccagnini.ar\/wp-content\/plugins\/flowpaper-lite-pdf-flipbook\/assets\/flowpaper-logo.png\" border=\"0\"> <\/a> <\/span><span style=\" float: right; right: 0; font-size: 10px; white-space: nowrap; opacity:0.8\"><a href=\"https:\/\/flowpaper.com\/flipbook-maker\/\" target=\"_new\" style=\"text-decoration:none;border-bottom:none;\">Created using FlowPaper Flipbook Maker &#8599;<\/a><\/span><\/div><\/div>\r\n                <script>\r\n                document.addEventListener(\"DOMContentLoaded\", function(){\r\n                    var target_element, iframe_element;\r\n                    iframe_element = document.querySelector(\"iframe.flowpaper-class\");\r\n                    target_element = document.querySelector(\"\");\r\n                    iframe_element.style.height = target_element.offsetHeight + \"px\";\r\n                });\r\n                <\/script>\r\n            \n\n\n\n<p class=\"has-text-align-center\"><strong>Producto del trabajo de los compa\u00f1eros y compa\u00f1eras del CTP se elabor\u00f3 este documento de propuestas, al que aport\u00e9 el cap\u00edtulo \u00abRevoluci\u00f3n Productiva en la Ciudad de Buenos Aires\u00bb donde ya se planteaba la creaci\u00f3n de una industria del conocimiento. El documento fue base de la campa\u00f1a en el distrito para la elecci\u00f3n presidencial de 1989.<\/strong><\/p>\n","protected":false},"excerpt":{"rendered":"<div class=\"mh-excerpt\"><p>\u00abFui elegido Consejero del Partido Justicialista Metropolitano en la primera elecci\u00f3n de profesionales realizada en el distrito en 1988, venciendo a la lista que encabezaba Roberto \u00abPajarito\u00bb Grabois. Desde ese espacio realizamos una intensa tarea de elaboraci\u00f3n de proyectos y propuestas, lo que allan\u00f3 el camino de mi nombramiento en 1989 como Subsecretario de Sistemas de Informaci\u00f3n de la Ciudad <a class=\"mh-excerpt-more\" href=\"https:\/\/zaccagnini.ar\/index.php\/militante-politico\/consejo-de-tecnicos-y-profesionales-del-partido-justicialista-metropolitano\/\" title=\"Consejo de T\u00e9cnicos y Profesionales del Partido Justicialista Metropolitano\">[&#8230;]<\/a><\/p>\n<\/div>","protected":false},"author":1,"featured_media":902,"parent":417,"menu_order":4,"comment_status":"closed","ping_status":"closed","template":"","meta":{"footnotes":""},"categories":[33],"tags":[],"class_list":["post-895","page","type-page","status-publish","has-post-thumbnail","hentry","category-militante-politico"],"_links":{"self":[{"href":"https:\/\/zaccagnini.ar\/index.php\/wp-json\/wp\/v2\/pages\/895","targetHints":{"allow":["GET"]}}],"collection":[{"href":"https:\/\/zaccagnini.ar\/index.php\/wp-json\/wp\/v2\/pages"}],"about":[{"href":"https:\/\/zaccagnini.ar\/index.php\/wp-json\/wp\/v2\/types\/page"}],"author":[{"embeddable":true,"href":"https:\/\/zaccagnini.ar\/index.php\/wp-json\/wp\/v2\/users\/1"}],"replies":[{"embeddable":true,"href":"https:\/\/zaccagnini.ar\/index.php\/wp-json\/wp\/v2\/comments?post=895"}],"version-history":[{"count":8,"href":"https:\/\/zaccagnini.ar\/index.php\/wp-json\/wp\/v2\/pages\/895\/revisions"}],"predecessor-version":[{"id":1121,"href":"https:\/\/zaccagnini.ar\/index.php\/wp-json\/wp\/v2\/pages\/895\/revisions\/1121"}],"up":[{"embeddable":true,"href":"https:\/\/zaccagnini.ar\/index.php\/wp-json\/wp\/v2\/pages\/417"}],"wp:featuredmedia":[{"embeddable":true,"href":"https:\/\/zaccagnini.ar\/index.php\/wp-json\/wp\/v2\/media\/902"}],"wp:attachment":[{"href":"https:\/\/zaccagnini.ar\/index.php\/wp-json\/wp\/v2\/media?parent=895"}],"wp:term":[{"taxonomy":"category","embeddable":true,"href":"https:\/\/zaccagnini.ar\/index.php\/wp-json\/wp\/v2\/categories?post=895"},{"taxonomy":"post_tag","embeddable":true,"href":"https:\/\/zaccagnini.ar\/index.php\/wp-json\/wp\/v2\/tags?post=895"}],"curies":[{"name":"wp","href":"https:\/\/api.w.org\/{rel}","templated":true}]}}