{"id":862,"date":"2019-08-01T11:34:00","date_gmt":"2019-08-01T14:34:00","guid":{"rendered":"https:\/\/zaccagnini.ar\/?page_id=862"},"modified":"2020-02-17T13:41:32","modified_gmt":"2020-02-17T16:41:32","slug":"congreso-permanente-de-municipalidades-argentinas","status":"publish","type":"page","link":"https:\/\/zaccagnini.ar\/index.php\/militante-politico\/congreso-permanente-de-municipalidades-argentinas\/","title":{"rendered":"Congreso Permanente de Municipalidades Argentinas"},"content":{"rendered":"\n<div class=\"wp-block-image\"><figure class=\"aligncenter size-large\"><img loading=\"lazy\" decoding=\"async\" width=\"244\" height=\"145\" src=\"https:\/\/zaccagnini.ar\/wp-content\/uploads\/2020\/02\/LogoCPMA.jpg\" alt=\"\" class=\"wp-image-879\"\/><\/figure><\/div>\n\n\n\n<p><img loading=\"lazy\" decoding=\"async\" width=\"50\" height=\"58\" class=\"wp-image-1072\" style=\"width: 50px;\" src=\"https:\/\/zaccagnini.ar\/wp-content\/uploads\/2020\/02\/ANOTADOR.gif\" alt=\"\"><strong><em> \u00abImpuls\u00e9 la creaci\u00f3n del Congreso Permanente de Municipalidades Argentinas CPMA como funcionario del gobierno de la Ciudad de Buenos Aires. El CPMA tuvo un vigoroso crecimiento en poco tiempo y fue un exitoso antecedente de la Federaci\u00f3n Argentina de Municipalidades que posteriormente, creara el gobierno de Carlos Sa\u00fal Menem.\u00bb<\/em><\/strong><\/p>\n\n\n\n<div class=\"wp-block-image\"><figure class=\"aligncenter size-large\"><img loading=\"lazy\" decoding=\"async\" width=\"529\" height=\"443\" src=\"https:\/\/zaccagnini.ar\/wp-content\/uploads\/2020\/02\/ConArguello1.jpg\" alt=\"\" class=\"wp-image-885\" srcset=\"https:\/\/zaccagnini.ar\/wp-content\/uploads\/2020\/02\/ConArguello1.jpg 529w, https:\/\/zaccagnini.ar\/wp-content\/uploads\/2020\/02\/ConArguello1-300x251.jpg 300w\" sizes=\"auto, (max-width: 529px) 100vw, 529px\" \/><figcaption><strong>Jorge Zaccagnini y Jorge Arguello abren el primer encuentro de municipalidades<\/strong><\/figcaption><\/figure><\/div>\n\n\n\n<div style=\"display:block\">\n<!-- FlowPaper PDF flipbook plugin v.2.0.6 wordpress.org\/plugins\/flowpaper\/ -->\n<iframe title=\"FlowPaper flipbook pdf viewer\" width=\"100%\" height=\"500\" scrolling=\"no\" class=\"flowpaper-class\" frameborder=\"0\" allowFullScreen=\"true\" lightbox=\"false\" cover id src = \"https:\/\/flowpaper.com\/flipbook\/?pdf=https:\/\/zaccagnini.ar\/wp-content\/uploads\/2020\/02\/Primer-Encuentro-CPMA.pdf?wp-hosted=1&title=&header=&theme=&singlepage=&thumbs=1&modified=200217141\" seamless=\"seamless\" style=\"margin-bottom:0;display:block;\">Your browser does not seem to support iframes. <a href=\"https:\/\/flowpaper.com\/flipbook\/?pdf=https:\/\/zaccagnini.ar\/wp-content\/uploads\/2020\/02\/Primer-Encuentro-CPMA.pdf?wp-hosted=1\" target=\"_blank\">Click here to read this PDF<\/a>.<\/iframe>\n<div id=\"flowpaper-logo-bottom\" class=\"flowpaper-logo-bg\" style=\"background:linear-gradient(to right, rgba(0,0,0,0.65) 0%,rgba(0,0,0,0) 200px);width:100%;height:19px; padding-bottom: 1px; padding-left: 5px; padding-right: 10px; display: flex; align-items: center;z-index:9999\"><span style=\"height: 37px; padding-left: 6px;width:90%\"> <a id=\"flowpaper-link\" style=\"fill: #fff\" alt=\"FlowPaper logotype\" title=\"FlowPaper logotype\" href=\"https:\/\/flowpaper.com\" target=\"_blank\"> <img decoding=\"async\" alt=\"Publish PDF flipbooks online\" style=\"height:17px;width:auto;margin-top:11px;\" src=\"https:\/\/zaccagnini.ar\/wp-content\/plugins\/flowpaper-lite-pdf-flipbook\/assets\/flowpaper-logo.png\" border=\"0\"> <\/a> <\/span><span style=\" float: right; right: 0; font-size: 10px; white-space: nowrap; opacity:0.8\"><a href=\"https:\/\/flowpaper.com\/flipbook-maker\/\" target=\"_new\" style=\"text-decoration:none;border-bottom:none;\">Created using FlowPaper Flipbook Maker &#8599;<\/a><\/span><\/div><\/div>\r\n                <script>\r\n                document.addEventListener(\"DOMContentLoaded\", function(){\r\n                    var target_element, iframe_element;\r\n                    iframe_element = document.querySelector(\"iframe.flowpaper-class\");\r\n                    target_element = document.querySelector(\"\");\r\n                    iframe_element.style.height = target_element.offsetHeight + \"px\";\r\n                });\r\n                <\/script>\r\n            \n\n\n\n<p class=\"has-text-align-center\"> <strong>Cartilla explicativa cursada a los intendentes para el encuentro inicial&#8230; todav\u00eda no se llamaba Congreso Permanente de Municipalidades Argentinas, nombre que propuso el intendente de Neuqu\u00e9n \u00abPich\u00f3n\u00bb Balda en esa primer reuni\u00f3n. Concurrieron m\u00e1s de 190 intendentes de todo el pa\u00eds.<\/strong> <\/p>\n\n\n\n<p class=\"has-text-align-center\"><\/p>\n\n\n\n<div class=\"wp-block-image\"><figure class=\"aligncenter size-large\"><img loading=\"lazy\" decoding=\"async\" width=\"605\" height=\"469\" src=\"https:\/\/zaccagnini.ar\/wp-content\/uploads\/2020\/02\/InvitacionCPMA.jpg\" alt=\"\" class=\"wp-image-878\" srcset=\"https:\/\/zaccagnini.ar\/wp-content\/uploads\/2020\/02\/InvitacionCPMA.jpg 605w, https:\/\/zaccagnini.ar\/wp-content\/uploads\/2020\/02\/InvitacionCPMA-300x233.jpg 300w\" sizes=\"auto, (max-width: 605px) 100vw, 605px\" \/><figcaption><strong>Fascimil de la invitacion a Intendentes Municipales<\/strong><\/figcaption><\/figure><\/div>\n\n\n\n<div style=\"display:block\">\n<!-- FlowPaper PDF flipbook plugin v.2.0.6 wordpress.org\/plugins\/flowpaper\/ -->\n<iframe title=\"FlowPaper flipbook pdf viewer\" width=\"100%\" height=\"500\" scrolling=\"no\" class=\"flowpaper-class\" frameborder=\"0\" allowFullScreen=\"true\" lightbox=\"false\" cover id src = \"https:\/\/flowpaper.com\/flipbook\/?pdf=%20https:\/\/zaccagnini.ar\/wp-content\/uploads\/2020\/02\/CPMA-Presentacion.pdf&title=&header=&theme=&singlepage=&thumbs=1&modified=200217141\" seamless=\"seamless\" style=\"margin-bottom:0;display:block;\">Your browser does not seem to support iframes. <a href=\"https:\/\/flowpaper.com\/flipbook\/?pdf=%20https:\/\/zaccagnini.ar\/wp-content\/uploads\/2020\/02\/CPMA-Presentacion.pdf\" target=\"_blank\">Click here to read this PDF<\/a>.<\/iframe>\n<div id=\"flowpaper-logo-bottom\" class=\"flowpaper-logo-bg\" style=\"background:linear-gradient(to right, rgba(0,0,0,0.65) 0%,rgba(0,0,0,0) 200px);width:100%;height:19px; padding-bottom: 1px; padding-left: 5px; padding-right: 10px; display: flex; align-items: center;z-index:9999\"><span style=\"height: 37px; padding-left: 6px;width:90%\"> <a id=\"flowpaper-link\" style=\"fill: #fff\" alt=\"FlowPaper logotype\" title=\"FlowPaper logotype\" href=\"https:\/\/flowpaper.com\" target=\"_blank\"> <img decoding=\"async\" alt=\"Publish PDF flipbooks online\" style=\"height:17px;width:auto;margin-top:11px;\" src=\"https:\/\/zaccagnini.ar\/wp-content\/plugins\/flowpaper-lite-pdf-flipbook\/assets\/flowpaper-logo.png\" border=\"0\"> <\/a> <\/span><span style=\" float: right; right: 0; font-size: 10px; white-space: nowrap; opacity:0.8\"><a href=\"https:\/\/flowpaper.com\/flipbook-maker\/\" target=\"_new\" style=\"text-decoration:none;border-bottom:none;\">Created using FlowPaper Flipbook Maker &#8599;<\/a><\/span><\/div><\/div>\r\n                <script>\r\n                document.addEventListener(\"DOMContentLoaded\", function(){\r\n                    var target_element, iframe_element;\r\n                    iframe_element = document.querySelector(\"iframe.flowpaper-class\");\r\n                    target_element = document.querySelector(\"\");\r\n                    iframe_element.style.height = target_element.offsetHeight + \"px\";\r\n                });\r\n                <\/script>\r\n            \n\n\n\n<p class=\"has-text-align-center\"><strong>Documento de presentaci\u00f3n del CPMA que describe el proceso de su formaci\u00f3n y desarrollo posterior.<\/strong><\/p>\n\n\n\n<div style=\"display:block\">\n<!-- FlowPaper PDF flipbook plugin v.2.0.6 wordpress.org\/plugins\/flowpaper\/ -->\n<iframe title=\"FlowPaper flipbook pdf viewer\" width=\"100%\" height=\"500\" scrolling=\"no\" class=\"flowpaper-class\" frameborder=\"0\" allowFullScreen=\"true\" lightbox=\"false\" cover id src = \"https:\/\/flowpaper.com\/flipbook\/?pdf=%20https:\/\/zaccagnini.ar\/wp-content\/uploads\/2020\/02\/COMUNICIPAR.pdf&title=&header=&theme=&singlepage=&thumbs=1&modified=200217141\" seamless=\"seamless\" style=\"margin-bottom:0;display:block;\">Your browser does not seem to support iframes. <a href=\"https:\/\/flowpaper.com\/flipbook\/?pdf=%20https:\/\/zaccagnini.ar\/wp-content\/uploads\/2020\/02\/COMUNICIPAR.pdf\" target=\"_blank\">Click here to read this PDF<\/a>.<\/iframe>\n<div id=\"flowpaper-logo-bottom\" class=\"flowpaper-logo-bg\" style=\"background:linear-gradient(to right, rgba(0,0,0,0.65) 0%,rgba(0,0,0,0) 200px);width:100%;height:19px; padding-bottom: 1px; padding-left: 5px; padding-right: 10px; display: flex; align-items: center;z-index:9999\"><span style=\"height: 37px; padding-left: 6px;width:90%\"> <a id=\"flowpaper-link\" style=\"fill: #fff\" alt=\"FlowPaper logotype\" title=\"FlowPaper logotype\" href=\"https:\/\/flowpaper.com\" target=\"_blank\"> <img decoding=\"async\" alt=\"Publish PDF flipbooks online\" style=\"height:17px;width:auto;margin-top:11px;\" src=\"https:\/\/zaccagnini.ar\/wp-content\/plugins\/flowpaper-lite-pdf-flipbook\/assets\/flowpaper-logo.png\" border=\"0\"> <\/a> <\/span><span style=\" float: right; right: 0; font-size: 10px; white-space: nowrap; opacity:0.8\"><a href=\"https:\/\/flowpaper.com\/flipbook-maker\/\" target=\"_new\" style=\"text-decoration:none;border-bottom:none;\">Created using FlowPaper Flipbook Maker &#8599;<\/a><\/span><\/div><\/div>\r\n                <script>\r\n                document.addEventListener(\"DOMContentLoaded\", function(){\r\n                    var target_element, iframe_element;\r\n                    iframe_element = document.querySelector(\"iframe.flowpaper-class\");\r\n                    target_element = document.querySelector(\"\");\r\n                    iframe_element.style.height = target_element.offsetHeight + \"px\";\r\n                });\r\n                <\/script>\r\n            \n\n\n\n<p class=\"has-text-align-center\"><strong>El CPMA editaba el peri\u00f3dico COMUNICIPAR que era enviado a todos los intendentes del pa\u00eds<\/strong><\/p>\n\n\n\n<div class=\"wp-block-image\"><figure class=\"aligncenter size-large\"><img loading=\"lazy\" decoding=\"async\" width=\"625\" height=\"1024\" src=\"https:\/\/zaccagnini.ar\/wp-content\/uploads\/2020\/02\/ENTREVISTA-625x1024.jpg\" alt=\"\" class=\"wp-image-889\" srcset=\"https:\/\/zaccagnini.ar\/wp-content\/uploads\/2020\/02\/ENTREVISTA-625x1024.jpg 625w, https:\/\/zaccagnini.ar\/wp-content\/uploads\/2020\/02\/ENTREVISTA-183x300.jpg 183w, https:\/\/zaccagnini.ar\/wp-content\/uploads\/2020\/02\/ENTREVISTA-768x1258.jpg 768w, https:\/\/zaccagnini.ar\/wp-content\/uploads\/2020\/02\/ENTREVISTA-938x1536.jpg 938w, https:\/\/zaccagnini.ar\/wp-content\/uploads\/2020\/02\/ENTREVISTA-1250x2048.jpg 1250w, https:\/\/zaccagnini.ar\/wp-content\/uploads\/2020\/02\/ENTREVISTA.jpg 1483w\" sizes=\"auto, (max-width: 625px) 100vw, 625px\" \/><\/figure><\/div>\n","protected":false},"excerpt":{"rendered":"<div class=\"mh-excerpt\"><p>\u00abImpuls\u00e9 la creaci\u00f3n del Congreso Permanente de Municipalidades Argentinas CPMA como funcionario del gobierno de la Ciudad de Buenos Aires. El CPMA tuvo un vigoroso crecimiento en poco tiempo y fue un exitoso antecedente de la Federaci\u00f3n Argentina de Municipalidades que posteriormente, creara el gobierno de Carlos Sa\u00fal Menem.\u00bb Cartilla explicativa cursada a los intendentes para el encuentro inicial&#8230; todav\u00eda <a class=\"mh-excerpt-more\" href=\"https:\/\/zaccagnini.ar\/index.php\/militante-politico\/congreso-permanente-de-municipalidades-argentinas\/\" title=\"Congreso Permanente de Municipalidades Argentinas\">[&#8230;]<\/a><\/p>\n<\/div>","protected":false},"author":1,"featured_media":881,"parent":417,"menu_order":5,"comment_status":"closed","ping_status":"closed","template":"","meta":{"footnotes":""},"categories":[33],"tags":[],"class_list":["post-862","page","type-page","status-publish","has-post-thumbnail","hentry","category-militante-politico"],"_links":{"self":[{"href":"https:\/\/zaccagnini.ar\/index.php\/wp-json\/wp\/v2\/pages\/862","targetHints":{"allow":["GET"]}}],"collection":[{"href":"https:\/\/zaccagnini.ar\/index.php\/wp-json\/wp\/v2\/pages"}],"about":[{"href":"https:\/\/zaccagnini.ar\/index.php\/wp-json\/wp\/v2\/types\/page"}],"author":[{"embeddable":true,"href":"https:\/\/zaccagnini.ar\/index.php\/wp-json\/wp\/v2\/users\/1"}],"replies":[{"embeddable":true,"href":"https:\/\/zaccagnini.ar\/index.php\/wp-json\/wp\/v2\/comments?post=862"}],"version-history":[{"count":12,"href":"https:\/\/zaccagnini.ar\/index.php\/wp-json\/wp\/v2\/pages\/862\/revisions"}],"predecessor-version":[{"id":1120,"href":"https:\/\/zaccagnini.ar\/index.php\/wp-json\/wp\/v2\/pages\/862\/revisions\/1120"}],"up":[{"embeddable":true,"href":"https:\/\/zaccagnini.ar\/index.php\/wp-json\/wp\/v2\/pages\/417"}],"wp:featuredmedia":[{"embeddable":true,"href":"https:\/\/zaccagnini.ar\/index.php\/wp-json\/wp\/v2\/media\/881"}],"wp:attachment":[{"href":"https:\/\/zaccagnini.ar\/index.php\/wp-json\/wp\/v2\/media?parent=862"}],"wp:term":[{"taxonomy":"category","embeddable":true,"href":"https:\/\/zaccagnini.ar\/index.php\/wp-json\/wp\/v2\/categories?post=862"},{"taxonomy":"post_tag","embeddable":true,"href":"https:\/\/zaccagnini.ar\/index.php\/wp-json\/wp\/v2\/tags?post=862"}],"curies":[{"name":"wp","href":"https:\/\/api.w.org\/{rel}","templated":true}]}}