{"id":857,"date":"2019-12-31T11:18:00","date_gmt":"2019-12-31T14:18:00","guid":{"rendered":"https:\/\/zaccagnini.ar\/?page_id=857"},"modified":"2020-02-17T13:28:52","modified_gmt":"2020-02-17T16:28:52","slug":"con-pilo-bordon","status":"publish","type":"page","link":"https:\/\/zaccagnini.ar\/index.php\/militante-politico\/con-pilo-bordon\/","title":{"rendered":"Con \u00abPilo\u00bb Bord\u00f3n"},"content":{"rendered":"\n<p><img loading=\"lazy\" decoding=\"async\" width=\"50\" height=\"58\" class=\"wp-image-1072\" style=\"width: 50px;\" src=\"https:\/\/zaccagnini.ar\/wp-content\/uploads\/2020\/02\/ANOTADOR.gif\" alt=\"\"> \u00ab<strong><em>Desde el espacio de Bord\u00f3n, en el que yo participaba, me encargu\u00e9 una vez m\u00e1s del recuento de los votos, como lo hab\u00eda hecho en oportunidades anteriores. Cuando empezaron a llegar los resultados de la Ciudad de Buenos Aires, donde Chacho ten\u00eda mucha fuerza, nos dimos cuenta que ganaba Bord\u00f3n. As\u00ed fue como lo llam\u00e9 a su casa de Mendoza y le insist\u00ed para que viniera, con el argumento de que, si le estaba yendo as\u00ed de bien en la Ciudad de Buenos Aires, era seguro que ganaba la interna. Guardo una foto en la que aparece Bord\u00f3n abraz\u00e1ndome, cuando lo fui a esperar al Aeroparque, en muestra de agradecimiento por el operativo y la validez de mi afirmaci\u00f3n en la llamada. Porqu\u00e9 Bord\u00f3n efectivamente gan\u00f3 esa interna y fue el candidato a Presidente por el Frepaso.\u00bb <\/em><\/strong><\/p>\n\n\n\n<div class=\"wp-block-image\"><figure class=\"aligncenter size-large is-resized\"><img loading=\"lazy\" decoding=\"async\" src=\"https:\/\/zaccagnini.ar\/wp-content\/uploads\/2020\/02\/AnticipandoResultados01-1024x840.jpg\" alt=\"\" class=\"wp-image-858\" width=\"468\" height=\"383\" srcset=\"https:\/\/zaccagnini.ar\/wp-content\/uploads\/2020\/02\/AnticipandoResultados01-1024x840.jpg 1024w, https:\/\/zaccagnini.ar\/wp-content\/uploads\/2020\/02\/AnticipandoResultados01-300x246.jpg 300w, https:\/\/zaccagnini.ar\/wp-content\/uploads\/2020\/02\/AnticipandoResultados01-768x630.jpg 768w, https:\/\/zaccagnini.ar\/wp-content\/uploads\/2020\/02\/AnticipandoResultados01-1536x1259.jpg 1536w, https:\/\/zaccagnini.ar\/wp-content\/uploads\/2020\/02\/AnticipandoResultados01-2048x1679.jpg 2048w\" sizes=\"auto, (max-width: 468px) 100vw, 468px\" \/><figcaption><strong> \u201cEn 1995, el c\u00f3mputo anticipado de la interna del Frepaso entre Bord\u00f3n y \u201cChacho\u201d \u00c1lvarez le daba el triunfo a Bord\u00f3n, como efectivamente sucedi\u00f3\u201d.  <\/strong><\/figcaption><\/figure><\/div>\n\n\n\n<p>Las t\u00e9cnicas que permiten anticipar la tendencia de los resultados electorales al recuento f\u00edsico de los votos se han puesto de moda. Boca de urnas y proyecciones permiten vislumbrar resultados y confirmar \u2013o no- las encuestas de intenci\u00f3n de voto con las que, con las mejores y peores intenciones, se trata de informar o influir en el voto del ciudadano. Sin embargo, en la d\u00e9cada del \u00b480, el uso de estas herramientas en las manos de los partidos pol\u00edticos, distaba mucho de obtener resultados eficaces a la hora de anticipar tendencias. En mi doble car\u00e1cter de inform\u00e1tico y militante del justicialismo de la Ciudad de Buenos Aires, tuve la oportunidad de organizar un sistema de c\u00f3mputo que permiti\u00f3 conocer anticipadamente los resultados en varias elecciones, con un nivel de exactitud nunca alcanzado hasta ese momento.<\/p>\n\n\n\n<p> En 1985 se aproximaban las elecciones a diputados nacionales. El presidente el Partido Justicialista Metropolitano, donde yo participaba, era Carlos Grosso, que se presentaba a esa elecci\u00f3n junto al gremialista Roberto Dig\u00f3n y a Miguel \u00c1ngel Toma. Teniendo en cuenta mi condici\u00f3n de inform\u00e1tico, las autoridades del partido me pidieron que tratara de organizar un sistema que permitiera obtener, en forma anticipada y con un bajo margen de error, una tendencia cierta de los resultados electorales de la Ciudad de Buenos Aires.  <\/p>\n\n\n\n<p>El matutino Clar\u00edn reflej\u00f3 la exactitud de la proyecci\u00f3n que realizamos en la p\u00e1gina 7 de su edici\u00f3n del lunes 4 de noviembre. Con la firma de Ricardo Roa, public\u00f3 que \u201cera una proyecci\u00f3n partidaria del escrutinio, sobre la base de los resultados de dos mesas \u2013 femenina y masculina- de las veintiocho circunscripciones\u2026 (que) estimaba el caudal final en el 26%&#8230;\u201d. El resultado final fue 25,21%. Repetimos el operativo en las elecciones de 1987 y en las presidenciales de 1989, en todos los casos con la misma eficacia.  <\/p>\n\n\n\n<p>A\u00f1os despu\u00e9s, en 1995, organic\u00e9 un operativo electoral similar, en ocasi\u00f3n de las elecciones internas del Frepaso, el espacio pol\u00edtico constituido para enfrentar la reelecci\u00f3n de Carlos Menem como presidente de los argentinos. En esa ocasi\u00f3n compet\u00edan para la candidatura presidencial opositora Jos\u00e9 Octavio \u201cPilo\u201d Bord\u00f3n y Carlos \u201cChacho\u201d \u00c1lvarez. <\/p>\n","protected":false},"excerpt":{"rendered":"<div class=\"mh-excerpt\"><p>\u00abDesde el espacio de Bord\u00f3n, en el que yo participaba, me encargu\u00e9 una vez m\u00e1s del recuento de los votos, como lo hab\u00eda hecho en oportunidades anteriores. Cuando empezaron a llegar los resultados de la Ciudad de Buenos Aires, donde Chacho ten\u00eda mucha fuerza, nos dimos cuenta que ganaba Bord\u00f3n. As\u00ed fue como lo llam\u00e9 a su casa de Mendoza <a class=\"mh-excerpt-more\" href=\"https:\/\/zaccagnini.ar\/index.php\/militante-politico\/con-pilo-bordon\/\" title=\"Con \u00abPilo\u00bb Bord\u00f3n\">[&#8230;]<\/a><\/p>\n<\/div>","protected":false},"author":1,"featured_media":858,"parent":417,"menu_order":6,"comment_status":"closed","ping_status":"closed","template":"","meta":{"footnotes":""},"categories":[33],"tags":[],"class_list":["post-857","page","type-page","status-publish","has-post-thumbnail","hentry","category-militante-politico"],"_links":{"self":[{"href":"https:\/\/zaccagnini.ar\/index.php\/wp-json\/wp\/v2\/pages\/857","targetHints":{"allow":["GET"]}}],"collection":[{"href":"https:\/\/zaccagnini.ar\/index.php\/wp-json\/wp\/v2\/pages"}],"about":[{"href":"https:\/\/zaccagnini.ar\/index.php\/wp-json\/wp\/v2\/types\/page"}],"author":[{"embeddable":true,"href":"https:\/\/zaccagnini.ar\/index.php\/wp-json\/wp\/v2\/users\/1"}],"replies":[{"embeddable":true,"href":"https:\/\/zaccagnini.ar\/index.php\/wp-json\/wp\/v2\/comments?post=857"}],"version-history":[{"count":3,"href":"https:\/\/zaccagnini.ar\/index.php\/wp-json\/wp\/v2\/pages\/857\/revisions"}],"predecessor-version":[{"id":1117,"href":"https:\/\/zaccagnini.ar\/index.php\/wp-json\/wp\/v2\/pages\/857\/revisions\/1117"}],"up":[{"embeddable":true,"href":"https:\/\/zaccagnini.ar\/index.php\/wp-json\/wp\/v2\/pages\/417"}],"wp:featuredmedia":[{"embeddable":true,"href":"https:\/\/zaccagnini.ar\/index.php\/wp-json\/wp\/v2\/media\/858"}],"wp:attachment":[{"href":"https:\/\/zaccagnini.ar\/index.php\/wp-json\/wp\/v2\/media?parent=857"}],"wp:term":[{"taxonomy":"category","embeddable":true,"href":"https:\/\/zaccagnini.ar\/index.php\/wp-json\/wp\/v2\/categories?post=857"},{"taxonomy":"post_tag","embeddable":true,"href":"https:\/\/zaccagnini.ar\/index.php\/wp-json\/wp\/v2\/tags?post=857"}],"curies":[{"name":"wp","href":"https:\/\/api.w.org\/{rel}","templated":true}]}}