{"id":811,"date":"2020-02-07T12:06:00","date_gmt":"2020-02-07T15:06:00","guid":{"rendered":"https:\/\/zaccagnini.ar\/?page_id=811"},"modified":"2020-02-17T10:18:47","modified_gmt":"2020-02-17T13:18:47","slug":"la-razon-de-este-sitio","status":"publish","type":"page","link":"https:\/\/zaccagnini.ar\/","title":{"rendered":"\u00bfCu\u00e1l es el sentido de la existencia de este sitio?"},"content":{"rendered":"\n<h4 class=\"has-text-color has-text-align-center wp-block-heading\" style=\"color:#73acd0\"><strong><em>dice Jorge Zaccagnini:<\/em><\/strong><\/h4>\n\n\n\n<p class=\"has-text-align-center\"><strong><em>\u00abEste es un sitio que cuenta historias vividas personalmente. La mayor\u00eda de ellas vinculadas, de una manera u otra, con mi profesi\u00f3n: la inform\u00e1tica. Y con mi pa\u00eds: la Argentina.\u00bb<\/em><\/strong><\/p>\n\n\n\n<div class=\"wp-block-image\"><figure class=\"aligncenter size-large is-resized\"><img loading=\"lazy\" decoding=\"async\" src=\"https:\/\/zaccagnini.ar\/wp-content\/uploads\/2020\/01\/BancoNacion-1024x825.jpg\" alt=\"\" class=\"wp-image-42\" width=\"329\" height=\"265\" srcset=\"https:\/\/zaccagnini.ar\/wp-content\/uploads\/2020\/01\/BancoNacion-1024x825.jpg 1024w, https:\/\/zaccagnini.ar\/wp-content\/uploads\/2020\/01\/BancoNacion-300x242.jpg 300w, https:\/\/zaccagnini.ar\/wp-content\/uploads\/2020\/01\/BancoNacion-768x619.jpg 768w, https:\/\/zaccagnini.ar\/wp-content\/uploads\/2020\/01\/BancoNacion-1536x1237.jpg 1536w, https:\/\/zaccagnini.ar\/wp-content\/uploads\/2020\/01\/BancoNacion-2048x1650.jpg 2048w\" sizes=\"auto, (max-width: 329px) 100vw, 329px\" \/><figcaption><strong>1965. Analista-programador del Banco de la Naci\u00f3n Argentina<\/strong><\/figcaption><\/figure><\/div>\n\n\n\n<p class=\"has-text-align-center\"><img loading=\"lazy\" decoding=\"async\" width=\"45\" height=\"91\" class=\"wp-image-1074\" style=\"width: 45px;\" src=\"https:\/\/zaccagnini.ar\/wp-content\/uploads\/2020\/02\/FLECHA.gif\" alt=\"\"><\/p>\n\n\n\n<p class=\"has-text-align-center\"><strong><em>\u00abEn m\u00e1s de medio siglo de mi vida he sido espectador, testigo e incluso protagonista de hechos trascendentes vinculados a la tecnolog\u00eda y a la pol\u00edtica. He conservado recuerdos y tengo vivencias que las nuevas generaciones tienen derecho a conocer. Contando las historias tal como las recuerdo, sin m\u00e1s pretensiones que contribuir a que las mismas no queden sepultadas en el olvido por el paso del tiempo.\u00bb<\/em><\/strong><\/p>\n\n\n\n<div class=\"wp-block-image\"><figure class=\"aligncenter size-large is-resized\"><img loading=\"lazy\" decoding=\"async\" src=\"https:\/\/zaccagnini.ar\/wp-content\/uploads\/2020\/02\/ConLamberto1-1024x683.jpg\" alt=\"\" class=\"wp-image-448\" width=\"305\" height=\"201\"\/><figcaption><strong>2019. Asesor de la Presidencia de la Auditoria General de la Naci\u00f3n<\/strong><\/figcaption><\/figure><\/div>\n\n\n\n<p><\/p>\n","protected":false},"excerpt":{"rendered":"<div class=\"mh-excerpt\"><p>dice Jorge Zaccagnini: \u00abEste es un sitio que cuenta historias vividas personalmente. La mayor\u00eda de ellas vinculadas, de una manera u otra, con mi profesi\u00f3n: la inform\u00e1tica. Y con mi pa\u00eds: la Argentina.\u00bb \u00abEn m\u00e1s de medio siglo de mi vida he sido espectador, testigo e incluso protagonista de hechos trascendentes vinculados a la tecnolog\u00eda y a la pol\u00edtica. He <a class=\"mh-excerpt-more\" href=\"https:\/\/zaccagnini.ar\/\" title=\"\u00bfCu\u00e1l es el sentido de la existencia de este sitio?\">[&#8230;]<\/a><\/p>\n<\/div>","protected":false},"author":1,"featured_media":0,"parent":0,"menu_order":0,"comment_status":"closed","ping_status":"closed","template":"","meta":{"footnotes":""},"categories":[],"tags":[],"class_list":["post-811","page","type-page","status-publish","hentry"],"_links":{"self":[{"href":"https:\/\/zaccagnini.ar\/index.php\/wp-json\/wp\/v2\/pages\/811","targetHints":{"allow":["GET"]}}],"collection":[{"href":"https:\/\/zaccagnini.ar\/index.php\/wp-json\/wp\/v2\/pages"}],"about":[{"href":"https:\/\/zaccagnini.ar\/index.php\/wp-json\/wp\/v2\/types\/page"}],"author":[{"embeddable":true,"href":"https:\/\/zaccagnini.ar\/index.php\/wp-json\/wp\/v2\/users\/1"}],"replies":[{"embeddable":true,"href":"https:\/\/zaccagnini.ar\/index.php\/wp-json\/wp\/v2\/comments?post=811"}],"version-history":[{"count":13,"href":"https:\/\/zaccagnini.ar\/index.php\/wp-json\/wp\/v2\/pages\/811\/revisions"}],"predecessor-version":[{"id":1077,"href":"https:\/\/zaccagnini.ar\/index.php\/wp-json\/wp\/v2\/pages\/811\/revisions\/1077"}],"wp:attachment":[{"href":"https:\/\/zaccagnini.ar\/index.php\/wp-json\/wp\/v2\/media?parent=811"}],"wp:term":[{"taxonomy":"category","embeddable":true,"href":"https:\/\/zaccagnini.ar\/index.php\/wp-json\/wp\/v2\/categories?post=811"},{"taxonomy":"post_tag","embeddable":true,"href":"https:\/\/zaccagnini.ar\/index.php\/wp-json\/wp\/v2\/tags?post=811"}],"curies":[{"name":"wp","href":"https:\/\/api.w.org\/{rel}","templated":true}]}}