{"id":532,"date":"2019-12-04T20:15:00","date_gmt":"2019-12-04T23:15:00","guid":{"rendered":"https:\/\/zaccagnini.ar\/?page_id=532"},"modified":"2020-02-17T12:21:46","modified_gmt":"2020-02-17T15:21:46","slug":"confederacion-de-trabajadores-tecnologicos","status":"publish","type":"page","link":"https:\/\/zaccagnini.ar\/index.php\/gremialista\/confederacion-de-trabajadores-tecnologicos\/","title":{"rendered":"Confederaci\u00f3n de Trabajadores Tecnol\u00f3gicos"},"content":{"rendered":"\n<p><strong>\u00ab<em>Cuando el crecimiento de la actividad local se produce principalmente por el aporte a demandas generadas por empresas que lideran la comercializaci\u00f3n global, la consecuencia es un proceso de apropiaci\u00f3n temprana del conocimiento de los argentinos por parte de esas empresas, y termina formando parte de productos que les genera a esas empresas, un beneficio econ\u00f3mico extra que pagan otros. Entre ellos, nosotros mismos, que terminamos comprando inteligencia argentina como valor agregado de productos cuyos beneficios van a parar a otros bolsillos.\u00bb<\/em><\/strong><\/p>\n\n\n\n<div class=\"wp-block-group\"><div class=\"wp-block-group__inner-container is-layout-flow wp-block-group-is-layout-flow\">\n<p class=\"has-text-color has-text-align-center has-vivid-cyan-blue-color\"><strong>De la lana al conocimiento: el mismo perro, diferente collar<\/strong><\/p>\n<\/div><\/div>\n\n\n\n<p>\u00ab<em>Algo similar ocurr\u00eda cuando le vend\u00edamos lana a las f\u00e1bricas textiles inglesas y le compr\u00e1bamos las prendas terminadas con trabajo ingl\u00e9s. S\u00f3lo que en este caso, la \u201clana\u201d que vendemos es inteligencia y conocimiento de los argentinos.<\/em>\u00ab<\/p>\n\n\n\n<div class=\"wp-block-image\"><figure class=\"aligncenter size-large\"><img loading=\"lazy\" decoding=\"async\" width=\"1024\" height=\"470\" src=\"https:\/\/zaccagnini.ar\/wp-content\/uploads\/2020\/02\/Jornada-CTT-1024x470.jpg\" alt=\"\" class=\"wp-image-530\" srcset=\"https:\/\/zaccagnini.ar\/wp-content\/uploads\/2020\/02\/Jornada-CTT-1024x470.jpg 1024w, https:\/\/zaccagnini.ar\/wp-content\/uploads\/2020\/02\/Jornada-CTT-300x138.jpg 300w, https:\/\/zaccagnini.ar\/wp-content\/uploads\/2020\/02\/Jornada-CTT-768x353.jpg 768w, https:\/\/zaccagnini.ar\/wp-content\/uploads\/2020\/02\/Jornada-CTT-1536x705.jpg 1536w, https:\/\/zaccagnini.ar\/wp-content\/uploads\/2020\/02\/Jornada-CTT-2048x940.jpg 2048w\" sizes=\"auto, (max-width: 1024px) 100vw, 1024px\" \/><\/figure><\/div>\n\n\n\n<figure class=\"wp-block-embed-youtube wp-block-embed is-type-video is-provider-youtube wp-embed-aspect-16-9 wp-has-aspect-ratio\"><div class=\"wp-block-embed__wrapper\">\n<iframe loading=\"lazy\"  id=\"_ytid_23465\"  width=\"480\" height=\"270\"  data-origwidth=\"480\" data-origheight=\"270\"  data-relstop=\"1\" src=\"https:\/\/www.youtube.com\/embed\/HW2ia2_pyK0?enablejsapi=1&#038;autoplay=0&#038;cc_load_policy=0&#038;cc_lang_pref=&#038;iv_load_policy=1&#038;loop=0&#038;rel=0&#038;fs=1&#038;playsinline=0&#038;autohide=2&#038;theme=dark&#038;color=red&#038;controls=1&#038;disablekb=0&#038;\" class=\"__youtube_prefs__  epyt-is-override  no-lazyload\" title=\"YouTube player\"  allow=\"fullscreen; accelerometer; autoplay; clipboard-write; encrypted-media; gyroscope; picture-in-picture; web-share\" referrerpolicy=\"strict-origin-when-cross-origin\" allowfullscreen data-no-lazy=\"1\" data-skipgform_ajax_framebjll=\"\"><\/iframe>\n<\/div><figcaption><strong>Zaccagnini cuenta c\u00f3mo se incorpor\u00f3 el escalaf\u00f3n inform\u00e1tico al Convenio Colectivo de la Uni\u00f3n Obrera Metal\u00fargica en 1975. El agradecimiento del Secretario General de la UOM Antonio Cal\u00f3<\/strong><\/figcaption><\/figure>\n\n\n\n<figure class=\"wp-block-embed-youtube wp-block-embed is-type-video is-provider-youtube wp-embed-aspect-16-9 wp-has-aspect-ratio\"><div class=\"wp-block-embed__wrapper\">\n<iframe loading=\"lazy\"  id=\"_ytid_22914\"  width=\"480\" height=\"270\"  data-origwidth=\"480\" data-origheight=\"270\"  data-relstop=\"1\" src=\"https:\/\/www.youtube.com\/embed\/mexcfiehXRU?enablejsapi=1&#038;autoplay=0&#038;cc_load_policy=0&#038;cc_lang_pref=&#038;iv_load_policy=1&#038;loop=0&#038;rel=0&#038;fs=1&#038;playsinline=0&#038;autohide=2&#038;theme=dark&#038;color=red&#038;controls=1&#038;disablekb=0&#038;\" class=\"__youtube_prefs__  epyt-is-override  no-lazyload\" title=\"YouTube player\"  allow=\"fullscreen; accelerometer; autoplay; clipboard-write; encrypted-media; gyroscope; picture-in-picture; web-share\" referrerpolicy=\"strict-origin-when-cross-origin\" allowfullscreen data-no-lazy=\"1\" data-skipgform_ajax_framebjll=\"\"><\/iframe>\n<\/div><figcaption><strong> Roberto Bonetti, Secretario General de la Uni\u00f3n Obrera Metal\u00fargica Seccional Capital, reconoce la tarea de Jorge Zaccagnini para alcanzar la representaci\u00f3n de los trabajadores inform\u00e1ticos. <\/strong><\/figcaption><\/figure>\n\n\n\n<div style=\"display:block\">\n<!-- FlowPaper PDF flipbook plugin v.2.0.6 wordpress.org\/plugins\/flowpaper\/ -->\n<iframe title=\"FlowPaper flipbook pdf viewer\" width=\"100%\" height=\"500\" scrolling=\"no\" class=\"flowpaper-class\" frameborder=\"0\" allowFullScreen=\"true\" lightbox=\"false\" cover id src = \"https:\/\/flowpaper.com\/flipbook\/?pdf=https:\/\/zaccagnini.ar\/wp-content\/uploads\/2020\/02\/CTT-Tecnolog\u00eda-y-trabajo.pdf?wp-hosted=1&title=&header=&theme=&singlepage=&thumbs=1&modified=2002171221\" seamless=\"seamless\" style=\"margin-bottom:0;display:block;\">Your browser does not seem to support iframes. <a href=\"https:\/\/flowpaper.com\/flipbook\/?pdf=https:\/\/zaccagnini.ar\/wp-content\/uploads\/2020\/02\/CTT-Tecnolog\u00eda-y-trabajo.pdf?wp-hosted=1\" target=\"_blank\">Click here to read this PDF<\/a>.<\/iframe>\n<div id=\"flowpaper-logo-bottom\" class=\"flowpaper-logo-bg\" style=\"background:linear-gradient(to right, rgba(0,0,0,0.65) 0%,rgba(0,0,0,0) 200px);width:100%;height:19px; padding-bottom: 1px; padding-left: 5px; padding-right: 10px; display: flex; align-items: center;z-index:9999\"><span style=\"height: 37px; padding-left: 6px;width:90%\"> <a id=\"flowpaper-link\" style=\"fill: #fff\" alt=\"FlowPaper logotype\" title=\"FlowPaper logotype\" href=\"https:\/\/flowpaper.com\" target=\"_blank\"> <img decoding=\"async\" alt=\"Publish PDF flipbooks online\" style=\"height:17px;width:auto;margin-top:11px;\" src=\"https:\/\/zaccagnini.ar\/wp-content\/plugins\/flowpaper-lite-pdf-flipbook\/assets\/flowpaper-logo.png\" border=\"0\"> <\/a> <\/span><span style=\" float: right; right: 0; font-size: 10px; white-space: nowrap; opacity:0.8\"><a href=\"https:\/\/flowpaper.com\/flipbook-maker\/\" target=\"_new\" style=\"text-decoration:none;border-bottom:none;\">Created using FlowPaper Flipbook Maker &#8599;<\/a><\/span><\/div><\/div>\r\n                <script>\r\n                document.addEventListener(\"DOMContentLoaded\", function(){\r\n                    var target_element, iframe_element;\r\n                    iframe_element = document.querySelector(\"iframe.flowpaper-class\");\r\n                    target_element = document.querySelector(\"\");\r\n                    iframe_element.style.height = target_element.offsetHeight + \"px\";\r\n                });\r\n                <\/script>\r\n            \n","protected":false},"excerpt":{"rendered":"<div class=\"mh-excerpt\"><p>\u00abCuando el crecimiento de la actividad local se produce principalmente por el aporte a demandas generadas por empresas que lideran la comercializaci\u00f3n global, la consecuencia es un proceso de apropiaci\u00f3n temprana del conocimiento de los argentinos por parte de esas empresas, y termina formando parte de productos que les genera a esas empresas, un beneficio econ\u00f3mico extra que pagan otros. <a class=\"mh-excerpt-more\" href=\"https:\/\/zaccagnini.ar\/index.php\/gremialista\/confederacion-de-trabajadores-tecnologicos\/\" title=\"Confederaci\u00f3n de Trabajadores Tecnol\u00f3gicos\">[&#8230;]<\/a><\/p>\n<\/div>","protected":false},"author":1,"featured_media":533,"parent":408,"menu_order":3,"comment_status":"closed","ping_status":"closed","template":"","meta":{"footnotes":""},"categories":[32,34],"tags":[],"class_list":["post-532","page","type-page","status-publish","has-post-thumbnail","hentry","category-gremialista","category-militante-social"],"_links":{"self":[{"href":"https:\/\/zaccagnini.ar\/index.php\/wp-json\/wp\/v2\/pages\/532","targetHints":{"allow":["GET"]}}],"collection":[{"href":"https:\/\/zaccagnini.ar\/index.php\/wp-json\/wp\/v2\/pages"}],"about":[{"href":"https:\/\/zaccagnini.ar\/index.php\/wp-json\/wp\/v2\/types\/page"}],"author":[{"embeddable":true,"href":"https:\/\/zaccagnini.ar\/index.php\/wp-json\/wp\/v2\/users\/1"}],"replies":[{"embeddable":true,"href":"https:\/\/zaccagnini.ar\/index.php\/wp-json\/wp\/v2\/comments?post=532"}],"version-history":[{"count":10,"href":"https:\/\/zaccagnini.ar\/index.php\/wp-json\/wp\/v2\/pages\/532\/revisions"}],"predecessor-version":[{"id":1097,"href":"https:\/\/zaccagnini.ar\/index.php\/wp-json\/wp\/v2\/pages\/532\/revisions\/1097"}],"up":[{"embeddable":true,"href":"https:\/\/zaccagnini.ar\/index.php\/wp-json\/wp\/v2\/pages\/408"}],"wp:featuredmedia":[{"embeddable":true,"href":"https:\/\/zaccagnini.ar\/index.php\/wp-json\/wp\/v2\/media\/533"}],"wp:attachment":[{"href":"https:\/\/zaccagnini.ar\/index.php\/wp-json\/wp\/v2\/media?parent=532"}],"wp:term":[{"taxonomy":"category","embeddable":true,"href":"https:\/\/zaccagnini.ar\/index.php\/wp-json\/wp\/v2\/categories?post=532"},{"taxonomy":"post_tag","embeddable":true,"href":"https:\/\/zaccagnini.ar\/index.php\/wp-json\/wp\/v2\/tags?post=532"}],"curies":[{"name":"wp","href":"https:\/\/api.w.org\/{rel}","templated":true}]}}