{"id":527,"date":"2019-11-02T20:02:00","date_gmt":"2019-11-02T23:02:00","guid":{"rendered":"https:\/\/zaccagnini.ar\/?page_id=527"},"modified":"2020-02-17T12:53:46","modified_gmt":"2020-02-17T15:53:46","slug":"asociacion-de-trabajadores-de-procesamiento-de-datos-atpd","status":"publish","type":"page","link":"https:\/\/zaccagnini.ar\/index.php\/gremialista\/asociacion-de-trabajadores-de-procesamiento-de-datos-atpd\/","title":{"rendered":"Asociaci\u00f3n de Trabajadores de Procesamiento de Datos ATPD"},"content":{"rendered":"\n<p><img loading=\"lazy\" decoding=\"async\" width=\"50\" height=\"58\" class=\"wp-image-1072\" style=\"width: 50px;\" src=\"https:\/\/zaccagnini.ar\/wp-content\/uploads\/2020\/02\/ANOTADOR.gif\" alt=\"\"><em><strong> \u00bb Como creador y secretario general de la  Asociaci\u00f3n de Trabajadores de Procesamiento de Datos ATPD, puedo ayudar a reconstruir la historia  de esa organizaci\u00f3n gremial, que surgi\u00f3 en la d\u00e9cada del\u00b470, ante la necesidad de que los intereses de los traba\u00adjadores inform\u00e1ticos tuvieran una expresi\u00f3n concreta dentro de la actividad gremial argentina. Fue una experiencia pionera en el mundo. El manifiesto inicial de la ATPD afirmaba que, de la misma manera que a principios de siglo XX los gremios de la carne fueron la columna vertebral de la industria argentina, la organizaci\u00f3n de los trabajadores de procesamiento de datos iba a constituir un factor de enorme poder pol\u00edtico y gremial. Cuarenta a\u00f1os despu\u00e9s, la realidad confirma lo acertado de esa afirmaci\u00f3n.\u00bb<\/strong><\/em><\/p>\n\n\n\n<figure class=\"wp-block-image size-large\"><img loading=\"lazy\" decoding=\"async\" width=\"1024\" height=\"771\" src=\"https:\/\/zaccagnini.ar\/wp-content\/uploads\/2020\/02\/ATPD03-1024x771.jpg\" alt=\"\" class=\"wp-image-831\" srcset=\"https:\/\/zaccagnini.ar\/wp-content\/uploads\/2020\/02\/ATPD03-1024x771.jpg 1024w, https:\/\/zaccagnini.ar\/wp-content\/uploads\/2020\/02\/ATPD03-300x226.jpg 300w, https:\/\/zaccagnini.ar\/wp-content\/uploads\/2020\/02\/ATPD03-768x578.jpg 768w, https:\/\/zaccagnini.ar\/wp-content\/uploads\/2020\/02\/ATPD03-678x509.jpg 678w, https:\/\/zaccagnini.ar\/wp-content\/uploads\/2020\/02\/ATPD03-326x245.jpg 326w, https:\/\/zaccagnini.ar\/wp-content\/uploads\/2020\/02\/ATPD03-80x60.jpg 80w, https:\/\/zaccagnini.ar\/wp-content\/uploads\/2020\/02\/ATPD03.jpg 1102w\" sizes=\"auto, (max-width: 1024px) 100vw, 1024px\" \/><\/figure>\n\n\n\n<h2 class=\"has-vivid-cyan-blue-color has-text-color has-text-align-center wp-block-heading\"><strong><em>Y\nAPARECIO LA ATPD<\/em><\/strong><\/h2>\n\n\n\n<p class=\"has-text-align-right\"><strong><em>Por\nHoracio Bossio<\/em><\/strong><\/p>\n\n\n\n<p>En los a\u00f1os 70, quienes trabaj\u00e1bamos en las \u00e1reas de \u201cLa Computadora\u201d est\u00e1bamos encuadrados en el ambiente de las empresas, dentro de las categor\u00edas de bichos raros, afortunados o pedantes que quieren cambiar las cosas a su antojo. No muy bien considerados por el resto de la organizaci\u00f3n a la que pertenec\u00edamos, conform\u00e1bamos una comunidad con caracter\u00edsticas propias que nos separaba del resto, a\u00fan cuando hici\u00e9ramos desde lo personal ingentes esfuerzos para revertir la situaci\u00f3n. El com\u00fan de nuestros compa\u00f1eros hablaba con cierto despecho de los de sistemas, pensando que, sin motivo, recib\u00edamos mejor remuneraci\u00f3n, habida cuenta que no mucho tiempo atr\u00e1s, nos sent\u00e1bamos en el mismo escritorio y viv\u00edamos las mismas inquietudes y necesidades.<\/p>\n\n\n\n<p>Mientras tanto, nosotros naveg\u00e1bamos entre dos mares: el de la Prosperidad y el del Desconocimiento de la Propia Personalidad. En el primero, viento en popa, nos mov\u00edamos en ambientes llenos de misterio, con m\u00e1quinas inmensas y dif\u00edciles de comprender y actu\u00e1bamos con libertad cr\u00edtica en todos los recintos de la organizaci\u00f3n, perteneci\u00e9ramos directamente a ella o como proveedores contratados por la misma. El otro mar no estaba para nada calmo. Quiz\u00e1s a\u00fan no lo est\u00e9, pero en aquellos tiempos las olas de la incertidumbre profesional eran dif\u00edciles de sortear. Si bien estaban definidas estructuras org\u00e1nicas y funcionales con bastante precisi\u00f3n y acierto, de hecho en buena medida a\u00fan lo est\u00e1n, el individuo que gastaba su hacer no ten\u00eda para nada claras ni su pertenencia ni su desarrollo profesional.<\/p>\n\n\n\n<p>Personalmente, hab\u00eda concluido una carrera universitaria af\u00edn al tema y ni siquiera la C\u00e1tedra nos daba respuesta concreta, amplia y precisa a nuestra identidad. Los Gremios no nos encuadraban, por lo tanto no \u00e9ramos formalmente Trabajadores. Las Empresas no reconoc\u00edan nuestros diplomas universitarios, por lo cual tampoco se nos consideraba profesionales. Las otras \u00e1reas, directamente, nos declaraban extra\u00f1os y los directivos &nbsp;desconfianza de nuestra \u201clealtad\u201d: inteligencia m\u00e1s conocimiento, peligro latente.<\/p>\n\n\n\n<p>\u00bfLa formaci\u00f3n espec\u00edfica? Bien gracias. Aportada por las empresas proveedoras de material, estaba dirigida a incrementar la compra de nuevas ofertas m\u00e1s que a proponer conceptos de an\u00e1lisis, organizaci\u00f3n, calidad y gesti\u00f3n. Para colmo, y aqu\u00ed aparece el gran generador del oleaje de este mar que estamos navegando, la capacitaci\u00f3n estaba limitada solo a un grupo de personas que, con buena intenci\u00f3n o no, eran previamente seleccionadas. La comunidad ten\u00eda poca oportunidad de participaci\u00f3n.<\/p>\n\n\n\n<p class=\"has-text-color has-vivid-cyan-blue-color\">Y entonces\u2026..Apareci\u00f3 la ATPD \u2013 Asociaci\u00f3n de Trabajadores de Procesamiento de Datos, con una propuesta surgida desde adentro, expansiva y con fuerte conocimiento de las necesidades de esta profesi\u00f3n que estaba naciendo. El nombre daba validez a su existencia: TRABAJADORES, eso \u00e9ramos. Profesionales de un oficio, con o sin jerarqu\u00eda universitaria (eso era tema de escalaf\u00f3n), donde un grupo de j\u00f3venes con inquietud nos pusimos a trabajar liderados por mi amigo y compa\u00f1ero Jorge Zaccagnini, uno de los ide\u00f3logos de nuestra construcci\u00f3n, en la que avanzamos profundamente, siendo pilar fundamental de otras organizaciones que se crearon posteriormente.<\/p>\n\n\n\n<p>Dise\u00f1amos y redactamos la estructura funcional necesaria en ese momento. Fundamentamos jerarqu\u00edas y las relacionamos entre s\u00ed, proponiendo distintos tipos posibles de organizaci\u00f3n y carrera interna de responsabilidades, creando el primer escalaf\u00f3n espec\u00edfico. Organizamos nuestro Centro de Capacitaci\u00f3n abierto a toda la sociedad y gratuito, que me toc\u00f3 dirigir, que contaba con toda la curricular necesaria para satisfacer la demanda de las funciones incorporadas en el escalaf\u00f3n. De este Centro surgieron gran cantidad de compa\u00f1eros de ruta y profesi\u00f3n que dieron prestigio a nuestra tarea.<\/p>\n\n\n\n<p><strong><em>El <\/em><\/strong>escalaf\u00f3n fue adoptado por varias organizaciones sindicales y mal utilizado por otras. Sufr\u00ed personalmente alguna consecuencia del accionar de las segundas. Pero ese no es el tema: el escalaf\u00f3n y su creadora, la ATPD, fueron un \u00e9xito hist\u00f3rico que a\u00fan hoy eleva, enorgullece y alegra los corazones de quienes participamos en su desarrollo.<\/p>\n\n\n\n<p>La \u00e9poca se puso dif\u00edcil y quiz\u00e1s nosotros, al menos yo, no ten\u00edamos la experiencia necesaria para conducirla hasta transformarla en la organizaci\u00f3n de car\u00e1cter superior. Dej\u00f3 formalmente de funcionar, pero nunca se fue, est\u00e1 presente en cada uno de nuestros actos y convicciones porque form\u00f3 nuestro criterio y raz\u00f3n de ser.<\/p>\n\n\n\n<p class=\"has-text-color has-vivid-cyan-blue-color\">A los compa\u00f1eros que tanto hicieron para construirla y desarrollarla, a la vieja y querida ATPD que tanto aport\u00f3 y quiz\u00e1s tambi\u00e9n a la futura y necesaria: Salute.<\/p>\n","protected":false},"excerpt":{"rendered":"<div class=\"mh-excerpt\"><p>\u00bb Como creador y secretario general de la Asociaci\u00f3n de Trabajadores de Procesamiento de Datos ATPD, puedo ayudar a reconstruir la historia de esa organizaci\u00f3n gremial, que surgi\u00f3 en la d\u00e9cada del\u00b470, ante la necesidad de que los intereses de los traba\u00adjadores inform\u00e1ticos tuvieran una expresi\u00f3n concreta dentro de la actividad gremial argentina. Fue una experiencia pionera en el mundo. <a class=\"mh-excerpt-more\" href=\"https:\/\/zaccagnini.ar\/index.php\/gremialista\/asociacion-de-trabajadores-de-procesamiento-de-datos-atpd\/\" title=\"Asociaci\u00f3n de Trabajadores de Procesamiento de Datos ATPD\">[&#8230;]<\/a><\/p>\n<\/div>","protected":false},"author":1,"featured_media":33,"parent":408,"menu_order":1,"comment_status":"closed","ping_status":"closed","template":"","meta":{"footnotes":""},"categories":[32,34],"tags":[],"class_list":["post-527","page","type-page","status-publish","has-post-thumbnail","hentry","category-gremialista","category-militante-social"],"_links":{"self":[{"href":"https:\/\/zaccagnini.ar\/index.php\/wp-json\/wp\/v2\/pages\/527","targetHints":{"allow":["GET"]}}],"collection":[{"href":"https:\/\/zaccagnini.ar\/index.php\/wp-json\/wp\/v2\/pages"}],"about":[{"href":"https:\/\/zaccagnini.ar\/index.php\/wp-json\/wp\/v2\/types\/page"}],"author":[{"embeddable":true,"href":"https:\/\/zaccagnini.ar\/index.php\/wp-json\/wp\/v2\/users\/1"}],"replies":[{"embeddable":true,"href":"https:\/\/zaccagnini.ar\/index.php\/wp-json\/wp\/v2\/comments?post=527"}],"version-history":[{"count":4,"href":"https:\/\/zaccagnini.ar\/index.php\/wp-json\/wp\/v2\/pages\/527\/revisions"}],"predecessor-version":[{"id":1104,"href":"https:\/\/zaccagnini.ar\/index.php\/wp-json\/wp\/v2\/pages\/527\/revisions\/1104"}],"up":[{"embeddable":true,"href":"https:\/\/zaccagnini.ar\/index.php\/wp-json\/wp\/v2\/pages\/408"}],"wp:featuredmedia":[{"embeddable":true,"href":"https:\/\/zaccagnini.ar\/index.php\/wp-json\/wp\/v2\/media\/33"}],"wp:attachment":[{"href":"https:\/\/zaccagnini.ar\/index.php\/wp-json\/wp\/v2\/media?parent=527"}],"wp:term":[{"taxonomy":"category","embeddable":true,"href":"https:\/\/zaccagnini.ar\/index.php\/wp-json\/wp\/v2\/categories?post=527"},{"taxonomy":"post_tag","embeddable":true,"href":"https:\/\/zaccagnini.ar\/index.php\/wp-json\/wp\/v2\/tags?post=527"}],"curies":[{"name":"wp","href":"https:\/\/api.w.org\/{rel}","templated":true}]}}