{"id":519,"date":"2019-12-06T19:40:00","date_gmt":"2019-12-06T22:40:00","guid":{"rendered":"https:\/\/zaccagnini.ar\/?page_id=519"},"modified":"2020-02-17T11:34:11","modified_gmt":"2020-02-17T14:34:11","slug":"jornada-el-movimiento-obrero-gestiona-debate-y-propone","status":"publish","type":"page","link":"https:\/\/zaccagnini.ar\/index.php\/gremialista\/jornada-el-movimiento-obrero-gestiona-debate-y-propone\/","title":{"rendered":"Jornada \u00abEl Movimiento Obrero gestiona, debate y propone\u00bb"},"content":{"rendered":"\n<p><img loading=\"lazy\" decoding=\"async\" width=\"50\" height=\"58\" class=\"wp-image-1072\" style=\"width: 50px;\" src=\"https:\/\/zaccagnini.ar\/wp-content\/uploads\/2020\/02\/ANOTADOR.gif\" alt=\"\"><em>\u00ab<strong>Muchos a\u00f1os antes de que las innovaciones se hagan visibles para modificar los sistemas de producci\u00f3n y las condiciones laborales, se decide cu\u00e1l va a ser el sentido del desarrollo tecnol\u00f3gico y sus consecuencias sociales. <\/strong> <strong>Es all\u00ed donde se resuelve que va a pasar con la producci\u00f3n y el trabajo muchos a\u00f1os despu\u00e9s. <\/strong>  <strong>Es all\u00ed donde debe primar una \u00e9tica del desarrollo tecnol\u00f3gico para impedir que la l\u00f3gica capitalista de maximizar ganancias sea el \u00fanico inter\u00e9s considerado para ese desarrollo. <\/strong>  <strong>Es all\u00ed donde los trabajadores deben hacer o\u00edr su voz.<\/strong>\u00bb <\/em><\/p>\n\n\n\n<div class=\"wp-block-image\"><figure class=\"aligncenter size-large\"><img loading=\"lazy\" decoding=\"async\" width=\"425\" height=\"327\" src=\"https:\/\/zaccagnini.ar\/wp-content\/uploads\/2020\/02\/MiniFlyer-CFT.jpg\" alt=\"\" class=\"wp-image-537\" srcset=\"https:\/\/zaccagnini.ar\/wp-content\/uploads\/2020\/02\/MiniFlyer-CFT.jpg 425w, https:\/\/zaccagnini.ar\/wp-content\/uploads\/2020\/02\/MiniFlyer-CFT-300x231.jpg 300w\" sizes=\"auto, (max-width: 425px) 100vw, 425px\" \/><\/figure><\/div>\n\n\n\n<figure class=\"wp-block-embed-youtube wp-block-embed is-type-video is-provider-youtube wp-embed-aspect-16-9 wp-has-aspect-ratio\"><div class=\"wp-block-embed__wrapper\">\n<iframe loading=\"lazy\"  id=\"_ytid_43366\"  width=\"480\" height=\"270\"  data-origwidth=\"480\" data-origheight=\"270\"  data-relstop=\"1\" src=\"https:\/\/www.youtube.com\/embed\/NhalodftEbc?enablejsapi=1&#038;autoplay=0&#038;cc_load_policy=0&#038;cc_lang_pref=&#038;iv_load_policy=1&#038;loop=0&#038;rel=0&#038;fs=1&#038;playsinline=0&#038;autohide=2&#038;theme=dark&#038;color=red&#038;controls=1&#038;disablekb=0&#038;\" class=\"__youtube_prefs__  epyt-is-override  no-lazyload\" title=\"YouTube player\"  allow=\"fullscreen; accelerometer; autoplay; clipboard-write; encrypted-media; gyroscope; picture-in-picture; web-share\" referrerpolicy=\"strict-origin-when-cross-origin\" allowfullscreen data-no-lazy=\"1\" data-skipgform_ajax_framebjll=\"\"><\/iframe>\n<\/div><figcaption><strong>Exposici\u00f3n de Jorge Zaccagnini sobre Tecnolog\u00eda y Trabajo<\/strong><\/figcaption><\/figure>\n","protected":false},"excerpt":{"rendered":"<div class=\"mh-excerpt\"><p>\u00abMuchos a\u00f1os antes de que las innovaciones se hagan visibles para modificar los sistemas de producci\u00f3n y las condiciones laborales, se decide cu\u00e1l va a ser el sentido del desarrollo tecnol\u00f3gico y sus consecuencias sociales. Es all\u00ed donde se resuelve que va a pasar con la producci\u00f3n y el trabajo muchos a\u00f1os despu\u00e9s. Es all\u00ed donde debe primar una \u00e9tica <a class=\"mh-excerpt-more\" href=\"https:\/\/zaccagnini.ar\/index.php\/gremialista\/jornada-el-movimiento-obrero-gestiona-debate-y-propone\/\" title=\"Jornada \u00abEl Movimiento Obrero gestiona, debate y propone\u00bb\">[&#8230;]<\/a><\/p>\n<\/div>","protected":false},"author":1,"featured_media":520,"parent":408,"menu_order":7,"comment_status":"closed","ping_status":"closed","template":"","meta":{"footnotes":""},"categories":[32,34],"tags":[],"class_list":["post-519","page","type-page","status-publish","has-post-thumbnail","hentry","category-gremialista","category-militante-social"],"_links":{"self":[{"href":"https:\/\/zaccagnini.ar\/index.php\/wp-json\/wp\/v2\/pages\/519","targetHints":{"allow":["GET"]}}],"collection":[{"href":"https:\/\/zaccagnini.ar\/index.php\/wp-json\/wp\/v2\/pages"}],"about":[{"href":"https:\/\/zaccagnini.ar\/index.php\/wp-json\/wp\/v2\/types\/page"}],"author":[{"embeddable":true,"href":"https:\/\/zaccagnini.ar\/index.php\/wp-json\/wp\/v2\/users\/1"}],"replies":[{"embeddable":true,"href":"https:\/\/zaccagnini.ar\/index.php\/wp-json\/wp\/v2\/comments?post=519"}],"version-history":[{"count":4,"href":"https:\/\/zaccagnini.ar\/index.php\/wp-json\/wp\/v2\/pages\/519\/revisions"}],"predecessor-version":[{"id":1089,"href":"https:\/\/zaccagnini.ar\/index.php\/wp-json\/wp\/v2\/pages\/519\/revisions\/1089"}],"up":[{"embeddable":true,"href":"https:\/\/zaccagnini.ar\/index.php\/wp-json\/wp\/v2\/pages\/408"}],"wp:featuredmedia":[{"embeddable":true,"href":"https:\/\/zaccagnini.ar\/index.php\/wp-json\/wp\/v2\/media\/520"}],"wp:attachment":[{"href":"https:\/\/zaccagnini.ar\/index.php\/wp-json\/wp\/v2\/media?parent=519"}],"wp:term":[{"taxonomy":"category","embeddable":true,"href":"https:\/\/zaccagnini.ar\/index.php\/wp-json\/wp\/v2\/categories?post=519"},{"taxonomy":"post_tag","embeddable":true,"href":"https:\/\/zaccagnini.ar\/index.php\/wp-json\/wp\/v2\/tags?post=519"}],"curies":[{"name":"wp","href":"https:\/\/api.w.org\/{rel}","templated":true}]}}