{"id":466,"date":"2020-01-02T20:19:00","date_gmt":"2020-01-02T23:19:00","guid":{"rendered":"https:\/\/zaccagnini.ar\/?page_id=466"},"modified":"2020-02-17T11:22:28","modified_gmt":"2020-02-17T14:22:28","slug":"asociacion-latinoamericana-de-empresas-de-servicios-informaticos-alesi","status":"publish","type":"page","link":"https:\/\/zaccagnini.ar\/index.php\/dirigente-empresario\/asociacion-latinoamericana-de-empresas-de-servicios-informaticos-alesi\/","title":{"rendered":"Asociaci\u00f3n Latinoamericana de Empresas de Servicios Inform\u00e1ticos ALESI"},"content":{"rendered":"\n<p><img loading=\"lazy\" decoding=\"async\" width=\"50\" height=\"58\" class=\"wp-image-1072\" style=\"width: 50px;\" src=\"https:\/\/zaccagnini.ar\/wp-content\/uploads\/2020\/02\/ANOTADOR.gif\" alt=\"\"><em><strong>\u00abComo presidente de CAESCO me toc\u00f3 viajar en 1987 a Brasil, respondiendo la invitaci\u00f3n que la Associa\u00e7\u00e3o das Empresas Brasileiras de Tecnologia da Informa\u00e7\u00e3o ASSESPRO hiciera en ocasi\u00f3n de la realizaci\u00f3n en R\u00edo de Janeiro de la 1\u00ba FENASOFT &#8211; Feira Nacional do Software.  De la conversaci\u00f3n que sostuvimos en esa oportunidad con las autoridades de ASSESPRO fue surgiendo la idea de la creaci\u00f3n de la Asociaci\u00f3n Latinoamericana de Empresas de Servicios Inform\u00e1ticos ALESI. Una idea que concretamos en el mismo 1987, durante una ceremonia que se realiz\u00f3 en la Ciudad de Brasilia, m\u00e1s concretamente en Itamaraty, el Ministerio de Relaciones Exteriores del vecino pa\u00eds.\u00bb<\/strong><\/em><\/p>\n\n\n\n<figure class=\"wp-block-image size-large\"><img loading=\"lazy\" decoding=\"async\" width=\"1024\" height=\"193\" src=\"https:\/\/zaccagnini.ar\/wp-content\/uploads\/2020\/02\/Alesi01-1024x193.jpg\" alt=\"\" class=\"wp-image-488\" srcset=\"https:\/\/zaccagnini.ar\/wp-content\/uploads\/2020\/02\/Alesi01-1024x193.jpg 1024w, https:\/\/zaccagnini.ar\/wp-content\/uploads\/2020\/02\/Alesi01-300x56.jpg 300w, https:\/\/zaccagnini.ar\/wp-content\/uploads\/2020\/02\/Alesi01-768x144.jpg 768w, https:\/\/zaccagnini.ar\/wp-content\/uploads\/2020\/02\/Alesi01.jpg 1063w\" sizes=\"auto, (max-width: 1024px) 100vw, 1024px\" \/><\/figure>\n\n\n\n<p><em>\u00abRecuerdo gratamente el vuelo a baja altura con el que cruzamos el Matto Grosso desde Belo Horizonte, Minas Gerais, desde donde partimos en el avi\u00f3n particular del Presidente de ASSESPRO para dirigirnos hacia Brasilia. En aquel entonces, los brasile\u00f1os ya manifestaban que su deseo de ingresar en el mercado latinoamericano del software encontraba una barrera que resultaba muy importante: el idioma. Una ventaja comparativa de cara a Hispanoam\u00e9rica, que la Argentina no ha sido capaz de aprovechar.<\/em><\/p>\n\n\n\n<p><em>La conducci\u00f3n de la Comisi\u00f3n Organizadora de ALESI consagrada en Brasilia recay\u00f3 en CAESCO y, en consecuencia, en mi persona. De vuelta en Buenos Aires, orient\u00e9 la estrategia de crecimiento de ALESI a trav\u00e9s de la inclusi\u00f3n de los empresarios inform\u00e1ticos del resto de Latinoam\u00e9rica. Por esa raz\u00f3n, en el marco del D\u00eda de la Inform\u00e1tica 1987 se realiza el Primer Encuentro de Empresarios Latinoamericanos en Inform\u00e1tica que, con la presencia de empresarios uruguayos y chilenos, arrib\u00f3 a las siguientes conclusiones que a\u00fan hoy siguen teniendo vigencia.\u00bb<\/em><\/p>\n\n\n\n<figure class=\"wp-block-image size-large\"><img loading=\"lazy\" decoding=\"async\" width=\"768\" height=\"1024\" src=\"https:\/\/zaccagnini.ar\/wp-content\/uploads\/2020\/02\/Alesi02-768x1024.jpg\" alt=\"\" class=\"wp-image-477\" srcset=\"https:\/\/zaccagnini.ar\/wp-content\/uploads\/2020\/02\/Alesi02-768x1024.jpg 768w, https:\/\/zaccagnini.ar\/wp-content\/uploads\/2020\/02\/Alesi02-225x300.jpg 225w, https:\/\/zaccagnini.ar\/wp-content\/uploads\/2020\/02\/Alesi02-1152x1536.jpg 1152w, https:\/\/zaccagnini.ar\/wp-content\/uploads\/2020\/02\/Alesi02-1536x2048.jpg 1536w, https:\/\/zaccagnini.ar\/wp-content\/uploads\/2020\/02\/Alesi02.jpg 1772w\" sizes=\"auto, (max-width: 768px) 100vw, 768px\" \/><figcaption> \u201cLa prensa argentina se hizo eco de la iniciativa argentino-brasile\u00f1a. Facs\u00edmil de una nota publicada en el diario La Raz\u00f3n, en noviembre de 1986\u201d.  <\/figcaption><\/figure>\n","protected":false},"excerpt":{"rendered":"<div class=\"mh-excerpt\"><p>\u00abComo presidente de CAESCO me toc\u00f3 viajar en 1987 a Brasil, respondiendo la invitaci\u00f3n que la Associa\u00e7\u00e3o das Empresas Brasileiras de Tecnologia da Informa\u00e7\u00e3o ASSESPRO hiciera en ocasi\u00f3n de la realizaci\u00f3n en R\u00edo de Janeiro de la 1\u00ba FENASOFT &#8211; Feira Nacional do Software. De la conversaci\u00f3n que sostuvimos en esa oportunidad con las autoridades de ASSESPRO fue surgiendo la <a class=\"mh-excerpt-more\" href=\"https:\/\/zaccagnini.ar\/index.php\/dirigente-empresario\/asociacion-latinoamericana-de-empresas-de-servicios-informaticos-alesi\/\" title=\"Asociaci\u00f3n Latinoamericana de Empresas de Servicios Inform\u00e1ticos ALESI\">[&#8230;]<\/a><\/p>\n<\/div>","protected":false},"author":1,"featured_media":488,"parent":428,"menu_order":2,"comment_status":"closed","ping_status":"closed","template":"","meta":{"footnotes":""},"categories":[38],"tags":[],"class_list":["post-466","page","type-page","status-publish","has-post-thumbnail","hentry","category-dirigente-empresario"],"_links":{"self":[{"href":"https:\/\/zaccagnini.ar\/index.php\/wp-json\/wp\/v2\/pages\/466","targetHints":{"allow":["GET"]}}],"collection":[{"href":"https:\/\/zaccagnini.ar\/index.php\/wp-json\/wp\/v2\/pages"}],"about":[{"href":"https:\/\/zaccagnini.ar\/index.php\/wp-json\/wp\/v2\/types\/page"}],"author":[{"embeddable":true,"href":"https:\/\/zaccagnini.ar\/index.php\/wp-json\/wp\/v2\/users\/1"}],"replies":[{"embeddable":true,"href":"https:\/\/zaccagnini.ar\/index.php\/wp-json\/wp\/v2\/comments?post=466"}],"version-history":[{"count":11,"href":"https:\/\/zaccagnini.ar\/index.php\/wp-json\/wp\/v2\/pages\/466\/revisions"}],"predecessor-version":[{"id":1083,"href":"https:\/\/zaccagnini.ar\/index.php\/wp-json\/wp\/v2\/pages\/466\/revisions\/1083"}],"up":[{"embeddable":true,"href":"https:\/\/zaccagnini.ar\/index.php\/wp-json\/wp\/v2\/pages\/428"}],"wp:featuredmedia":[{"embeddable":true,"href":"https:\/\/zaccagnini.ar\/index.php\/wp-json\/wp\/v2\/media\/488"}],"wp:attachment":[{"href":"https:\/\/zaccagnini.ar\/index.php\/wp-json\/wp\/v2\/media?parent=466"}],"wp:term":[{"taxonomy":"category","embeddable":true,"href":"https:\/\/zaccagnini.ar\/index.php\/wp-json\/wp\/v2\/categories?post=466"},{"taxonomy":"post_tag","embeddable":true,"href":"https:\/\/zaccagnini.ar\/index.php\/wp-json\/wp\/v2\/tags?post=466"}],"curies":[{"name":"wp","href":"https:\/\/api.w.org\/{rel}","templated":true}]}}