{"id":432,"date":"2020-02-03T15:45:43","date_gmt":"2020-02-03T18:45:43","guid":{"rendered":"https:\/\/zaccagnini.ar\/?page_id=432"},"modified":"2020-02-18T15:07:56","modified_gmt":"2020-02-18T18:07:56","slug":"profesional","status":"publish","type":"page","link":"https:\/\/zaccagnini.ar\/index.php\/profesional\/","title":{"rendered":"PROFESIONAL"},"content":{"rendered":"\n<div class=\"wp-block-image\"><figure class=\"aligncenter size-large is-resized\"><img loading=\"lazy\" decoding=\"async\" src=\"https:\/\/zaccagnini.ar\/wp-content\/uploads\/2020\/02\/TITULO-UTN.jpg\" alt=\"\" class=\"wp-image-460\" width=\"413\" height=\"324\" srcset=\"https:\/\/zaccagnini.ar\/wp-content\/uploads\/2020\/02\/TITULO-UTN.jpg 992w, https:\/\/zaccagnini.ar\/wp-content\/uploads\/2020\/02\/TITULO-UTN-300x236.jpg 300w, https:\/\/zaccagnini.ar\/wp-content\/uploads\/2020\/02\/TITULO-UTN-768x603.jpg 768w\" sizes=\"auto, (max-width: 413px) 100vw, 413px\" \/><\/figure><\/div>\n\n\n\n<p class=\"has-text-color has-vivid-cyan-blue-color\"><strong>Gerente General de la empresa de servicios inform\u00e1ticos Buenos Aires al Sur S.A.  (1980) <\/strong><\/p>\n\n\n\n<p class=\"has-text-color has-vivid-cyan-blue-color\"><strong>Gerente General de la empresa de servicios inform\u00e1ticos Proinsa S.A. (1975)<\/strong><\/p>\n\n\n\n<p class=\"has-text-color has-vivid-cyan-blue-color\"><strong>Jefe del Centro de Servicios Inform\u00e1ticos de la empresa Carrier \/ Lix Klett (1974)<\/strong><\/p>\n\n\n\n<p class=\"has-text-color has-vivid-cyan-blue-color\"><strong>Jefe de Programaci\u00f3n de la metal\u00fargica Gurmendi S.A.(1973)<\/strong><\/p>\n\n\n\n<p class=\"has-text-color has-vivid-cyan-blue-color\"><strong>Asesor en Sistemas de la Compa\u00f1\u00eda Burroughs (hoy Unisys Sudamericana S.A. (1970)<\/strong><\/p>\n\n\n\n<p class=\"has-text-color has-vivid-cyan-blue-color\"><strong>Gerente de Sistemas de la empresa de servicios inform\u00e1ticos Dataprocess S.A. del  grupo Chapiro y Asociados (1967)<\/strong> <\/p>\n\n\n\n<p class=\"has-text-color has-vivid-cyan-blue-color\"><strong>Analista &#8211; Programador del Banco de la Naci\u00f3n Argentina (1965)<\/strong><\/p>\n\n\n\n<figure class=\"wp-block-image size-large\"><img loading=\"lazy\" decoding=\"async\" width=\"1024\" height=\"449\" src=\"https:\/\/zaccagnini.ar\/wp-content\/uploads\/2020\/02\/Titulo1401-1-1024x449.jpg\" alt=\"\" class=\"wp-image-1183\" srcset=\"https:\/\/zaccagnini.ar\/wp-content\/uploads\/2020\/02\/Titulo1401-1-1024x449.jpg 1024w, https:\/\/zaccagnini.ar\/wp-content\/uploads\/2020\/02\/Titulo1401-1-300x132.jpg 300w, https:\/\/zaccagnini.ar\/wp-content\/uploads\/2020\/02\/Titulo1401-1-768x337.jpg 768w, https:\/\/zaccagnini.ar\/wp-content\/uploads\/2020\/02\/Titulo1401-1-1536x674.jpg 1536w, https:\/\/zaccagnini.ar\/wp-content\/uploads\/2020\/02\/Titulo1401-1.jpg 1701w\" sizes=\"auto, (max-width: 1024px) 100vw, 1024px\" \/><\/figure>\n","protected":false},"excerpt":{"rendered":"<div class=\"mh-excerpt\"><p>Gerente General de la empresa de servicios inform\u00e1ticos Buenos Aires al Sur S.A. (1980) Gerente General de la empresa de servicios inform\u00e1ticos Proinsa S.A. (1975) Jefe del Centro de Servicios Inform\u00e1ticos de la empresa Carrier \/ Lix Klett (1974) Jefe de Programaci\u00f3n de la metal\u00fargica Gurmendi S.A.(1973) Asesor en Sistemas de la Compa\u00f1\u00eda Burroughs (hoy Unisys Sudamericana S.A. (1970) Gerente <a class=\"mh-excerpt-more\" href=\"https:\/\/zaccagnini.ar\/index.php\/profesional\/\" title=\"PROFESIONAL\">[&#8230;]<\/a><\/p>\n<\/div>","protected":false},"author":1,"featured_media":1183,"parent":0,"menu_order":0,"comment_status":"closed","ping_status":"closed","template":"","meta":{"footnotes":""},"categories":[40],"tags":[],"class_list":["post-432","page","type-page","status-publish","has-post-thumbnail","hentry","category-profesional"],"_links":{"self":[{"href":"https:\/\/zaccagnini.ar\/index.php\/wp-json\/wp\/v2\/pages\/432","targetHints":{"allow":["GET"]}}],"collection":[{"href":"https:\/\/zaccagnini.ar\/index.php\/wp-json\/wp\/v2\/pages"}],"about":[{"href":"https:\/\/zaccagnini.ar\/index.php\/wp-json\/wp\/v2\/types\/page"}],"author":[{"embeddable":true,"href":"https:\/\/zaccagnini.ar\/index.php\/wp-json\/wp\/v2\/users\/1"}],"replies":[{"embeddable":true,"href":"https:\/\/zaccagnini.ar\/index.php\/wp-json\/wp\/v2\/comments?post=432"}],"version-history":[{"count":7,"href":"https:\/\/zaccagnini.ar\/index.php\/wp-json\/wp\/v2\/pages\/432\/revisions"}],"predecessor-version":[{"id":1187,"href":"https:\/\/zaccagnini.ar\/index.php\/wp-json\/wp\/v2\/pages\/432\/revisions\/1187"}],"wp:featuredmedia":[{"embeddable":true,"href":"https:\/\/zaccagnini.ar\/index.php\/wp-json\/wp\/v2\/media\/1183"}],"wp:attachment":[{"href":"https:\/\/zaccagnini.ar\/index.php\/wp-json\/wp\/v2\/media?parent=432"}],"wp:term":[{"taxonomy":"category","embeddable":true,"href":"https:\/\/zaccagnini.ar\/index.php\/wp-json\/wp\/v2\/categories?post=432"},{"taxonomy":"post_tag","embeddable":true,"href":"https:\/\/zaccagnini.ar\/index.php\/wp-json\/wp\/v2\/tags?post=432"}],"curies":[{"name":"wp","href":"https:\/\/api.w.org\/{rel}","templated":true}]}}