{"id":430,"date":"2020-02-03T15:45:29","date_gmt":"2020-02-03T18:45:29","guid":{"rendered":"https:\/\/zaccagnini.ar\/?page_id=430"},"modified":"2020-02-03T16:36:43","modified_gmt":"2020-02-03T19:36:43","slug":"funcionario","status":"publish","type":"page","link":"https:\/\/zaccagnini.ar\/index.php\/funcionario\/","title":{"rendered":"FUNCIONARIO"},"content":{"rendered":"\n<figure class=\"wp-block-image size-large\"><img loading=\"lazy\" decoding=\"async\" width=\"1024\" height=\"587\" src=\"https:\/\/zaccagnini.ar\/wp-content\/uploads\/2020\/02\/GCBA01-1024x587.jpg\" alt=\"\" class=\"wp-image-456\" srcset=\"https:\/\/zaccagnini.ar\/wp-content\/uploads\/2020\/02\/GCBA01-1024x587.jpg 1024w, https:\/\/zaccagnini.ar\/wp-content\/uploads\/2020\/02\/GCBA01-300x172.jpg 300w, https:\/\/zaccagnini.ar\/wp-content\/uploads\/2020\/02\/GCBA01-768x440.jpg 768w, https:\/\/zaccagnini.ar\/wp-content\/uploads\/2020\/02\/GCBA01-1536x880.jpg 1536w, https:\/\/zaccagnini.ar\/wp-content\/uploads\/2020\/02\/GCBA01.jpg 1960w\" sizes=\"auto, (max-width: 1024px) 100vw, 1024px\" \/><\/figure>\n\n\n\n<p>Asesor Inform\u00e1tico de la Presidencia de la Auditor\u00eda General de la Naci\u00f3n (2019)<\/p>\n\n\n\n<p>Coordinador de la implementaci\u00f3n del Banco de Proyectos de Inversi\u00f3n BAPIN en el  Ministerio de Econom\u00eda de la Naci\u00f3n (2005). <\/p>\n\n\n\n<p>Secretario de Sistemas de Informaci\u00f3n de la Municipalidad de la Ciudad de Buenos  Aires (1989) <\/p>\n\n\n\n<p>Subsecretario para la sistematizaci\u00f3n del Concejo Deliberante de la Ciudad de Buenos  Aires (1990) <\/p>\n\n\n\n<p> Secretario Ejecutivo del Congreso Permanente de Municipalidades Argentinas (1989). <\/p>\n","protected":false},"excerpt":{"rendered":"<div class=\"mh-excerpt\"><p>Asesor Inform\u00e1tico de la Presidencia de la Auditor\u00eda General de la Naci\u00f3n (2019) Coordinador de la implementaci\u00f3n del Banco de Proyectos de Inversi\u00f3n BAPIN en el Ministerio de Econom\u00eda de la Naci\u00f3n (2005). Secretario de Sistemas de Informaci\u00f3n de la Municipalidad de la Ciudad de Buenos Aires (1989) Subsecretario para la sistematizaci\u00f3n del Concejo Deliberante de la Ciudad de Buenos <a class=\"mh-excerpt-more\" href=\"https:\/\/zaccagnini.ar\/index.php\/funcionario\/\" title=\"FUNCIONARIO\">[&#8230;]<\/a><\/p>\n<\/div>","protected":false},"author":1,"featured_media":0,"parent":0,"menu_order":0,"comment_status":"closed","ping_status":"closed","template":"","meta":{"footnotes":""},"categories":[],"tags":[],"class_list":["post-430","page","type-page","status-publish","hentry"],"_links":{"self":[{"href":"https:\/\/zaccagnini.ar\/index.php\/wp-json\/wp\/v2\/pages\/430","targetHints":{"allow":["GET"]}}],"collection":[{"href":"https:\/\/zaccagnini.ar\/index.php\/wp-json\/wp\/v2\/pages"}],"about":[{"href":"https:\/\/zaccagnini.ar\/index.php\/wp-json\/wp\/v2\/types\/page"}],"author":[{"embeddable":true,"href":"https:\/\/zaccagnini.ar\/index.php\/wp-json\/wp\/v2\/users\/1"}],"replies":[{"embeddable":true,"href":"https:\/\/zaccagnini.ar\/index.php\/wp-json\/wp\/v2\/comments?post=430"}],"version-history":[{"count":4,"href":"https:\/\/zaccagnini.ar\/index.php\/wp-json\/wp\/v2\/pages\/430\/revisions"}],"predecessor-version":[{"id":457,"href":"https:\/\/zaccagnini.ar\/index.php\/wp-json\/wp\/v2\/pages\/430\/revisions\/457"}],"wp:attachment":[{"href":"https:\/\/zaccagnini.ar\/index.php\/wp-json\/wp\/v2\/media?parent=430"}],"wp:term":[{"taxonomy":"category","embeddable":true,"href":"https:\/\/zaccagnini.ar\/index.php\/wp-json\/wp\/v2\/categories?post=430"},{"taxonomy":"post_tag","embeddable":true,"href":"https:\/\/zaccagnini.ar\/index.php\/wp-json\/wp\/v2\/tags?post=430"}],"curies":[{"name":"wp","href":"https:\/\/api.w.org\/{rel}","templated":true}]}}