{"id":428,"date":"2020-02-03T15:45:17","date_gmt":"2020-02-03T18:45:17","guid":{"rendered":"https:\/\/zaccagnini.ar\/?page_id=428"},"modified":"2020-02-09T11:49:22","modified_gmt":"2020-02-09T14:49:22","slug":"dirigente-empresario","status":"publish","type":"page","link":"https:\/\/zaccagnini.ar\/index.php\/dirigente-empresario\/","title":{"rendered":"DIRIGENTE EMPRESARIO"},"content":{"rendered":"\n<figure class=\"wp-block-image size-large\"><img loading=\"lazy\" decoding=\"async\" width=\"1024\" height=\"693\" src=\"https:\/\/zaccagnini.ar\/wp-content\/uploads\/2020\/01\/CAESCO03-1024x693.jpg\" alt=\"\" class=\"wp-image-39\" srcset=\"https:\/\/zaccagnini.ar\/wp-content\/uploads\/2020\/01\/CAESCO03-1024x693.jpg 1024w, https:\/\/zaccagnini.ar\/wp-content\/uploads\/2020\/01\/CAESCO03-300x203.jpg 300w, https:\/\/zaccagnini.ar\/wp-content\/uploads\/2020\/01\/CAESCO03-768x519.jpg 768w, https:\/\/zaccagnini.ar\/wp-content\/uploads\/2020\/01\/CAESCO03.jpg 1477w\" sizes=\"auto, (max-width: 1024px) 100vw, 1024px\" \/><\/figure>\n\n\n\n<p><a href=\"https:\/\/zaccagnini.ar\/index.php\/consejo-de-la-industria-electronica-argentina-coniea\/\">Representante de la C\u00e1mara Argentina de Multimedia, Ofim\u00e1tica, Comunicaciones y Afines CAMOCA en el Consejo de la Industria Electr\u00f3nica Argentina CONIEA<\/a><\/p>\n\n\n\n<p><a href=\"https:\/\/zaccagnini.ar\/index.php\/dirigente-empresario\/caesco-camara-de-empresas-de-servicios-de-computacion\/\">Presidente por dos per\u00edodos de la C\u00e1mara de Empresas de Servicios de Computaci\u00f3n de la Rep\u00fablica Argentina <em>CAESCO (1985)<\/em> <\/a><\/p>\n\n\n\n<p><a href=\"https:\/\/zaccagnini.ar\/index.php\/dirigente-empresario\/asociacion-latinoamericana-de-empresas-de-servicios-informaticos-alesi\/\">Presidente de la Asociaci\u00f3n Latinoamericana de Empresas de Servicios Inform\u00e1ticos <em>ALESI (1988)<\/em> <\/a><\/p>\n\n\n\n<p><\/p>\n","protected":false},"excerpt":{"rendered":"<div class=\"mh-excerpt\"><p>Representante de la C\u00e1mara Argentina de Multimedia, Ofim\u00e1tica, Comunicaciones y Afines CAMOCA en el Consejo de la Industria Electr\u00f3nica Argentina CONIEA Presidente por dos per\u00edodos de la C\u00e1mara de Empresas de Servicios de Computaci\u00f3n de la Rep\u00fablica Argentina CAESCO (1985) Presidente de la Asociaci\u00f3n Latinoamericana de Empresas de Servicios Inform\u00e1ticos ALESI (1988)<\/p>\n<\/div>","protected":false},"author":1,"featured_media":39,"parent":0,"menu_order":0,"comment_status":"closed","ping_status":"closed","template":"","meta":{"footnotes":""},"categories":[38],"tags":[],"class_list":["post-428","page","type-page","status-publish","has-post-thumbnail","hentry","category-dirigente-empresario"],"_links":{"self":[{"href":"https:\/\/zaccagnini.ar\/index.php\/wp-json\/wp\/v2\/pages\/428","targetHints":{"allow":["GET"]}}],"collection":[{"href":"https:\/\/zaccagnini.ar\/index.php\/wp-json\/wp\/v2\/pages"}],"about":[{"href":"https:\/\/zaccagnini.ar\/index.php\/wp-json\/wp\/v2\/types\/page"}],"author":[{"embeddable":true,"href":"https:\/\/zaccagnini.ar\/index.php\/wp-json\/wp\/v2\/users\/1"}],"replies":[{"embeddable":true,"href":"https:\/\/zaccagnini.ar\/index.php\/wp-json\/wp\/v2\/comments?post=428"}],"version-history":[{"count":8,"href":"https:\/\/zaccagnini.ar\/index.php\/wp-json\/wp\/v2\/pages\/428\/revisions"}],"predecessor-version":[{"id":868,"href":"https:\/\/zaccagnini.ar\/index.php\/wp-json\/wp\/v2\/pages\/428\/revisions\/868"}],"wp:featuredmedia":[{"embeddable":true,"href":"https:\/\/zaccagnini.ar\/index.php\/wp-json\/wp\/v2\/media\/39"}],"wp:attachment":[{"href":"https:\/\/zaccagnini.ar\/index.php\/wp-json\/wp\/v2\/media?parent=428"}],"wp:term":[{"taxonomy":"category","embeddable":true,"href":"https:\/\/zaccagnini.ar\/index.php\/wp-json\/wp\/v2\/categories?post=428"},{"taxonomy":"post_tag","embeddable":true,"href":"https:\/\/zaccagnini.ar\/index.php\/wp-json\/wp\/v2\/tags?post=428"}],"curies":[{"name":"wp","href":"https:\/\/api.w.org\/{rel}","templated":true}]}}