{"id":426,"date":"2020-02-17T15:45:00","date_gmt":"2020-02-17T18:45:00","guid":{"rendered":"https:\/\/zaccagnini.ar\/?page_id=426"},"modified":"2020-02-18T12:34:38","modified_gmt":"2020-02-18T15:34:38","slug":"universitario","status":"publish","type":"page","link":"https:\/\/zaccagnini.ar\/index.php\/universitario\/","title":{"rendered":"POR LAS UNIVERSIDADES"},"content":{"rendered":"\n<figure class=\"wp-block-image size-large\"><img loading=\"lazy\" decoding=\"async\" width=\"992\" height=\"779\" src=\"https:\/\/zaccagnini.ar\/wp-content\/uploads\/2020\/02\/TITULO-UTN.jpg\" alt=\"\" class=\"wp-image-460\" srcset=\"https:\/\/zaccagnini.ar\/wp-content\/uploads\/2020\/02\/TITULO-UTN.jpg 992w, https:\/\/zaccagnini.ar\/wp-content\/uploads\/2020\/02\/TITULO-UTN-300x236.jpg 300w, https:\/\/zaccagnini.ar\/wp-content\/uploads\/2020\/02\/TITULO-UTN-768x603.jpg 768w\" sizes=\"auto, (max-width: 992px) 100vw, 992px\" \/><\/figure>\n\n\n\n<p><a href=\"https:\/\/zaccagnini.ar\/index.php\/universitario\/por-la-universidad-tecnologica-nacional\/\">Coordinador General del Comit\u00e9 de Seguridad de la Informaci\u00f3n de la Universidad  Tecnol\u00f3gica Nacional. Asesor en inform\u00e1tica del Rector de la Universidad (2015)<\/a><\/p>\n\n\n\n<p>Coordinador General de la Red de Interconexi\u00f3n Universitaria RIU del Ministerio de  Cultura y Educaci\u00f3n de la Naci\u00f3n (1998) <\/p>\n\n\n\n<p>Coordinador del M\u00f3dulo de Bibliotecas Universitarias del Sistema de Informaci\u00f3n  Universitaria <em>SIU <\/em>del Ministerio de Cultura y Educaci\u00f3n de la Naci\u00f3n (1997) <\/p>\n\n\n\n<p><a href=\"https:\/\/zaccagnini.ar\/index.php\/universitario\/por-la-universidad-nacional-de-quilmes\/\">Organizador y Coordinador del Centro de Servicios Inform\u00e1ticos CSI, teniendo a cargo  la creaci\u00f3n de la Intranet de la Universidad Nacional de Quilmes (1995) <\/a><\/p>\n\n\n\n<p> <a href=\"https:\/\/zaccagnini.ar\/index.php\/universitario\/por-el-consejo-profesional-en-ciencias-informaticas-c-p-c-i\/\">Fundador del Consejo Profesional en Ciencias Inform\u00e1ticas <em>C.P.C.I .<\/em>y primer Presidente de su Tribunal de \u00c9tica y Disciplina (1985) <\/a><\/p>\n","protected":false},"excerpt":{"rendered":"<div class=\"mh-excerpt\"><p>Coordinador General del Comit\u00e9 de Seguridad de la Informaci\u00f3n de la Universidad Tecnol\u00f3gica Nacional. Asesor en inform\u00e1tica del Rector de la Universidad (2015) Coordinador General de la Red de Interconexi\u00f3n Universitaria RIU del Ministerio de Cultura y Educaci\u00f3n de la Naci\u00f3n (1998) Coordinador del M\u00f3dulo de Bibliotecas Universitarias del Sistema de Informaci\u00f3n Universitaria SIU del Ministerio de Cultura y Educaci\u00f3n <a class=\"mh-excerpt-more\" href=\"https:\/\/zaccagnini.ar\/index.php\/universitario\/\" title=\"POR LAS UNIVERSIDADES\">[&#8230;]<\/a><\/p>\n<\/div>","protected":false},"author":1,"featured_media":460,"parent":0,"menu_order":0,"comment_status":"closed","ping_status":"closed","template":"","meta":{"footnotes":""},"categories":[37],"tags":[],"class_list":["post-426","page","type-page","status-publish","has-post-thumbnail","hentry","category-universitario"],"_links":{"self":[{"href":"https:\/\/zaccagnini.ar\/index.php\/wp-json\/wp\/v2\/pages\/426","targetHints":{"allow":["GET"]}}],"collection":[{"href":"https:\/\/zaccagnini.ar\/index.php\/wp-json\/wp\/v2\/pages"}],"about":[{"href":"https:\/\/zaccagnini.ar\/index.php\/wp-json\/wp\/v2\/types\/page"}],"author":[{"embeddable":true,"href":"https:\/\/zaccagnini.ar\/index.php\/wp-json\/wp\/v2\/users\/1"}],"replies":[{"embeddable":true,"href":"https:\/\/zaccagnini.ar\/index.php\/wp-json\/wp\/v2\/comments?post=426"}],"version-history":[{"count":8,"href":"https:\/\/zaccagnini.ar\/index.php\/wp-json\/wp\/v2\/pages\/426\/revisions"}],"predecessor-version":[{"id":1179,"href":"https:\/\/zaccagnini.ar\/index.php\/wp-json\/wp\/v2\/pages\/426\/revisions\/1179"}],"wp:featuredmedia":[{"embeddable":true,"href":"https:\/\/zaccagnini.ar\/index.php\/wp-json\/wp\/v2\/media\/460"}],"wp:attachment":[{"href":"https:\/\/zaccagnini.ar\/index.php\/wp-json\/wp\/v2\/media?parent=426"}],"wp:term":[{"taxonomy":"category","embeddable":true,"href":"https:\/\/zaccagnini.ar\/index.php\/wp-json\/wp\/v2\/categories?post=426"},{"taxonomy":"post_tag","embeddable":true,"href":"https:\/\/zaccagnini.ar\/index.php\/wp-json\/wp\/v2\/tags?post=426"}],"curies":[{"name":"wp","href":"https:\/\/api.w.org\/{rel}","templated":true}]}}