{"id":424,"date":"2020-02-03T15:44:52","date_gmt":"2020-02-03T18:44:52","guid":{"rendered":"https:\/\/zaccagnini.ar\/?page_id=424"},"modified":"2020-02-14T09:40:05","modified_gmt":"2020-02-14T12:40:05","slug":"ensayista","status":"publish","type":"page","link":"https:\/\/zaccagnini.ar\/index.php\/ensayista\/","title":{"rendered":"PUBLICACIONES Y ESCRITOS"},"content":{"rendered":"\n<p><a href=\"https:\/\/zaccagnini.ar\/index.php\/ensayista\/el-escandalo-facebook\/\">2018. EL ESC\u00c1NDALO FACEBOOK<\/a><\/p>\n\n\n\n<p><a href=\"https:\/\/zaccagnini.ar\/index.php\/ensayista\/la-cuarta-revolucion-industrial\/\">2019. LA CUARTA REVOLUCI\u00d3N INDUSTRIAL<\/a><\/p>\n\n\n\n<p><a href=\"https:\/\/zaccagnini.ar\/index.php\/ensayista\/la-informatica-argentina-con-ojos-peronistas\/\">2017. LA INFORM\u00c1TICA ARGENTINA CON OJOS PERONISTAS<\/a><\/p>\n\n\n\n<p><a href=\"https:\/\/zaccagnini.ar\/index.php\/ensayista\/produccion-nacional-trabajo-digno\/\">2017. PRODUCCI\u00d3N NACIONAL + TRABAJO DIGNO<\/a><\/p>\n\n\n\n<p><a href=\"https:\/\/zaccagnini.ar\/index.php\/ensayista\/2019-2020-partido-justicialista\/\">2019\/2020. PARTIDO JUSTICIALISTA<\/a><\/p>\n\n\n\n<p><a href=\"https:\/\/zaccagnini.ar\/index.php\/ensayista\/bae-noticias\/\">2020. BAE NOTICIAS<\/a><\/p>\n","protected":false},"excerpt":{"rendered":"<div class=\"mh-excerpt\"><p>2018. EL ESC\u00c1NDALO FACEBOOK 2019. LA CUARTA REVOLUCI\u00d3N INDUSTRIAL 2017. LA INFORM\u00c1TICA ARGENTINA CON OJOS PERONISTAS 2017. PRODUCCI\u00d3N NACIONAL + TRABAJO DIGNO 2019\/2020. PARTIDO JUSTICIALISTA 2020. BAE NOTICIAS<\/p>\n<\/div>","protected":false},"author":1,"featured_media":0,"parent":0,"menu_order":0,"comment_status":"closed","ping_status":"closed","template":"","meta":{"footnotes":""},"categories":[],"tags":[],"class_list":["post-424","page","type-page","status-publish","hentry"],"_links":{"self":[{"href":"https:\/\/zaccagnini.ar\/index.php\/wp-json\/wp\/v2\/pages\/424","targetHints":{"allow":["GET"]}}],"collection":[{"href":"https:\/\/zaccagnini.ar\/index.php\/wp-json\/wp\/v2\/pages"}],"about":[{"href":"https:\/\/zaccagnini.ar\/index.php\/wp-json\/wp\/v2\/types\/page"}],"author":[{"embeddable":true,"href":"https:\/\/zaccagnini.ar\/index.php\/wp-json\/wp\/v2\/users\/1"}],"replies":[{"embeddable":true,"href":"https:\/\/zaccagnini.ar\/index.php\/wp-json\/wp\/v2\/comments?post=424"}],"version-history":[{"count":13,"href":"https:\/\/zaccagnini.ar\/index.php\/wp-json\/wp\/v2\/pages\/424\/revisions"}],"predecessor-version":[{"id":1035,"href":"https:\/\/zaccagnini.ar\/index.php\/wp-json\/wp\/v2\/pages\/424\/revisions\/1035"}],"wp:attachment":[{"href":"https:\/\/zaccagnini.ar\/index.php\/wp-json\/wp\/v2\/media?parent=424"}],"wp:term":[{"taxonomy":"category","embeddable":true,"href":"https:\/\/zaccagnini.ar\/index.php\/wp-json\/wp\/v2\/categories?post=424"},{"taxonomy":"post_tag","embeddable":true,"href":"https:\/\/zaccagnini.ar\/index.php\/wp-json\/wp\/v2\/tags?post=424"}],"curies":[{"name":"wp","href":"https:\/\/api.w.org\/{rel}","templated":true}]}}