{"id":417,"date":"2020-02-03T15:43:58","date_gmt":"2020-02-03T18:43:58","guid":{"rendered":"https:\/\/zaccagnini.ar\/?page_id=417"},"modified":"2020-02-14T16:56:31","modified_gmt":"2020-02-14T19:56:31","slug":"militante-politico","status":"publish","type":"page","link":"https:\/\/zaccagnini.ar\/index.php\/militante-politico\/","title":{"rendered":"MILITANTE POL\u00cdTICO"},"content":{"rendered":"\n<figure class=\"wp-block-image size-large\"><img loading=\"lazy\" decoding=\"async\" width=\"397\" height=\"265\" src=\"https:\/\/zaccagnini.ar\/wp-content\/uploads\/2020\/02\/CGT_005.jpg\" alt=\"\" class=\"wp-image-452\" srcset=\"https:\/\/zaccagnini.ar\/wp-content\/uploads\/2020\/02\/CGT_005.jpg 397w, https:\/\/zaccagnini.ar\/wp-content\/uploads\/2020\/02\/CGT_005-300x200.jpg 300w\" sizes=\"auto, (max-width: 397px) 100vw, 397px\" \/><\/figure>\n\n\n\n<p><a href=\"https:\/\/zaccagnini.ar\/index.php\/militante-politico\/con-guillermo-moreno\/\">Miembro del espacio pol\u00edtico del Lic. Guillermo Moreno<\/a><\/p>\n\n\n\n<p><a href=\"https:\/\/zaccagnini.ar\/index.php\/militante-politico\/comision-de-economia-del-partido-justicialista-nacional\/\">Comisi\u00f3n de Econom\u00eda del Partido Justicialista Nacional<\/a><\/p>\n\n\n\n<p><a href=\"https:\/\/zaccagnini.ar\/index.php\/militante-politico\/fraude-electoral-a-traves-del-voto-electronico\/\">Opositor al Fraude Electoral a trav\u00e9s del voto electr\u00f3nico<\/a><\/p>\n\n\n\n<p><a href=\"https:\/\/zaccagnini.ar\/index.php\/militante-politico\/con-pilo-bordon\/\">Miembro de los equipos para el Plan de Gobierno de Jos\u00e9 Octavio Bord\u00f3n en su  campa\u00f1a presidencial (1995) <\/a><\/p>\n\n\n\n<p><a href=\"https:\/\/zaccagnini.ar\/index.php\/militante-politico\/congreso-permanente-de-municipalidades-argentinas\/\">Secretario Ejecutivo del Congreso Permanente de Municipalidades Argentinas (1989).<\/a><\/p>\n\n\n\n<p><a href=\"https:\/\/zaccagnini.ar\/index.php\/militante-politico\/consejo-de-tecnicos-y-profesionales-del-partido-justicialista-metropolitano\/\">Vicepresidente del Consejo de T\u00e9cnicos y Profesionales del Partido Justicialista  Metropolitano (1987) <\/a><\/p>\n\n\n\n<p><a href=\"https:\/\/zaccagnini.ar\/index.php\/militante-politico\/comision-de-ciencia-y-tecnologia-de-la-camara-de-diputados-de-la-nacion\/\">Asesor en inform\u00e1tica de la Comisi\u00f3n de Ciencia y Tecnolog\u00eda de la C\u00e1mara de Diputados de la Naci\u00f3n (1984)<\/a> <\/p>\n\n\n\n<p><a href=\"https:\/\/zaccagnini.ar\/index.php\/militante-politico\/la-militancia-informatica\/\">Director de la Comisi\u00f3n Justicialista de Inform\u00e1tica (1984)<\/a><\/p>\n\n\n\n<p><a href=\"https:\/\/zaccagnini.ar\/index.php\/militante-politico\/luder-presidente\/\">Coordinador de la Comisi\u00f3n de Inform\u00e1tica de los equipos t\u00e9cnicos del Dr. \u00cdtalo Luder  en su campa\u00f1a presidencial (1983) <\/a><\/p>\n","protected":false},"excerpt":{"rendered":"<div class=\"mh-excerpt\"><p>Miembro del espacio pol\u00edtico del Lic. Guillermo Moreno Comisi\u00f3n de Econom\u00eda del Partido Justicialista Nacional Opositor al Fraude Electoral a trav\u00e9s del voto electr\u00f3nico Miembro de los equipos para el Plan de Gobierno de Jos\u00e9 Octavio Bord\u00f3n en su campa\u00f1a presidencial (1995) Secretario Ejecutivo del Congreso Permanente de Municipalidades Argentinas (1989). Vicepresidente del Consejo de T\u00e9cnicos y Profesionales del Partido <a class=\"mh-excerpt-more\" href=\"https:\/\/zaccagnini.ar\/index.php\/militante-politico\/\" title=\"MILITANTE POL\u00cdTICO\">[&#8230;]<\/a><\/p>\n<\/div>","protected":false},"author":1,"featured_media":452,"parent":0,"menu_order":0,"comment_status":"closed","ping_status":"closed","template":"","meta":{"footnotes":""},"categories":[],"tags":[],"class_list":["post-417","page","type-page","status-publish","has-post-thumbnail","hentry"],"_links":{"self":[{"href":"https:\/\/zaccagnini.ar\/index.php\/wp-json\/wp\/v2\/pages\/417","targetHints":{"allow":["GET"]}}],"collection":[{"href":"https:\/\/zaccagnini.ar\/index.php\/wp-json\/wp\/v2\/pages"}],"about":[{"href":"https:\/\/zaccagnini.ar\/index.php\/wp-json\/wp\/v2\/types\/page"}],"author":[{"embeddable":true,"href":"https:\/\/zaccagnini.ar\/index.php\/wp-json\/wp\/v2\/users\/1"}],"replies":[{"embeddable":true,"href":"https:\/\/zaccagnini.ar\/index.php\/wp-json\/wp\/v2\/comments?post=417"}],"version-history":[{"count":14,"href":"https:\/\/zaccagnini.ar\/index.php\/wp-json\/wp\/v2\/pages\/417\/revisions"}],"predecessor-version":[{"id":1055,"href":"https:\/\/zaccagnini.ar\/index.php\/wp-json\/wp\/v2\/pages\/417\/revisions\/1055"}],"wp:featuredmedia":[{"embeddable":true,"href":"https:\/\/zaccagnini.ar\/index.php\/wp-json\/wp\/v2\/media\/452"}],"wp:attachment":[{"href":"https:\/\/zaccagnini.ar\/index.php\/wp-json\/wp\/v2\/media?parent=417"}],"wp:term":[{"taxonomy":"category","embeddable":true,"href":"https:\/\/zaccagnini.ar\/index.php\/wp-json\/wp\/v2\/categories?post=417"},{"taxonomy":"post_tag","embeddable":true,"href":"https:\/\/zaccagnini.ar\/index.php\/wp-json\/wp\/v2\/tags?post=417"}],"curies":[{"name":"wp","href":"https:\/\/api.w.org\/{rel}","templated":true}]}}