{"id":408,"date":"2020-02-03T15:41:47","date_gmt":"2020-02-03T18:41:47","guid":{"rendered":"https:\/\/zaccagnini.ar\/?page_id=408"},"modified":"2020-02-07T13:13:54","modified_gmt":"2020-02-07T16:13:54","slug":"gremialista","status":"publish","type":"page","link":"https:\/\/zaccagnini.ar\/index.php\/gremialista\/","title":{"rendered":"GREMIALISTA"},"content":{"rendered":"\n<figure class=\"wp-block-image size-large\"><img loading=\"lazy\" decoding=\"async\" width=\"1024\" height=\"470\" src=\"https:\/\/zaccagnini.ar\/wp-content\/uploads\/2020\/02\/Jornada-CTT-1024x470.jpg\" alt=\"\" class=\"wp-image-530\" srcset=\"https:\/\/zaccagnini.ar\/wp-content\/uploads\/2020\/02\/Jornada-CTT-1024x470.jpg 1024w, https:\/\/zaccagnini.ar\/wp-content\/uploads\/2020\/02\/Jornada-CTT-300x138.jpg 300w, https:\/\/zaccagnini.ar\/wp-content\/uploads\/2020\/02\/Jornada-CTT-768x353.jpg 768w, https:\/\/zaccagnini.ar\/wp-content\/uploads\/2020\/02\/Jornada-CTT-1536x705.jpg 1536w, https:\/\/zaccagnini.ar\/wp-content\/uploads\/2020\/02\/Jornada-CTT-2048x940.jpg 2048w\" sizes=\"auto, (max-width: 1024px) 100vw, 1024px\" \/><\/figure>\n\n\n\n<p><a href=\"https:\/\/zaccagnini.ar\/index.php\/gremialista\/jornada-el-movimiento-obrero-gestiona-debate-y-propone\/\">Expositor en la Jornada \u00abEl Movimiento Obrero gestiona, debate y propone\u00bb organizada por el Frente Sindical, la Corriente Federal, las 62 Organizaciones Peronistas y las dos CTA (2019)<\/a><\/p>\n\n\n\n<p><a href=\"https:\/\/zaccagnini.ar\/index.php\/gremialista\/grupo-vallese-en-la-confederacion-general-del-trabajo\/\">Integrante del Grupo Vallese en la Confederaci\u00f3n General del Trabajo (2016)<\/a><\/p>\n\n\n\n<p><a href=\"https:\/\/zaccagnini.ar\/wp-admin\/post.php?post=532&amp;action=edit\">Expositor en el Seminario de lanzamiento de la Confederaci\u00f3n de Trabajadores Tecnol\u00f3gicos (2015)<\/a><\/p>\n\n\n\n<p><a href=\"https:\/\/zaccagnini.ar\/index.php\/centro-de-capacitacion-profesional-lorenzo-m-miguel-de-la-union-obrera-metalurgica\/\">Director del Centro de Capacitaci\u00f3n Profesional \u201cLorenzo M. Miguel\u201d de la Uni\u00f3n  Obrera Metal\u00fargica Seccional Capital (2012) <\/a><\/p>\n\n\n\n<p><a href=\"https:\/\/zaccagnini.ar\/index.php\/gremialista\/asociacion-de-trabajadores-de-procesamiento-de-datos-atpd\/\">Fundador y primer Secretario General de la Asociaci\u00f3n de Trabajadores de procesamiento de Datos ATPD (1973)<\/a><\/p>\n","protected":false},"excerpt":{"rendered":"<div class=\"mh-excerpt\"><p>Expositor en la Jornada \u00abEl Movimiento Obrero gestiona, debate y propone\u00bb organizada por el Frente Sindical, la Corriente Federal, las 62 Organizaciones Peronistas y las dos CTA (2019) Integrante del Grupo Vallese en la Confederaci\u00f3n General del Trabajo (2016) Expositor en el Seminario de lanzamiento de la Confederaci\u00f3n de Trabajadores Tecnol\u00f3gicos (2015) Director del Centro de Capacitaci\u00f3n Profesional \u201cLorenzo M. <a class=\"mh-excerpt-more\" href=\"https:\/\/zaccagnini.ar\/index.php\/gremialista\/\" title=\"GREMIALISTA\">[&#8230;]<\/a><\/p>\n<\/div>","protected":false},"author":1,"featured_media":530,"parent":0,"menu_order":0,"comment_status":"closed","ping_status":"closed","template":"","meta":{"footnotes":""},"categories":[32],"tags":[],"class_list":["post-408","page","type-page","status-publish","has-post-thumbnail","hentry","category-gremialista"],"_links":{"self":[{"href":"https:\/\/zaccagnini.ar\/index.php\/wp-json\/wp\/v2\/pages\/408","targetHints":{"allow":["GET"]}}],"collection":[{"href":"https:\/\/zaccagnini.ar\/index.php\/wp-json\/wp\/v2\/pages"}],"about":[{"href":"https:\/\/zaccagnini.ar\/index.php\/wp-json\/wp\/v2\/types\/page"}],"author":[{"embeddable":true,"href":"https:\/\/zaccagnini.ar\/index.php\/wp-json\/wp\/v2\/users\/1"}],"replies":[{"embeddable":true,"href":"https:\/\/zaccagnini.ar\/index.php\/wp-json\/wp\/v2\/comments?post=408"}],"version-history":[{"count":10,"href":"https:\/\/zaccagnini.ar\/index.php\/wp-json\/wp\/v2\/pages\/408\/revisions"}],"predecessor-version":[{"id":830,"href":"https:\/\/zaccagnini.ar\/index.php\/wp-json\/wp\/v2\/pages\/408\/revisions\/830"}],"wp:featuredmedia":[{"embeddable":true,"href":"https:\/\/zaccagnini.ar\/index.php\/wp-json\/wp\/v2\/media\/530"}],"wp:attachment":[{"href":"https:\/\/zaccagnini.ar\/index.php\/wp-json\/wp\/v2\/media?parent=408"}],"wp:term":[{"taxonomy":"category","embeddable":true,"href":"https:\/\/zaccagnini.ar\/index.php\/wp-json\/wp\/v2\/categories?post=408"},{"taxonomy":"post_tag","embeddable":true,"href":"https:\/\/zaccagnini.ar\/index.php\/wp-json\/wp\/v2\/tags?post=408"}],"curies":[{"name":"wp","href":"https:\/\/api.w.org\/{rel}","templated":true}]}}