{"id":406,"date":"2020-02-03T15:41:21","date_gmt":"2020-02-03T18:41:21","guid":{"rendered":"https:\/\/zaccagnini.ar\/?page_id=406"},"modified":"2020-02-05T20:20:01","modified_gmt":"2020-02-05T23:20:01","slug":"periodista","status":"publish","type":"page","link":"https:\/\/zaccagnini.ar\/index.php\/periodista\/","title":{"rendered":"PERIODISTA"},"content":{"rendered":"\n<figure class=\"wp-block-image size-large\"><img loading=\"lazy\" decoding=\"async\" width=\"283\" height=\"397\" src=\"https:\/\/zaccagnini.ar\/wp-content\/uploads\/2020\/02\/MI261-TAPA-.jpg\" alt=\"\" class=\"wp-image-440\" srcset=\"https:\/\/zaccagnini.ar\/wp-content\/uploads\/2020\/02\/MI261-TAPA-.jpg 283w, https:\/\/zaccagnini.ar\/wp-content\/uploads\/2020\/02\/MI261-TAPA--214x300.jpg 214w\" sizes=\"auto, (max-width: 283px) 100vw, 283px\" \/><\/figure>\n\n\n\n<p> <a href=\"https:\/\/zaccagnini.ar\/index.php\/periodista\/mi-club-tecnologico\/\">Director del multimedio especializado MI Club Tecnol\u00f3gico. <\/a><\/p>\n\n\n\n<p><a href=\"https:\/\/zaccagnini.ar\/index.php\/periodista\/telam-ciencia-y-tecno\/\">Creador y editor del Suplemento Ciencia y Tecno de la Agencia Nacional de Noticas TELAM (2012)<\/a><\/p>\n\n\n\n<p> <a href=\"https:\/\/zaccagnini.ar\/index.php\/periodista\/mundo-informatico\/\">Director del peri\u00f3dico especializado Mundo Inform\u00e1tico (1989)<\/a><\/p>\n","protected":false},"excerpt":{"rendered":"<div class=\"mh-excerpt\"><p>Director del multimedio especializado MI Club Tecnol\u00f3gico. Creador y editor del Suplemento Ciencia y Tecno de la Agencia Nacional de Noticas TELAM (2012) Director del peri\u00f3dico especializado Mundo Inform\u00e1tico (1989)<\/p>\n<\/div>","protected":false},"author":1,"featured_media":0,"parent":0,"menu_order":0,"comment_status":"closed","ping_status":"closed","template":"","meta":{"footnotes":""},"categories":[],"tags":[],"class_list":["post-406","page","type-page","status-publish","hentry"],"_links":{"self":[{"href":"https:\/\/zaccagnini.ar\/index.php\/wp-json\/wp\/v2\/pages\/406","targetHints":{"allow":["GET"]}}],"collection":[{"href":"https:\/\/zaccagnini.ar\/index.php\/wp-json\/wp\/v2\/pages"}],"about":[{"href":"https:\/\/zaccagnini.ar\/index.php\/wp-json\/wp\/v2\/types\/page"}],"author":[{"embeddable":true,"href":"https:\/\/zaccagnini.ar\/index.php\/wp-json\/wp\/v2\/users\/1"}],"replies":[{"embeddable":true,"href":"https:\/\/zaccagnini.ar\/index.php\/wp-json\/wp\/v2\/comments?post=406"}],"version-history":[{"count":6,"href":"https:\/\/zaccagnini.ar\/index.php\/wp-json\/wp\/v2\/pages\/406\/revisions"}],"predecessor-version":[{"id":810,"href":"https:\/\/zaccagnini.ar\/index.php\/wp-json\/wp\/v2\/pages\/406\/revisions\/810"}],"wp:attachment":[{"href":"https:\/\/zaccagnini.ar\/index.php\/wp-json\/wp\/v2\/media?parent=406"}],"wp:term":[{"taxonomy":"category","embeddable":true,"href":"https:\/\/zaccagnini.ar\/index.php\/wp-json\/wp\/v2\/categories?post=406"},{"taxonomy":"post_tag","embeddable":true,"href":"https:\/\/zaccagnini.ar\/index.php\/wp-json\/wp\/v2\/tags?post=406"}],"curies":[{"name":"wp","href":"https:\/\/api.w.org\/{rel}","templated":true}]}}