{"id":1160,"date":"2019-02-18T11:06:00","date_gmt":"2019-02-18T14:06:00","guid":{"rendered":"https:\/\/zaccagnini.ar\/?page_id=1160"},"modified":"2020-02-18T11:13:23","modified_gmt":"2020-02-18T14:13:23","slug":"por-el-consejo-profesional-en-ciencias-informaticas-c-p-c-i","status":"publish","type":"page","link":"https:\/\/zaccagnini.ar\/index.php\/universitario\/por-el-consejo-profesional-en-ciencias-informaticas-c-p-c-i\/","title":{"rendered":"por el Consejo Profesional en Ciencias Inform\u00e1ticas C.P.C.I ."},"content":{"rendered":"\n<p><img loading=\"lazy\" decoding=\"async\" width=\"50\" height=\"58\" class=\"wp-image-1072\" style=\"width: 50px;\" src=\"https:\/\/zaccagnini.ar\/wp-content\/uploads\/2020\/02\/ANOTADOR.gif\" alt=\"\"><strong><em> \u00abMi participaci\u00f3n en el CPCI se dio por la invitaci\u00f3n a formar parte de la iniciativa que me realiz\u00f3 su creador, Fern\u00e1ndez Iriart. Nunca fui un impulsor activo de esta instituci\u00f3n y, en consecuencia, no quise formar parte de su Consejo Directivo. En cambio, me sum\u00e9 como Presidente del Tribunal Arbitral, cuya importante funci\u00f3n inicial era determinar qui\u00e9nes pod\u00edan ser miembros de la instituci\u00f3n, una decisi\u00f3n de la que depend\u00edan los llamados id\u00f3neos, profesionales inform\u00e1ticos cuya formaci\u00f3n y desarrollo laboral se realiz\u00f3 en una \u00e9poca en la que pr\u00e1cticamente no exist\u00edan carreras universitarias y, mucho menos, graduados. Tuve la matr\u00edcula N\u00b0 2, que a\u00fan conservo.\u00bb <\/em><\/strong><\/p>\n\n\n\n<figure class=\"wp-block-image size-large\"><img loading=\"lazy\" decoding=\"async\" width=\"752\" height=\"1024\" src=\"https:\/\/zaccagnini.ar\/wp-content\/uploads\/2020\/01\/CPCI01-752x1024.jpg\" alt=\"\" class=\"wp-image-38\" srcset=\"https:\/\/zaccagnini.ar\/wp-content\/uploads\/2020\/01\/CPCI01-752x1024.jpg 752w, https:\/\/zaccagnini.ar\/wp-content\/uploads\/2020\/01\/CPCI01-220x300.jpg 220w, https:\/\/zaccagnini.ar\/wp-content\/uploads\/2020\/01\/CPCI01-768x1046.jpg 768w, https:\/\/zaccagnini.ar\/wp-content\/uploads\/2020\/01\/CPCI01-1128x1536.jpg 1128w, https:\/\/zaccagnini.ar\/wp-content\/uploads\/2020\/01\/CPCI01-300x409.jpg 300w, https:\/\/zaccagnini.ar\/wp-content\/uploads\/2020\/01\/CPCI01.jpg 1465w\" sizes=\"auto, (max-width: 752px) 100vw, 752px\" \/><figcaption><strong>ENTREGA DE MATR\u00cdCULAS EN EL AULA MAGNA DE LA U.T.N.<\/strong><\/figcaption><\/figure>\n\n\n\n<p><\/p>\n","protected":false},"excerpt":{"rendered":"<div class=\"mh-excerpt\"><p>\u00abMi participaci\u00f3n en el CPCI se dio por la invitaci\u00f3n a formar parte de la iniciativa que me realiz\u00f3 su creador, Fern\u00e1ndez Iriart. Nunca fui un impulsor activo de esta instituci\u00f3n y, en consecuencia, no quise formar parte de su Consejo Directivo. En cambio, me sum\u00e9 como Presidente del Tribunal Arbitral, cuya importante funci\u00f3n inicial era determinar qui\u00e9nes pod\u00edan ser <a class=\"mh-excerpt-more\" href=\"https:\/\/zaccagnini.ar\/index.php\/universitario\/por-el-consejo-profesional-en-ciencias-informaticas-c-p-c-i\/\" title=\"por el Consejo Profesional en Ciencias Inform\u00e1ticas C.P.C.I .\">[&#8230;]<\/a><\/p>\n<\/div>","protected":false},"author":1,"featured_media":1161,"parent":426,"menu_order":0,"comment_status":"closed","ping_status":"closed","template":"","meta":{"footnotes":""},"categories":[37],"tags":[],"class_list":["post-1160","page","type-page","status-publish","has-post-thumbnail","hentry","category-universitario"],"_links":{"self":[{"href":"https:\/\/zaccagnini.ar\/index.php\/wp-json\/wp\/v2\/pages\/1160","targetHints":{"allow":["GET"]}}],"collection":[{"href":"https:\/\/zaccagnini.ar\/index.php\/wp-json\/wp\/v2\/pages"}],"about":[{"href":"https:\/\/zaccagnini.ar\/index.php\/wp-json\/wp\/v2\/types\/page"}],"author":[{"embeddable":true,"href":"https:\/\/zaccagnini.ar\/index.php\/wp-json\/wp\/v2\/users\/1"}],"replies":[{"embeddable":true,"href":"https:\/\/zaccagnini.ar\/index.php\/wp-json\/wp\/v2\/comments?post=1160"}],"version-history":[{"count":2,"href":"https:\/\/zaccagnini.ar\/index.php\/wp-json\/wp\/v2\/pages\/1160\/revisions"}],"predecessor-version":[{"id":1163,"href":"https:\/\/zaccagnini.ar\/index.php\/wp-json\/wp\/v2\/pages\/1160\/revisions\/1163"}],"up":[{"embeddable":true,"href":"https:\/\/zaccagnini.ar\/index.php\/wp-json\/wp\/v2\/pages\/426"}],"wp:featuredmedia":[{"embeddable":true,"href":"https:\/\/zaccagnini.ar\/index.php\/wp-json\/wp\/v2\/media\/1161"}],"wp:attachment":[{"href":"https:\/\/zaccagnini.ar\/index.php\/wp-json\/wp\/v2\/media?parent=1160"}],"wp:term":[{"taxonomy":"category","embeddable":true,"href":"https:\/\/zaccagnini.ar\/index.php\/wp-json\/wp\/v2\/categories?post=1160"},{"taxonomy":"post_tag","embeddable":true,"href":"https:\/\/zaccagnini.ar\/index.php\/wp-json\/wp\/v2\/tags?post=1160"}],"curies":[{"name":"wp","href":"https:\/\/api.w.org\/{rel}","templated":true}]}}