{"id":1068,"date":"2020-02-15T17:45:32","date_gmt":"2020-02-15T20:45:32","guid":{"rendered":"https:\/\/zaccagnini.ar\/?page_id=1068"},"modified":"2020-02-18T10:57:35","modified_gmt":"2020-02-18T13:57:35","slug":"por-la-universidad-nacional-de-quilmes","status":"publish","type":"page","link":"https:\/\/zaccagnini.ar\/index.php\/universitario\/por-la-universidad-nacional-de-quilmes\/","title":{"rendered":"por la Universidad Nacional de Quilmes"},"content":{"rendered":"\n<p><img loading=\"lazy\" decoding=\"async\" width=\"50\" height=\"58\" class=\"wp-image-1072\" style=\"width: 50px;\" src=\"https:\/\/zaccagnini.ar\/wp-content\/uploads\/2020\/02\/ANOTADOR.gif\" alt=\"\"> <strong><em>\u00abEn 1996, cuando me incorpor\u00e9 a la Universidad Nacional de Quilmes, esa notable casa de estudios del conurbano bonaerense carec\u00eda de infraestructura inform\u00e1tica. Me toc\u00f3 a m\u00ed desarrollarla junto a un magn\u00edfico grupo de compa\u00f1eros y compa\u00f1eras. Varios a\u00f1os trabaj\u00e9 para alcanzar ese objetivo, que culmin\u00f3 con el inicio de conversaciones con la Universitat Oberta de Catalunya para instalar la primera universidad virtual del pa\u00eds.\u00bb<\/em><\/strong><\/p>\n\n\n\n<figure class=\"wp-block-image size-large\"><img loading=\"lazy\" decoding=\"async\" width=\"333\" height=\"151\" src=\"https:\/\/zaccagnini.ar\/wp-content\/uploads\/2020\/02\/LOGO-UNQ.jpg\" alt=\"\" class=\"wp-image-1069\" srcset=\"https:\/\/zaccagnini.ar\/wp-content\/uploads\/2020\/02\/LOGO-UNQ.jpg 333w, https:\/\/zaccagnini.ar\/wp-content\/uploads\/2020\/02\/LOGO-UNQ-300x136.jpg 300w\" sizes=\"auto, (max-width: 333px) 100vw, 333px\" \/><\/figure>\n\n\n\n<div style=\"display:block\">\n<!-- FlowPaper PDF flipbook plugin v.2.0.7 wordpress.org\/plugins\/flowpaper\/ -->\n<iframe title=\"FlowPaper flipbook pdf viewer\" width=\"100%\" height=\"500\" scrolling=\"no\" class=\"flowpaper-class\" frameborder=\"0\" allowFullScreen=\"true\" lightbox=\"false\" cover id src = \"https:\/\/flowpaper.com\/flipbook\/?pdf=https:\/\/zaccagnini.ar\/wp-content\/uploads\/2020\/02\/UNQ-Numero-2.pdf?wp-hosted=1&title=&header=&theme=&singlepage=&thumbs=1&modified=2002181057\" seamless=\"seamless\" style=\"margin-bottom:0;display:block;\">Your browser does not seem to support iframes. <a href=\"https:\/\/flowpaper.com\/flipbook\/?pdf=https:\/\/zaccagnini.ar\/wp-content\/uploads\/2020\/02\/UNQ-Numero-2.pdf?wp-hosted=1\" target=\"_blank\">Click here to read this PDF<\/a>.<\/iframe>\n<div id=\"flowpaper-logo-bottom\" class=\"flowpaper-logo-bg\" style=\"background:linear-gradient(to right, rgba(0,0,0,0.65) 0%,rgba(0,0,0,0) 200px);width:100%;height:19px; padding-bottom: 1px; padding-left: 5px; padding-right: 10px; display: flex; align-items: center;z-index:9999\"><span style=\"height: 37px; padding-left: 6px;width:90%\"> <a id=\"flowpaper-link\" style=\"fill: #fff\" alt=\"FlowPaper logotype\" title=\"FlowPaper logotype\" href=\"https:\/\/flowpaper.com\" target=\"_blank\"> <img decoding=\"async\" alt=\"Publish PDF flipbooks online\" style=\"height:17px;width:auto;margin-top:11px;\" src=\"https:\/\/zaccagnini.ar\/wp-content\/plugins\/flowpaper-lite-pdf-flipbook\/assets\/flowpaper-logo.png\" border=\"0\"> <\/a> <\/span><span style=\" float: right; right: 0; font-size: 10px; white-space: nowrap; opacity:0.8\"><a href=\"https:\/\/flowpaper.com\/flipbook-maker\/\" target=\"_new\" style=\"text-decoration:none;border-bottom:none;\">Created using FlowPaper Flipbook Maker &#8599;<\/a><\/span><\/div><\/div>\r\n                <script>\r\n                document.addEventListener(\"DOMContentLoaded\", function(){\r\n                    var target_element, iframe_element;\r\n                    iframe_element = document.querySelector(\"iframe.flowpaper-class\");\r\n                    target_element = document.querySelector(\"\");\r\n                    iframe_element.style.height = target_element.offsetHeight + \"px\";\r\n                });\r\n                <\/script>\r\n            \n\n\n\n<div style=\"display:block\">\n<!-- FlowPaper PDF flipbook plugin v.2.0.7 wordpress.org\/plugins\/flowpaper\/ -->\n<iframe title=\"FlowPaper flipbook pdf viewer\" width=\"100%\" height=\"500\" scrolling=\"no\" class=\"flowpaper-class\" frameborder=\"0\" allowFullScreen=\"true\" lightbox=\"false\" cover id src = \"https:\/\/flowpaper.com\/flipbook\/?pdf=https:\/\/zaccagnini.ar\/wp-content\/uploads\/2020\/02\/UNQ-Numero-3.pdf?wp-hosted=1&title=&header=&theme=&singlepage=&thumbs=1&modified=2002181057\" seamless=\"seamless\" style=\"margin-bottom:0;display:block;\">Your browser does not seem to support iframes. <a href=\"https:\/\/flowpaper.com\/flipbook\/?pdf=https:\/\/zaccagnini.ar\/wp-content\/uploads\/2020\/02\/UNQ-Numero-3.pdf?wp-hosted=1\" target=\"_blank\">Click here to read this PDF<\/a>.<\/iframe>\n<div id=\"flowpaper-logo-bottom\" class=\"flowpaper-logo-bg\" style=\"background:linear-gradient(to right, rgba(0,0,0,0.65) 0%,rgba(0,0,0,0) 200px);width:100%;height:19px; padding-bottom: 1px; padding-left: 5px; padding-right: 10px; display: flex; align-items: center;z-index:9999\"><span style=\"height: 37px; padding-left: 6px;width:90%\"> <a id=\"flowpaper-link\" style=\"fill: #fff\" alt=\"FlowPaper logotype\" title=\"FlowPaper logotype\" href=\"https:\/\/flowpaper.com\" target=\"_blank\"> <img decoding=\"async\" alt=\"Publish PDF flipbooks online\" style=\"height:17px;width:auto;margin-top:11px;\" src=\"https:\/\/zaccagnini.ar\/wp-content\/plugins\/flowpaper-lite-pdf-flipbook\/assets\/flowpaper-logo.png\" border=\"0\"> <\/a> <\/span><span style=\" float: right; right: 0; font-size: 10px; white-space: nowrap; opacity:0.8\"><a href=\"https:\/\/flowpaper.com\/flipbook-maker\/\" target=\"_new\" style=\"text-decoration:none;border-bottom:none;\">Created using FlowPaper Flipbook Maker &#8599;<\/a><\/span><\/div><\/div>\r\n                <script>\r\n                document.addEventListener(\"DOMContentLoaded\", function(){\r\n                    var target_element, iframe_element;\r\n                    iframe_element = document.querySelector(\"iframe.flowpaper-class\");\r\n                    target_element = document.querySelector(\"\");\r\n                    iframe_element.style.height = target_element.offsetHeight + \"px\";\r\n                });\r\n                <\/script>\r\n            \n\n\n\n<div style=\"display:block\">\n<!-- FlowPaper PDF flipbook plugin v.2.0.7 wordpress.org\/plugins\/flowpaper\/ -->\n<iframe title=\"FlowPaper flipbook pdf viewer\" width=\"100%\" height=\"500\" scrolling=\"no\" class=\"flowpaper-class\" frameborder=\"0\" allowFullScreen=\"true\" lightbox=\"false\" cover id src = \"https:\/\/flowpaper.com\/flipbook\/?pdf=https:\/\/zaccagnini.ar\/wp-content\/uploads\/2020\/02\/UNQ-Numero-4.pdf?wp-hosted=1&title=&header=&theme=&singlepage=&thumbs=1&modified=2002181057\" seamless=\"seamless\" style=\"margin-bottom:0;display:block;\">Your browser does not seem to support iframes. <a href=\"https:\/\/flowpaper.com\/flipbook\/?pdf=https:\/\/zaccagnini.ar\/wp-content\/uploads\/2020\/02\/UNQ-Numero-4.pdf?wp-hosted=1\" target=\"_blank\">Click here to read this PDF<\/a>.<\/iframe>\n<div id=\"flowpaper-logo-bottom\" class=\"flowpaper-logo-bg\" style=\"background:linear-gradient(to right, rgba(0,0,0,0.65) 0%,rgba(0,0,0,0) 200px);width:100%;height:19px; padding-bottom: 1px; padding-left: 5px; padding-right: 10px; display: flex; align-items: center;z-index:9999\"><span style=\"height: 37px; padding-left: 6px;width:90%\"> <a id=\"flowpaper-link\" style=\"fill: #fff\" alt=\"FlowPaper logotype\" title=\"FlowPaper logotype\" href=\"https:\/\/flowpaper.com\" target=\"_blank\"> <img decoding=\"async\" alt=\"Publish PDF flipbooks online\" style=\"height:17px;width:auto;margin-top:11px;\" src=\"https:\/\/zaccagnini.ar\/wp-content\/plugins\/flowpaper-lite-pdf-flipbook\/assets\/flowpaper-logo.png\" border=\"0\"> <\/a> <\/span><span style=\" float: right; right: 0; font-size: 10px; white-space: nowrap; opacity:0.8\"><a href=\"https:\/\/flowpaper.com\/flipbook-maker\/\" target=\"_new\" style=\"text-decoration:none;border-bottom:none;\">Created using FlowPaper Flipbook Maker &#8599;<\/a><\/span><\/div><\/div>\r\n                <script>\r\n                document.addEventListener(\"DOMContentLoaded\", function(){\r\n                    var target_element, iframe_element;\r\n                    iframe_element = document.querySelector(\"iframe.flowpaper-class\");\r\n                    target_element = document.querySelector(\"\");\r\n                    iframe_element.style.height = target_element.offsetHeight + \"px\";\r\n                });\r\n                <\/script>\r\n            \n\n\n\n<div style=\"display:block\">\n<!-- FlowPaper PDF flipbook plugin v.2.0.7 wordpress.org\/plugins\/flowpaper\/ -->\n<iframe title=\"FlowPaper flipbook pdf viewer\" width=\"100%\" height=\"500\" scrolling=\"no\" class=\"flowpaper-class\" frameborder=\"0\" allowFullScreen=\"true\" lightbox=\"false\" cover id src = \"https:\/\/flowpaper.com\/flipbook\/?pdf=https:\/\/zaccagnini.ar\/wp-content\/uploads\/2020\/02\/UNQ-Numero-5.pdf?wp-hosted=1&title=&header=&theme=&singlepage=&thumbs=1&modified=2002181057\" seamless=\"seamless\" style=\"margin-bottom:0;display:block;\">Your browser does not seem to support iframes. <a href=\"https:\/\/flowpaper.com\/flipbook\/?pdf=https:\/\/zaccagnini.ar\/wp-content\/uploads\/2020\/02\/UNQ-Numero-5.pdf?wp-hosted=1\" target=\"_blank\">Click here to read this PDF<\/a>.<\/iframe>\n<div id=\"flowpaper-logo-bottom\" class=\"flowpaper-logo-bg\" style=\"background:linear-gradient(to right, rgba(0,0,0,0.65) 0%,rgba(0,0,0,0) 200px);width:100%;height:19px; padding-bottom: 1px; padding-left: 5px; padding-right: 10px; display: flex; align-items: center;z-index:9999\"><span style=\"height: 37px; padding-left: 6px;width:90%\"> <a id=\"flowpaper-link\" style=\"fill: #fff\" alt=\"FlowPaper logotype\" title=\"FlowPaper logotype\" href=\"https:\/\/flowpaper.com\" target=\"_blank\"> <img decoding=\"async\" alt=\"Publish PDF flipbooks online\" style=\"height:17px;width:auto;margin-top:11px;\" src=\"https:\/\/zaccagnini.ar\/wp-content\/plugins\/flowpaper-lite-pdf-flipbook\/assets\/flowpaper-logo.png\" border=\"0\"> <\/a> <\/span><span style=\" float: right; right: 0; font-size: 10px; white-space: nowrap; opacity:0.8\"><a href=\"https:\/\/flowpaper.com\/flipbook-maker\/\" target=\"_new\" style=\"text-decoration:none;border-bottom:none;\">Created using FlowPaper Flipbook Maker &#8599;<\/a><\/span><\/div><\/div>\r\n                <script>\r\n                document.addEventListener(\"DOMContentLoaded\", function(){\r\n                    var target_element, iframe_element;\r\n                    iframe_element = document.querySelector(\"iframe.flowpaper-class\");\r\n                    target_element = document.querySelector(\"\");\r\n                    iframe_element.style.height = target_element.offsetHeight + \"px\";\r\n                });\r\n                <\/script>\r\n            \n","protected":false},"excerpt":{"rendered":"<div class=\"mh-excerpt\"><p>\u00abEn 1996, cuando me incorpor\u00e9 a la Universidad Nacional de Quilmes, esa notable casa de estudios del conurbano bonaerense carec\u00eda de infraestructura inform\u00e1tica. Me toc\u00f3 a m\u00ed desarrollarla junto a un magn\u00edfico grupo de compa\u00f1eros y compa\u00f1eras. Varios a\u00f1os trabaj\u00e9 para alcanzar ese objetivo, que culmin\u00f3 con el inicio de conversaciones con la Universitat Oberta de Catalunya para instalar la <a class=\"mh-excerpt-more\" href=\"https:\/\/zaccagnini.ar\/index.php\/universitario\/por-la-universidad-nacional-de-quilmes\/\" title=\"por la Universidad Nacional de Quilmes\">[&#8230;]<\/a><\/p>\n<\/div>","protected":false},"author":1,"featured_media":1069,"parent":426,"menu_order":0,"comment_status":"closed","ping_status":"closed","template":"","meta":{"footnotes":""},"categories":[37],"tags":[],"class_list":["post-1068","page","type-page","status-publish","has-post-thumbnail","hentry","category-universitario"],"_links":{"self":[{"href":"https:\/\/zaccagnini.ar\/index.php\/wp-json\/wp\/v2\/pages\/1068","targetHints":{"allow":["GET"]}}],"collection":[{"href":"https:\/\/zaccagnini.ar\/index.php\/wp-json\/wp\/v2\/pages"}],"about":[{"href":"https:\/\/zaccagnini.ar\/index.php\/wp-json\/wp\/v2\/types\/page"}],"author":[{"embeddable":true,"href":"https:\/\/zaccagnini.ar\/index.php\/wp-json\/wp\/v2\/users\/1"}],"replies":[{"embeddable":true,"href":"https:\/\/zaccagnini.ar\/index.php\/wp-json\/wp\/v2\/comments?post=1068"}],"version-history":[{"count":4,"href":"https:\/\/zaccagnini.ar\/index.php\/wp-json\/wp\/v2\/pages\/1068\/revisions"}],"predecessor-version":[{"id":1158,"href":"https:\/\/zaccagnini.ar\/index.php\/wp-json\/wp\/v2\/pages\/1068\/revisions\/1158"}],"up":[{"embeddable":true,"href":"https:\/\/zaccagnini.ar\/index.php\/wp-json\/wp\/v2\/pages\/426"}],"wp:featuredmedia":[{"embeddable":true,"href":"https:\/\/zaccagnini.ar\/index.php\/wp-json\/wp\/v2\/media\/1069"}],"wp:attachment":[{"href":"https:\/\/zaccagnini.ar\/index.php\/wp-json\/wp\/v2\/media?parent=1068"}],"wp:term":[{"taxonomy":"category","embeddable":true,"href":"https:\/\/zaccagnini.ar\/index.php\/wp-json\/wp\/v2\/categories?post=1068"},{"taxonomy":"post_tag","embeddable":true,"href":"https:\/\/zaccagnini.ar\/index.php\/wp-json\/wp\/v2\/tags?post=1068"}],"curies":[{"name":"wp","href":"https:\/\/api.w.org\/{rel}","templated":true}]}}