{"id":1052,"date":"2020-01-31T16:55:00","date_gmt":"2020-01-31T19:55:00","guid":{"rendered":"https:\/\/zaccagnini.ar\/?page_id=1052"},"modified":"2020-02-17T13:22:59","modified_gmt":"2020-02-17T16:22:59","slug":"comision-de-economia-del-partido-justicialista-nacional","status":"publish","type":"page","link":"https:\/\/zaccagnini.ar\/index.php\/militante-politico\/comision-de-economia-del-partido-justicialista-nacional\/","title":{"rendered":"Comisi\u00f3n de Econom\u00eda del Partido Justicialista Nacional"},"content":{"rendered":"\n<p><img loading=\"lazy\" decoding=\"async\" width=\"50\" height=\"58\" class=\"wp-image-1072\" style=\"width: 50px;\" src=\"https:\/\/zaccagnini.ar\/wp-content\/uploads\/2020\/02\/ANOTADOR.gif\" alt=\"\"> <strong><em>\u00abForm\u00e9 parte de la Comisi\u00f3n de Econom\u00eda del PJ Nacional, espacio que re\u00fane a la casi totalidad de economistas del peronismo de todas las l\u00edneas internas. Invitado por su Presidente Guillermo Moreno, aport\u00e9 la mirada tecnol\u00f3gica sobre los procesos econ\u00f3micos.\u00bb  <\/em><\/strong><\/p>\n\n\n\n<figure class=\"wp-block-embed-youtube aligncenter wp-block-embed is-type-video is-provider-youtube wp-embed-aspect-16-9 wp-has-aspect-ratio\"><div class=\"wp-block-embed__wrapper\">\n<iframe loading=\"lazy\"  id=\"_ytid_60428\"  width=\"480\" height=\"270\"  data-origwidth=\"480\" data-origheight=\"270\"  data-relstop=\"1\" src=\"https:\/\/www.youtube.com\/embed\/IX3pmmMbe20?enablejsapi=1&#038;autoplay=0&#038;cc_load_policy=0&#038;cc_lang_pref=&#038;iv_load_policy=1&#038;loop=0&#038;rel=0&#038;fs=1&#038;playsinline=0&#038;autohide=2&#038;theme=dark&#038;color=red&#038;controls=1&#038;disablekb=0&#038;\" class=\"__youtube_prefs__  epyt-is-override  no-lazyload\" title=\"YouTube player\"  allow=\"fullscreen; accelerometer; autoplay; clipboard-write; encrypted-media; gyroscope; picture-in-picture; web-share\" referrerpolicy=\"strict-origin-when-cross-origin\" allowfullscreen data-no-lazy=\"1\" data-skipgform_ajax_framebjll=\"\"><\/iframe>\n<\/div><figcaption> <strong>EXPOSICI\u00d3N DE JORGE ZACCAGNINI EN LA JORNADA \u00abACUERDO SOCIAL PARA EL DESARROLLO PERMANENTE Y SUSTENTABLE\u00bb COMO MIEMBRO DE LA COMISI\u00d3N DE ECONOM\u00cdA DEL PJ NACIONAL. FEBRERO DE 2019.<\/strong>  <\/figcaption><\/figure>\n\n\n\n<figure class=\"wp-block-embed-youtube aligncenter wp-block-embed is-type-video is-provider-youtube wp-embed-aspect-16-9 wp-has-aspect-ratio\"><div class=\"wp-block-embed__wrapper\">\n<iframe loading=\"lazy\"  id=\"_ytid_56946\"  width=\"480\" height=\"270\"  data-origwidth=\"480\" data-origheight=\"270\"  data-relstop=\"1\" src=\"https:\/\/www.youtube.com\/embed\/Uokfp6NQCsE?enablejsapi=1&#038;autoplay=0&#038;cc_load_policy=0&#038;cc_lang_pref=&#038;iv_load_policy=1&#038;loop=0&#038;rel=0&#038;fs=1&#038;playsinline=0&#038;autohide=2&#038;theme=dark&#038;color=red&#038;controls=1&#038;disablekb=0&#038;\" class=\"__youtube_prefs__  epyt-is-override  no-lazyload\" title=\"YouTube player\"  allow=\"fullscreen; accelerometer; autoplay; clipboard-write; encrypted-media; gyroscope; picture-in-picture; web-share\" referrerpolicy=\"strict-origin-when-cross-origin\" allowfullscreen data-no-lazy=\"1\" data-skipgform_ajax_framebjll=\"\"><\/iframe>\n<\/div><figcaption><strong>ZACCAGNINI PARTICIPA DE LA REUNI\u00d3N EN LA QUE LA COMISI\u00d3N DE ECONOM\u00cdA DEl PJN LE RECLAMA AL FMI  LA MODIFICACI\u00d3N DEL PR\u00c9STAMO A LA ARGENTINA SOLICITADO POR EL GOBIERNO DE MAURICIO MACRI. SETIEMBRE DE 2018 <\/strong><\/figcaption><\/figure>\n\n\n\n<p><\/p>\n","protected":false},"excerpt":{"rendered":"<div class=\"mh-excerpt\"><p>\u00abForm\u00e9 parte de la Comisi\u00f3n de Econom\u00eda del PJ Nacional, espacio que re\u00fane a la casi totalidad de economistas del peronismo de todas las l\u00edneas internas. Invitado por su Presidente Guillermo Moreno, aport\u00e9 la mirada tecnol\u00f3gica sobre los procesos econ\u00f3micos.\u00bb<\/p>\n<\/div>","protected":false},"author":1,"featured_media":1053,"parent":417,"menu_order":8,"comment_status":"closed","ping_status":"closed","template":"","meta":{"footnotes":""},"categories":[33],"tags":[],"class_list":["post-1052","page","type-page","status-publish","has-post-thumbnail","hentry","category-militante-politico"],"_links":{"self":[{"href":"https:\/\/zaccagnini.ar\/index.php\/wp-json\/wp\/v2\/pages\/1052","targetHints":{"allow":["GET"]}}],"collection":[{"href":"https:\/\/zaccagnini.ar\/index.php\/wp-json\/wp\/v2\/pages"}],"about":[{"href":"https:\/\/zaccagnini.ar\/index.php\/wp-json\/wp\/v2\/types\/page"}],"author":[{"embeddable":true,"href":"https:\/\/zaccagnini.ar\/index.php\/wp-json\/wp\/v2\/users\/1"}],"replies":[{"embeddable":true,"href":"https:\/\/zaccagnini.ar\/index.php\/wp-json\/wp\/v2\/comments?post=1052"}],"version-history":[{"count":5,"href":"https:\/\/zaccagnini.ar\/index.php\/wp-json\/wp\/v2\/pages\/1052\/revisions"}],"predecessor-version":[{"id":1114,"href":"https:\/\/zaccagnini.ar\/index.php\/wp-json\/wp\/v2\/pages\/1052\/revisions\/1114"}],"up":[{"embeddable":true,"href":"https:\/\/zaccagnini.ar\/index.php\/wp-json\/wp\/v2\/pages\/417"}],"wp:featuredmedia":[{"embeddable":true,"href":"https:\/\/zaccagnini.ar\/index.php\/wp-json\/wp\/v2\/media\/1053"}],"wp:attachment":[{"href":"https:\/\/zaccagnini.ar\/index.php\/wp-json\/wp\/v2\/media?parent=1052"}],"wp:term":[{"taxonomy":"category","embeddable":true,"href":"https:\/\/zaccagnini.ar\/index.php\/wp-json\/wp\/v2\/categories?post=1052"},{"taxonomy":"post_tag","embeddable":true,"href":"https:\/\/zaccagnini.ar\/index.php\/wp-json\/wp\/v2\/tags?post=1052"}],"curies":[{"name":"wp","href":"https:\/\/api.w.org\/{rel}","templated":true}]}}