{"id":1042,"date":"2020-02-01T15:40:00","date_gmt":"2020-02-01T18:40:00","guid":{"rendered":"https:\/\/zaccagnini.ar\/?page_id=1042"},"modified":"2020-02-17T13:23:42","modified_gmt":"2020-02-17T16:23:42","slug":"fraude-electoral-a-traves-del-voto-electronico","status":"publish","type":"page","link":"https:\/\/zaccagnini.ar\/index.php\/militante-politico\/fraude-electoral-a-traves-del-voto-electronico\/","title":{"rendered":"Fraude Electoral a trav\u00e9s del voto electr\u00f3nico"},"content":{"rendered":"\n<p><img loading=\"lazy\" decoding=\"async\" width=\"50\" height=\"58\" class=\"wp-image-1072\" style=\"width: 50px;\" src=\"https:\/\/zaccagnini.ar\/wp-content\/uploads\/2020\/02\/ANOTADOR.gif\" alt=\"\"><strong><em>\u00abTempranamente, a principios de 2019, advert\u00ed y asesor\u00e9 al apoderado del PJ Nacional Jorge Landau, sobre los riesgos de fraude que implicaba la estrategia del gobierno macrista sobre el Sistema Electoral. Lo acompa\u00f1\u00e9 en todas las gestiones que el partido realiz\u00f3 ante el gobierno y la Justicia Electoral.\u00bb <\/em><\/strong>  <\/p>\n\n\n\n<figure class=\"wp-block-embed-youtube aligncenter wp-block-embed is-type-video is-provider-youtube wp-embed-aspect-4-3 wp-has-aspect-ratio\"><div class=\"wp-block-embed__wrapper\">\n<iframe loading=\"lazy\"  id=\"_ytid_95843\"  width=\"480\" height=\"360\"  data-origwidth=\"480\" data-origheight=\"360\"  data-relstop=\"1\" src=\"https:\/\/www.youtube.com\/embed\/Oc7cxzQr6vI?enablejsapi=1&#038;autoplay=0&#038;cc_load_policy=0&#038;cc_lang_pref=&#038;iv_load_policy=1&#038;loop=0&#038;rel=0&#038;fs=1&#038;playsinline=0&#038;autohide=2&#038;theme=dark&#038;color=red&#038;controls=1&#038;disablekb=0&#038;\" class=\"__youtube_prefs__  epyt-is-override  no-lazyload\" title=\"YouTube player\"  allow=\"fullscreen; accelerometer; autoplay; clipboard-write; encrypted-media; gyroscope; picture-in-picture; web-share\" referrerpolicy=\"strict-origin-when-cross-origin\" allowfullscreen data-no-lazy=\"1\" data-skipgform_ajax_framebjll=\"\"><\/iframe>\n<\/div><figcaption><strong>Exposici\u00f3n en el Consejo de Empresarios Nacionales CEN de Jorge Zaccagnini sobre la posibilidad de fraude electoral en las elecciones nacionales  de 2019. <\/strong><\/figcaption><\/figure>\n\n\n\n<figure class=\"wp-block-embed-youtube aligncenter wp-block-embed is-type-video is-provider-youtube wp-embed-aspect-4-3 wp-has-aspect-ratio\"><div class=\"wp-block-embed__wrapper\">\n<iframe loading=\"lazy\"  id=\"_ytid_11478\"  width=\"480\" height=\"360\"  data-origwidth=\"480\" data-origheight=\"360\"  data-relstop=\"1\" src=\"https:\/\/www.youtube.com\/embed\/Kdop92p8Jik?enablejsapi=1&#038;autoplay=0&#038;cc_load_policy=0&#038;cc_lang_pref=&#038;iv_load_policy=1&#038;loop=0&#038;rel=0&#038;fs=1&#038;playsinline=0&#038;autohide=2&#038;theme=dark&#038;color=red&#038;controls=1&#038;disablekb=0&#038;\" class=\"__youtube_prefs__  epyt-is-override  no-lazyload\" title=\"YouTube player\"  allow=\"fullscreen; accelerometer; autoplay; clipboard-write; encrypted-media; gyroscope; picture-in-picture; web-share\" referrerpolicy=\"strict-origin-when-cross-origin\" allowfullscreen data-no-lazy=\"1\" data-skipgform_ajax_framebjll=\"\"><\/iframe>\n<\/div><figcaption><strong> Jorge Zaccagnini denuncia la trampa electoral que encierra el voto electr\u00f3nico que se intent\u00f3 implementar durante el gobierno macrista. Mayo de 2019<\/strong> <\/figcaption><\/figure>\n\n\n\n<p class=\"has-text-color has-text-align-center has-vivid-cyan-blue-color\"><strong>FUERTE CUESTIONAMIENTO DEL PARTIDO\nJUSTICIALISTA A LA REFORMA AL SISTEMA ELECTORAL<\/strong><\/p>\n\n\n\n<p class=\"has-text-align-center\"><strong>Present\u00f3 al\nMinisterio del Interior un pedido de aclaraci\u00f3n que ha tomado como propias las\nobservaciones que elevara a la conducci\u00f3n nacional, el tecn\u00f3logo peronista\nJorge Zaccagnini, especialista en Seguridad de la Informaci\u00f3n.<\/strong><\/p>\n\n\n\n<p>El\napoderado del Partido Justicialista Nacional, Dr. Jorge Landau, present\u00f3 al\nMinisterio del Interior un pedido de aclaraci\u00f3n sobre el sistema de recuento\nprovisional de resultados a implementarse en las pr\u00f3ximas elecciones primarias\ny generales.<\/p>\n\n\n\n<p>En\ndicha presentaci\u00f3n, el Partido Justicialista Nacional ha tomado como propias\nlas observaciones que elevara a la conducci\u00f3n nacional, el tecn\u00f3logo peronista\nJorge Zaccagnini, especialista en Seguridad de la Informaci\u00f3n.<\/p>\n\n\n\n<p>El\nPartido Justicialista cuestiona fuertemente diversos aspectos del sistema, y\ndenuncia \u201cla falta de voluntad de hacer part\u00edcipes a las agrupaciones pol\u00edticas\nde tal demostraci\u00f3n a efectos que las mismas puedan hacer las observaciones\nfundadas que fuera menester\u201d.<\/p>\n\n\n\n<p>Respecto\na las 15.000 netbooks y esc\u00e1neres que proveer\u00e1 Educ.Ar y que el gobierno\nanunci\u00f3 que va a utilizar en el proceso de captura y transmisi\u00f3n, el PJ\npregunta si son nuevos o reciclados y \u201cSi los mismos tienen un dise\u00f1o y una fabricaci\u00f3n\nadecuados para la tarea que deber\u00e1n realizar\u201d. Tambi\u00e9n denuncia que se\ndesconoce \u201ccu\u00e1l es la infraestructura de mantenimiento y reparaci\u00f3n que\nasegurar\u00e1n su operatividad durante el proceso electora\u201dl. Y agrega: que \u201ctampoco\nse conoce&nbsp;cu\u00e1l ser\u00e1 el procedimiento en el caso que el colegio no pueda\ntransmitir los datos por la v\u00eda prevista, un escenario de alta probabilidad, ya\nsea porque la computadora no funcione correctamente, porque el colegio no tenga\nuna conexi\u00f3n satisfactoria con Internet en el momento de realizar la\ntransmisi\u00f3n o carezca accidental o permanentemente de energ\u00eda el\u00e9ctrica.<\/p>\n\n\n\n<p>En lo\nque hace al software contratado para la transmisi\u00f3n de datos, el PJ plantea que\n\u201cest\u00e1 desarrollado por una empresa privada y es de c\u00f3digo cerrado. No ha intervenido\nninguna universidad o instituci\u00f3n oficial que analice el c\u00f3digo abierto y\ndictamine sobre la conveniencia y confiabilidad de su uso. Adem\u00e1s, no ha sido\nprobado en el pa\u00eds en ninguna elecci\u00f3n, lo que constituye un hecho que\nincrementa su riesgo operativo, en especial al utilizarlo en una elecci\u00f3n de la\ntrascendencia pol\u00edtica y de la magnitud de esta elecci\u00f3n nacional.\u201d<\/p>\n\n\n\n<p>A estos cuestionamientos referidos al sistema\nde transmisi\u00f3n, el documento agrega &nbsp;que\n\u201cla preocupaci\u00f3n observada en el gobierno por tecnificar la transmisi\u00f3n de\nestos datos se contrapone con el hecho de que todos los resultados de todas las\nmesas de todo el pa\u00eds se cargan mediante un ej\u00e9rcito de operadores que ingresan\nla informaci\u00f3n manualmente\u201d, y denuncia la existencia de \u201cuna evidente\ndesigualdad entre la capacidad de procesamiento de los resultados de cada mesa\nque propone el nuevo sistema y la que pueden implementar los partidos\npol\u00edticos.&nbsp;Dicha desigualdad es de tal magnitud que desnaturaliza el rol\nde control que deben ejercer los partidos intervinientes sobre el acto\neleccionario\u201d.<\/p>\n\n\n\n<p>El Partida Justicialista termina el documento reclamando \u201cla informaci\u00f3n t\u00e9cnica detallada sobre todo el equipamiento a utilizar y el software de trasmisi\u00f3n contratado, la realizaci\u00f3n de una prueba operativa piloto de todo el sistema desde una escuela, incluyendo la utilizaci\u00f3n del software de trasmisi\u00f3n\u201d y exigiendo una \u201crespuesta a los hallazgos incluidos en este documento sobre la implementaci\u00f3n del sistema de recuento provisional de resultados\u201d.<\/p>\n","protected":false},"excerpt":{"rendered":"<div class=\"mh-excerpt\"><p>\u00abTempranamente, a principios de 2019, advert\u00ed y asesor\u00e9 al apoderado del PJ Nacional Jorge Landau, sobre los riesgos de fraude que implicaba la estrategia del gobierno macrista sobre el Sistema Electoral. Lo acompa\u00f1\u00e9 en todas las gestiones que el partido realiz\u00f3 ante el gobierno y la Justicia Electoral.\u00bb FUERTE CUESTIONAMIENTO DEL PARTIDO JUSTICIALISTA A LA REFORMA AL SISTEMA ELECTORAL Present\u00f3 <a class=\"mh-excerpt-more\" href=\"https:\/\/zaccagnini.ar\/index.php\/militante-politico\/fraude-electoral-a-traves-del-voto-electronico\/\" title=\"Fraude Electoral a trav\u00e9s del voto electr\u00f3nico\">[&#8230;]<\/a><\/p>\n<\/div>","protected":false},"author":1,"featured_media":1057,"parent":417,"menu_order":9,"comment_status":"closed","ping_status":"closed","template":"","meta":{"footnotes":""},"categories":[33],"tags":[],"class_list":["post-1042","page","type-page","status-publish","has-post-thumbnail","hentry","category-militante-politico"],"_links":{"self":[{"href":"https:\/\/zaccagnini.ar\/index.php\/wp-json\/wp\/v2\/pages\/1042","targetHints":{"allow":["GET"]}}],"collection":[{"href":"https:\/\/zaccagnini.ar\/index.php\/wp-json\/wp\/v2\/pages"}],"about":[{"href":"https:\/\/zaccagnini.ar\/index.php\/wp-json\/wp\/v2\/types\/page"}],"author":[{"embeddable":true,"href":"https:\/\/zaccagnini.ar\/index.php\/wp-json\/wp\/v2\/users\/1"}],"replies":[{"embeddable":true,"href":"https:\/\/zaccagnini.ar\/index.php\/wp-json\/wp\/v2\/comments?post=1042"}],"version-history":[{"count":6,"href":"https:\/\/zaccagnini.ar\/index.php\/wp-json\/wp\/v2\/pages\/1042\/revisions"}],"predecessor-version":[{"id":1115,"href":"https:\/\/zaccagnini.ar\/index.php\/wp-json\/wp\/v2\/pages\/1042\/revisions\/1115"}],"up":[{"embeddable":true,"href":"https:\/\/zaccagnini.ar\/index.php\/wp-json\/wp\/v2\/pages\/417"}],"wp:featuredmedia":[{"embeddable":true,"href":"https:\/\/zaccagnini.ar\/index.php\/wp-json\/wp\/v2\/media\/1057"}],"wp:attachment":[{"href":"https:\/\/zaccagnini.ar\/index.php\/wp-json\/wp\/v2\/media?parent=1042"}],"wp:term":[{"taxonomy":"category","embeddable":true,"href":"https:\/\/zaccagnini.ar\/index.php\/wp-json\/wp\/v2\/categories?post=1042"},{"taxonomy":"post_tag","embeddable":true,"href":"https:\/\/zaccagnini.ar\/index.php\/wp-json\/wp\/v2\/tags?post=1042"}],"curies":[{"name":"wp","href":"https:\/\/api.w.org\/{rel}","templated":true}]}}