{"id":1009,"date":"2020-01-14T07:46:12","date_gmt":"2020-01-14T10:46:12","guid":{"rendered":"https:\/\/zaccagnini.ar\/?page_id=1009"},"modified":"2020-02-18T10:28:38","modified_gmt":"2020-02-18T13:28:38","slug":"produccion-nacional-trabajo-digno","status":"publish","type":"page","link":"https:\/\/zaccagnini.ar\/index.php\/ensayista\/produccion-nacional-trabajo-digno\/","title":{"rendered":"PRODUCCI\u00d3N NACIONAL + TRABAJO DIGNO"},"content":{"rendered":"\n<p class=\"has-text-align-center\"><img loading=\"lazy\" decoding=\"async\" width=\"50\" height=\"58\" class=\"wp-image-1072\" style=\"width: 50px;\" src=\"https:\/\/zaccagnini.ar\/wp-content\/uploads\/2020\/02\/ANOTADOR.gif\" alt=\"\"><strong><em>\u00abSeguido con sumo inter\u00e9s por el p\u00fablico presente, en julio de 2017 expuse el concepto de Tecnolog\u00eda Conveniente en la clase abierta organizada por el Instituto de Formaci\u00f3n y Actualizaci\u00f3n Pol\u00edtica.<\/em><\/strong>\u00ab<\/p>\n\n\n\n<figure class=\"wp-block-image size-large\"><img loading=\"lazy\" decoding=\"async\" width=\"757\" height=\"1009\" src=\"https:\/\/zaccagnini.ar\/wp-content\/uploads\/2020\/02\/IFAP-ZACCAGNINI.jpg\" alt=\"\" class=\"wp-image-1010\" srcset=\"https:\/\/zaccagnini.ar\/wp-content\/uploads\/2020\/02\/IFAP-ZACCAGNINI.jpg 757w, https:\/\/zaccagnini.ar\/wp-content\/uploads\/2020\/02\/IFAP-ZACCAGNINI-225x300.jpg 225w\" sizes=\"auto, (max-width: 757px) 100vw, 757px\" \/><\/figure>\n\n\n\n<figure class=\"wp-block-embed-youtube wp-block-embed is-type-video is-provider-youtube wp-embed-aspect-16-9 wp-has-aspect-ratio\"><div class=\"wp-block-embed__wrapper\">\n<iframe loading=\"lazy\"  id=\"_ytid_28041\"  width=\"480\" height=\"270\"  data-origwidth=\"480\" data-origheight=\"270\"  data-relstop=\"1\" src=\"https:\/\/www.youtube.com\/embed\/a5Lr2wjkX5k?enablejsapi=1&#038;autoplay=0&#038;cc_load_policy=0&#038;cc_lang_pref=&#038;iv_load_policy=1&#038;loop=0&#038;rel=0&#038;fs=1&#038;playsinline=0&#038;autohide=2&#038;theme=dark&#038;color=red&#038;controls=1&#038;disablekb=0&#038;\" class=\"__youtube_prefs__  epyt-is-override  no-lazyload\" title=\"YouTube player\"  allow=\"fullscreen; accelerometer; autoplay; clipboard-write; encrypted-media; gyroscope; picture-in-picture; web-share\" referrerpolicy=\"strict-origin-when-cross-origin\" allowfullscreen data-no-lazy=\"1\" data-skipgform_ajax_framebjll=\"\"><\/iframe>\n<\/div><\/figure>\n","protected":false},"excerpt":{"rendered":"<div class=\"mh-excerpt\"><p>\u00abSeguido con sumo inter\u00e9s por el p\u00fablico presente, en julio de 2017 expuse el concepto de Tecnolog\u00eda Conveniente en la clase abierta organizada por el Instituto de Formaci\u00f3n y Actualizaci\u00f3n Pol\u00edtica.\u00ab<\/p>\n<\/div>","protected":false},"author":1,"featured_media":1010,"parent":424,"menu_order":1,"comment_status":"closed","ping_status":"closed","template":"","meta":{"footnotes":""},"categories":[41],"tags":[],"class_list":["post-1009","page","type-page","status-publish","has-post-thumbnail","hentry","category-publicaciones"],"_links":{"self":[{"href":"https:\/\/zaccagnini.ar\/index.php\/wp-json\/wp\/v2\/pages\/1009","targetHints":{"allow":["GET"]}}],"collection":[{"href":"https:\/\/zaccagnini.ar\/index.php\/wp-json\/wp\/v2\/pages"}],"about":[{"href":"https:\/\/zaccagnini.ar\/index.php\/wp-json\/wp\/v2\/types\/page"}],"author":[{"embeddable":true,"href":"https:\/\/zaccagnini.ar\/index.php\/wp-json\/wp\/v2\/users\/1"}],"replies":[{"embeddable":true,"href":"https:\/\/zaccagnini.ar\/index.php\/wp-json\/wp\/v2\/comments?post=1009"}],"version-history":[{"count":4,"href":"https:\/\/zaccagnini.ar\/index.php\/wp-json\/wp\/v2\/pages\/1009\/revisions"}],"predecessor-version":[{"id":1139,"href":"https:\/\/zaccagnini.ar\/index.php\/wp-json\/wp\/v2\/pages\/1009\/revisions\/1139"}],"up":[{"embeddable":true,"href":"https:\/\/zaccagnini.ar\/index.php\/wp-json\/wp\/v2\/pages\/424"}],"wp:featuredmedia":[{"embeddable":true,"href":"https:\/\/zaccagnini.ar\/index.php\/wp-json\/wp\/v2\/media\/1010"}],"wp:attachment":[{"href":"https:\/\/zaccagnini.ar\/index.php\/wp-json\/wp\/v2\/media?parent=1009"}],"wp:term":[{"taxonomy":"category","embeddable":true,"href":"https:\/\/zaccagnini.ar\/index.php\/wp-json\/wp\/v2\/categories?post=1009"},{"taxonomy":"post_tag","embeddable":true,"href":"https:\/\/zaccagnini.ar\/index.php\/wp-json\/wp\/v2\/tags?post=1009"}],"curies":[{"name":"wp","href":"https:\/\/api.w.org\/{rel}","templated":true}]}}