{"id":1002,"date":"2020-01-10T07:06:00","date_gmt":"2020-01-10T10:06:00","guid":{"rendered":"https:\/\/zaccagnini.ar\/?page_id=1002"},"modified":"2020-02-18T10:29:11","modified_gmt":"2020-02-18T13:29:11","slug":"la-informatica-argentina-con-ojos-peronistas","status":"publish","type":"page","link":"https:\/\/zaccagnini.ar\/index.php\/ensayista\/la-informatica-argentina-con-ojos-peronistas\/","title":{"rendered":"LA INFORM\u00c1TICA ARGENTINA CON OJOS PERONISTAS"},"content":{"rendered":"\n<p class=\"has-text-align-center\"><strong><em><img loading=\"lazy\" decoding=\"async\" width=\"50\" height=\"58\" class=\"wp-image-1072\" style=\"width: 50px;\" src=\"https:\/\/zaccagnini.ar\/wp-content\/uploads\/2020\/02\/ANOTADOR.gif\" alt=\"\">\u00bb &#8216;Inform\u00e1tica Argentina: Una Mirada Peronista&#8217; se denomin\u00f3 mi exposici\u00f3n en IFAP el 30 de octubre de 2017.\u00bb<\/em><\/strong><\/p>\n\n\n\n<figure class=\"wp-block-image size-large\"><img loading=\"lazy\" decoding=\"async\" width=\"529\" height=\"417\" src=\"https:\/\/zaccagnini.ar\/wp-content\/uploads\/2020\/02\/una-mirada-peronista.jpg\" alt=\"\" class=\"wp-image-1005\" srcset=\"https:\/\/zaccagnini.ar\/wp-content\/uploads\/2020\/02\/una-mirada-peronista.jpg 529w, https:\/\/zaccagnini.ar\/wp-content\/uploads\/2020\/02\/una-mirada-peronista-300x236.jpg 300w\" sizes=\"auto, (max-width: 529px) 100vw, 529px\" \/><\/figure>\n\n\n\n<figure class=\"wp-block-embed-youtube wp-block-embed is-type-video is-provider-youtube wp-embed-aspect-16-9 wp-has-aspect-ratio\"><div class=\"wp-block-embed__wrapper\">\n<iframe loading=\"lazy\"  id=\"_ytid_20552\"  width=\"480\" height=\"270\"  data-origwidth=\"480\" data-origheight=\"270\"  data-relstop=\"1\" src=\"https:\/\/www.youtube.com\/embed\/VA7B9nvpkgo?enablejsapi=1&#038;autoplay=0&#038;cc_load_policy=0&#038;cc_lang_pref=&#038;iv_load_policy=1&#038;loop=0&#038;rel=0&#038;fs=1&#038;playsinline=0&#038;autohide=2&#038;theme=dark&#038;color=red&#038;controls=1&#038;disablekb=0&#038;\" class=\"__youtube_prefs__  epyt-is-override  no-lazyload\" title=\"YouTube player\"  allow=\"fullscreen; accelerometer; autoplay; clipboard-write; encrypted-media; gyroscope; picture-in-picture; web-share\" referrerpolicy=\"strict-origin-when-cross-origin\" allowfullscreen data-no-lazy=\"1\" data-skipgform_ajax_framebjll=\"\"><\/iframe>\n<\/div><\/figure>\n","protected":false},"excerpt":{"rendered":"<div class=\"mh-excerpt\"><p>\u00bb &#8216;Inform\u00e1tica Argentina: Una Mirada Peronista&#8217; se denomin\u00f3 mi exposici\u00f3n en IFAP el 30 de octubre de 2017.\u00bb<\/p>\n<\/div>","protected":false},"author":1,"featured_media":1005,"parent":424,"menu_order":1,"comment_status":"closed","ping_status":"closed","template":"","meta":{"footnotes":""},"categories":[41],"tags":[],"class_list":["post-1002","page","type-page","status-publish","has-post-thumbnail","hentry","category-publicaciones"],"_links":{"self":[{"href":"https:\/\/zaccagnini.ar\/index.php\/wp-json\/wp\/v2\/pages\/1002","targetHints":{"allow":["GET"]}}],"collection":[{"href":"https:\/\/zaccagnini.ar\/index.php\/wp-json\/wp\/v2\/pages"}],"about":[{"href":"https:\/\/zaccagnini.ar\/index.php\/wp-json\/wp\/v2\/types\/page"}],"author":[{"embeddable":true,"href":"https:\/\/zaccagnini.ar\/index.php\/wp-json\/wp\/v2\/users\/1"}],"replies":[{"embeddable":true,"href":"https:\/\/zaccagnini.ar\/index.php\/wp-json\/wp\/v2\/comments?post=1002"}],"version-history":[{"count":5,"href":"https:\/\/zaccagnini.ar\/index.php\/wp-json\/wp\/v2\/pages\/1002\/revisions"}],"predecessor-version":[{"id":1141,"href":"https:\/\/zaccagnini.ar\/index.php\/wp-json\/wp\/v2\/pages\/1002\/revisions\/1141"}],"up":[{"embeddable":true,"href":"https:\/\/zaccagnini.ar\/index.php\/wp-json\/wp\/v2\/pages\/424"}],"wp:featuredmedia":[{"embeddable":true,"href":"https:\/\/zaccagnini.ar\/index.php\/wp-json\/wp\/v2\/media\/1005"}],"wp:attachment":[{"href":"https:\/\/zaccagnini.ar\/index.php\/wp-json\/wp\/v2\/media?parent=1002"}],"wp:term":[{"taxonomy":"category","embeddable":true,"href":"https:\/\/zaccagnini.ar\/index.php\/wp-json\/wp\/v2\/categories?post=1002"},{"taxonomy":"post_tag","embeddable":true,"href":"https:\/\/zaccagnini.ar\/index.php\/wp-json\/wp\/v2\/tags?post=1002"}],"curies":[{"name":"wp","href":"https:\/\/api.w.org\/{rel}","templated":true}]}}